{"id":12063,"date":"2025-11-15T03:12:22","date_gmt":"2025-11-15T02:12:22","guid":{"rendered":"https:\/\/perubienal.com\/?page_id=12063"},"modified":"2025-12-05T03:38:26","modified_gmt":"2025-12-05T02:38:26","slug":"2026-residents","status":"publish","type":"page","link":"https:\/\/perubienal.com\/en\/2026-residents\/","title":{"rendered":"2026 residents"},"content":{"rendered":"\t\t<div data-elementor-type=\"wp-page\" data-elementor-id=\"12063\" class=\"elementor elementor-12063\">\n\t\t\t\t\t\t<section class=\"elementor-section elementor-top-section elementor-element elementor-element-z6n6dv4 elementor-section-content-middle elementor-section-boxed elementor-section-height-default elementor-section-height-default\" data-id=\"z6n6dv4\" data-element_type=\"section\" data-settings=\"{&quot;background_background&quot;:&quot;classic&quot;}\">\n\t\t\t\t\t\t\t<div class=\"elementor-background-overlay\"><\/div>\n\t\t\t\t\t\t\t<div class=\"elementor-container elementor-column-gap-no\">\n\t\t\t\t\t<div class=\"elementor-column elementor-col-100 elementor-top-column elementor-element elementor-element-fc33e9d\" data-id=\"fc33e9d\" data-element_type=\"column\">\n\t\t\t<div class=\"elementor-widget-wrap elementor-element-populated\">\n\t\t\t\t\t\t<div class=\"elementor-element elementor-element-0277a21 elementor-widget elementor-widget-heading\" data-id=\"0277a21\" data-element_type=\"widget\" data-widget_type=\"heading.default\">\n\t\t\t\t<div class=\"elementor-widget-container\">\n\t\t\t<style>\/*! elementor - v3.21.0 - 30-04-2024 *\/\n.elementor-heading-title{padding:0;margin:0;line-height:1}.elementor-widget-heading .elementor-heading-title[class*=elementor-size-]>a{color:inherit;font-size:inherit;line-height:inherit}.elementor-widget-heading .elementor-heading-title.elementor-size-small{font-size:15px}.elementor-widget-heading .elementor-heading-title.elementor-size-medium{font-size:19px}.elementor-widget-heading .elementor-heading-title.elementor-size-large{font-size:29px}.elementor-widget-heading .elementor-heading-title.elementor-size-xl{font-size:39px}.elementor-widget-heading .elementor-heading-title.elementor-size-xxl{font-size:59px}<\/style><h4 class=\"elementor-heading-title elementor-size-default\">Peru Bienal<\/h4>\t\t<\/div>\n\t\t\t\t<\/div>\n\t\t\t\t<div class=\"elementor-element elementor-element-66c4eb3 elementor-widget elementor-widget-heading\" data-id=\"66c4eb3\" data-element_type=\"widget\" data-widget_type=\"heading.default\">\n\t\t\t\t<div class=\"elementor-widget-container\">\n\t\t\t<h1 class=\"elementor-heading-title elementor-size-default\">2026 <br>Art Residency Program<br><\/h1>\t\t<\/div>\n\t\t\t\t<\/div>\n\t\t\t\t<div class=\"elementor-element elementor-element-5812487 elementor-widget-divider--view-line elementor-widget elementor-widget-divider\" data-id=\"5812487\" data-element_type=\"widget\" data-widget_type=\"divider.default\">\n\t\t\t\t<div class=\"elementor-widget-container\">\n\t\t\t<style>\/*! elementor - v3.21.0 - 30-04-2024 *\/\n.elementor-widget-divider{--divider-border-style:none;--divider-border-width:1px;--divider-color:#0c0d0e;--divider-icon-size:20px;--divider-element-spacing:10px;--divider-pattern-height:24px;--divider-pattern-size:20px;--divider-pattern-url:none;--divider-pattern-repeat:repeat-x}.elementor-widget-divider .elementor-divider{display:flex}.elementor-widget-divider .elementor-divider__text{font-size:15px;line-height:1;max-width:95%}.elementor-widget-divider .elementor-divider__element{margin:0 var(--divider-element-spacing);flex-shrink:0}.elementor-widget-divider .elementor-icon{font-size:var(--divider-icon-size)}.elementor-widget-divider .elementor-divider-separator{display:flex;margin:0;direction:ltr}.elementor-widget-divider--view-line_icon .elementor-divider-separator,.elementor-widget-divider--view-line_text .elementor-divider-separator{align-items:center}.elementor-widget-divider--view-line_icon .elementor-divider-separator:after,.elementor-widget-divider--view-line_icon .elementor-divider-separator:before,.elementor-widget-divider--view-line_text .elementor-divider-separator:after,.elementor-widget-divider--view-line_text .elementor-divider-separator:before{display:block;content:\"\";border-block-end:0;flex-grow:1;border-block-start:var(--divider-border-width) var(--divider-border-style) var(--divider-color)}.elementor-widget-divider--element-align-left .elementor-divider .elementor-divider-separator>.elementor-divider__svg:first-of-type{flex-grow:0;flex-shrink:100}.elementor-widget-divider--element-align-left .elementor-divider-separator:before{content:none}.elementor-widget-divider--element-align-left .elementor-divider__element{margin-left:0}.elementor-widget-divider--element-align-right .elementor-divider .elementor-divider-separator>.elementor-divider__svg:last-of-type{flex-grow:0;flex-shrink:100}.elementor-widget-divider--element-align-right .elementor-divider-separator:after{content:none}.elementor-widget-divider--element-align-right .elementor-divider__element{margin-right:0}.elementor-widget-divider--element-align-start .elementor-divider .elementor-divider-separator>.elementor-divider__svg:first-of-type{flex-grow:0;flex-shrink:100}.elementor-widget-divider--element-align-start .elementor-divider-separator:before{content:none}.elementor-widget-divider--element-align-start .elementor-divider__element{margin-inline-start:0}.elementor-widget-divider--element-align-end .elementor-divider .elementor-divider-separator>.elementor-divider__svg:last-of-type{flex-grow:0;flex-shrink:100}.elementor-widget-divider--element-align-end .elementor-divider-separator:after{content:none}.elementor-widget-divider--element-align-end .elementor-divider__element{margin-inline-end:0}.elementor-widget-divider:not(.elementor-widget-divider--view-line_text):not(.elementor-widget-divider--view-line_icon) .elementor-divider-separator{border-block-start:var(--divider-border-width) var(--divider-border-style) var(--divider-color)}.elementor-widget-divider--separator-type-pattern{--divider-border-style:none}.elementor-widget-divider--separator-type-pattern.elementor-widget-divider--view-line .elementor-divider-separator,.elementor-widget-divider--separator-type-pattern:not(.elementor-widget-divider--view-line) .elementor-divider-separator:after,.elementor-widget-divider--separator-type-pattern:not(.elementor-widget-divider--view-line) .elementor-divider-separator:before,.elementor-widget-divider--separator-type-pattern:not([class*=elementor-widget-divider--view]) .elementor-divider-separator{width:100%;min-height:var(--divider-pattern-height);-webkit-mask-size:var(--divider-pattern-size) 100%;mask-size:var(--divider-pattern-size) 100%;-webkit-mask-repeat:var(--divider-pattern-repeat);mask-repeat:var(--divider-pattern-repeat);background-color:var(--divider-color);-webkit-mask-image:var(--divider-pattern-url);mask-image:var(--divider-pattern-url)}.elementor-widget-divider--no-spacing{--divider-pattern-size:auto}.elementor-widget-divider--bg-round{--divider-pattern-repeat:round}.rtl .elementor-widget-divider .elementor-divider__text{direction:rtl}.e-con-inner>.elementor-widget-divider,.e-con>.elementor-widget-divider{width:var(--container-widget-width,100%);--flex-grow:var(--container-widget-flex-grow)}<\/style>\t\t<div class=\"elementor-divider\">\n\t\t\t<span class=\"elementor-divider-separator\">\n\t\t\t\t\t\t<\/span>\n\t\t<\/div>\n\t\t\t\t<\/div>\n\t\t\t\t<\/div>\n\t\t\t\t\t<\/div>\n\t\t<\/div>\n\t\t\t\t\t<\/div>\n\t\t<\/section>\n\t\t\t\t<section class=\"elementor-section elementor-top-section elementor-element elementor-element-md8i960 elementor-section-content-middle elementor-reverse-mobile elementor-section-boxed elementor-section-height-default elementor-section-height-default\" data-id=\"md8i960\" data-element_type=\"section\" data-settings=\"{&quot;background_background&quot;:&quot;classic&quot;}\">\n\t\t\t\t\t\t<div class=\"elementor-container elementor-column-gap-no\">\n\t\t\t\t\t<div class=\"elementor-column elementor-col-50 elementor-top-column elementor-element elementor-element-1205895\" data-id=\"1205895\" data-element_type=\"column\">\n\t\t\t<div class=\"elementor-widget-wrap elementor-element-populated\">\n\t\t\t\t\t\t<div class=\"elementor-element elementor-element-ab2f802 elementor-widget elementor-widget-heading\" data-id=\"ab2f802\" data-element_type=\"widget\" data-widget_type=\"heading.default\">\n\t\t\t\t<div class=\"elementor-widget-container\">\n\t\t\t<h1 class=\"elementor-heading-title elementor-size-default\">the list<\/h1>\t\t<\/div>\n\t\t\t\t<\/div>\n\t\t\t\t<div class=\"elementor-element elementor-element-f250609 elementor-widget elementor-widget-text-editor\" data-id=\"f250609\" data-element_type=\"widget\" data-widget_type=\"text-editor.default\">\n\t\t\t\t<div class=\"elementor-widget-container\">\n\t\t\t<style>\/*! elementor - v3.21.0 - 30-04-2024 *\/\n.elementor-widget-text-editor.elementor-drop-cap-view-stacked .elementor-drop-cap{background-color:#69727d;color:#fff}.elementor-widget-text-editor.elementor-drop-cap-view-framed .elementor-drop-cap{color:#69727d;border:3px solid;background-color:transparent}.elementor-widget-text-editor:not(.elementor-drop-cap-view-default) .elementor-drop-cap{margin-top:8px}.elementor-widget-text-editor:not(.elementor-drop-cap-view-default) .elementor-drop-cap-letter{width:1em;height:1em}.elementor-widget-text-editor .elementor-drop-cap{float:left;text-align:center;line-height:1;font-size:50px}.elementor-widget-text-editor .elementor-drop-cap-letter{display:inline-block}<\/style>\t\t\t\t<p>We are pleased to announce the artists selected for our 2026 Artistic Residencies program. We have selected 50 artists for our residency program, first semester of 2026 from a total of 400 applications.<\/p>\t\t\t\t\t\t<\/div>\n\t\t\t\t<\/div>\n\t\t\t\t\t<\/div>\n\t\t<\/div>\n\t\t\t\t<div class=\"elementor-column elementor-col-50 elementor-top-column elementor-element elementor-element-81eb113\" data-id=\"81eb113\" data-element_type=\"column\">\n\t\t\t<div class=\"elementor-widget-wrap elementor-element-populated\">\n\t\t\t\t\t\t<div class=\"elementor-element elementor-element-6c7f020 elementor-widget elementor-widget-image\" data-id=\"6c7f020\" data-element_type=\"widget\" data-widget_type=\"image.default\">\n\t\t\t\t<div class=\"elementor-widget-container\">\n\t\t\t<style>\/*! elementor - v3.21.0 - 30-04-2024 *\/\n.elementor-widget-image{text-align:center}.elementor-widget-image a{display:inline-block}.elementor-widget-image a img[src$=\".svg\"]{width:48px}.elementor-widget-image img{vertical-align:middle;display:inline-block}<\/style>\t\t\t\t\t\t\t\t\t\t<img fetchpriority=\"high\" decoding=\"async\" width=\"768\" height=\"512\" src=\"https:\/\/perubienal.com\/wp-content\/uploads\/2025\/08\/perubienal667-768x512.jpg\" class=\"attachment-medium_large size-medium_large wp-image-11206\" alt=\"\" srcset=\"https:\/\/perubienal.com\/wp-content\/uploads\/2025\/08\/perubienal667-768x512.jpg 768w, https:\/\/perubienal.com\/wp-content\/uploads\/2025\/08\/perubienal667-300x200.jpg 300w, https:\/\/perubienal.com\/wp-content\/uploads\/2025\/08\/perubienal667-1024x683.jpg 1024w, https:\/\/perubienal.com\/wp-content\/uploads\/2025\/08\/perubienal667-1536x1024.jpg 1536w, https:\/\/perubienal.com\/wp-content\/uploads\/2025\/08\/perubienal667-18x12.jpg 18w, https:\/\/perubienal.com\/wp-content\/uploads\/2025\/08\/perubienal667-600x400.jpg 600w, https:\/\/perubienal.com\/wp-content\/uploads\/2025\/08\/perubienal667.jpg 1920w\" sizes=\"(max-width: 768px) 100vw, 768px\" \/>\t\t\t\t\t\t\t\t\t\t\t\t\t<\/div>\n\t\t\t\t<\/div>\n\t\t\t\t\t<\/div>\n\t\t<\/div>\n\t\t\t\t\t<\/div>\n\t\t<\/section>\n\t\t\t\t<section class=\"elementor-section elementor-top-section elementor-element elementor-element-la76p8u elementor-section-content-middle elementor-section-boxed elementor-section-height-default elementor-section-height-default\" data-id=\"la76p8u\" data-element_type=\"section\" data-settings=\"{&quot;background_background&quot;:&quot;classic&quot;}\">\n\t\t\t\t\t\t\t<div class=\"elementor-background-overlay\"><\/div>\n\t\t\t\t\t\t\t<div class=\"elementor-container elementor-column-gap-no\">\n\t\t\t\t\t<div class=\"elementor-column elementor-col-100 elementor-top-column elementor-element elementor-element-973e357\" data-id=\"973e357\" data-element_type=\"column\">\n\t\t\t<div class=\"elementor-widget-wrap elementor-element-populated\">\n\t\t\t\t\t\t<div class=\"elementor-element elementor-element-e76438a elementor-widget elementor-widget-heading\" data-id=\"e76438a\" data-element_type=\"widget\" data-widget_type=\"heading.default\">\n\t\t\t\t<div class=\"elementor-widget-container\">\n\t\t\t<h2 class=\"elementor-heading-title elementor-size-default\">The List- 2026 Art Residency Program<\/h2>\t\t<\/div>\n\t\t\t\t<\/div>\n\t\t\t\t<div class=\"elementor-element elementor-element-19ec08d elementor-widget elementor-widget-text-editor\" data-id=\"19ec08d\" data-element_type=\"widget\" data-widget_type=\"text-editor.default\">\n\t\t\t\t<div class=\"elementor-widget-container\">\n\t\t\t\t\t\t\t<p><span style=\"font-style: inherit; font-weight: inherit;\">&nbsp;<\/span><\/p>\n<table width=\"398\">\n<tbody>\n<tr>\n<td width=\"235\">Adoli Emmanuele<\/td>\n<td width=\"163\">Uganda&nbsp;<\/td>\n<\/tr>\n<tr>\n<td>Alina Aldea&nbsp;<\/td>\n<td>Romania&nbsp;<\/td>\n<\/tr>\n<tr>\n<td>Ana Golovic&nbsp;<\/td>\n<td>United Arab Emirates<\/td>\n<\/tr>\n<tr>\n<td>Blerina Pagria<\/td>\n<td>Albania&nbsp;<\/td>\n<\/tr>\n<tr>\n<td>Davorka Androi\u0107&nbsp;<\/td>\n<td>Croatia&nbsp;<\/td>\n<\/tr>\n<tr>\n<td>Eszter Julia Nagy<\/td>\n<td>Hungary&nbsp;<\/td>\n<\/tr>\n<tr>\n<td>Esther Cardenas&nbsp;<\/td>\n<td>Peru<\/td>\n<\/tr>\n<tr>\n<td>Fabrice Matondo<\/td>\n<td>Congo<\/td>\n<\/tr>\n<tr>\n<td>Gjenisa Nikolli<\/td>\n<td>Albania&nbsp;<\/td>\n<\/tr>\n<tr>\n<td>Gugulethu Ndlalani&nbsp;<\/td>\n<td>South Africa<\/td>\n<\/tr>\n<tr>\n<td>Ildik\u00f3 Bir\u00f3&nbsp;<\/td>\n<td>Hungary&nbsp;<\/td>\n<\/tr>\n<tr>\n<td>Ilia Arzhnikov<\/td>\n<td>Georgia&nbsp;<\/td>\n<\/tr>\n<tr>\n<td>Iliana&nbsp; Cobos<\/td>\n<td>Argentina&nbsp;<\/td>\n<\/tr>\n<tr>\n<td>Iwa Kruczkowska<\/td>\n<td>Poland<\/td>\n<\/tr>\n<tr>\n<td>Katerina Drakopoulou<\/td>\n<td>United Kingdom<\/td>\n<\/tr>\n<tr>\n<td>Katerina Theodosiou&nbsp;<\/td>\n<td>Cyprus<\/td>\n<\/tr>\n<tr>\n<td>Lefteris Kontopodis&nbsp;<\/td>\n<td>Greece&nbsp;<\/td>\n<\/tr>\n<tr>\n<td>Marco&nbsp; Botero<\/td>\n<td>Colombia&nbsp;<\/td>\n<\/tr>\n<tr>\n<td>Marcus Grysczok<\/td>\n<td>Germany<\/td>\n<\/tr>\n<tr>\n<td>Marija \u0160oln<\/td>\n<td>Serbia&nbsp;<\/td>\n<\/tr>\n<tr>\n<td>Marta Ciolkowska&nbsp;<\/td>\n<td>Poland<\/td>\n<\/tr>\n<tr>\n<td>Marta&nbsp; Eguzquiza<\/td>\n<td>Peru<\/td>\n<\/tr>\n<tr>\n<td>Mee Ping Leung&nbsp;<\/td>\n<td>Hong Kong<\/td>\n<\/tr>\n<tr>\n<td>Mikheil Sulakauri&nbsp;<\/td>\n<td>Georgia&nbsp;<\/td>\n<\/tr>\n<tr>\n<td>&nbsp;Miriam Bonaccorso<\/td>\n<td>Italy<\/td>\n<\/tr>\n<tr>\n<td>Martina Velasco<\/td>\n<td>Panama<\/td>\n<\/tr>\n<tr>\n<td>M\u00dcBERRA B\u00dcLB\u00dcL<\/td>\n<td>Turkey&nbsp;<\/td>\n<\/tr>\n<tr>\n<td>Nadja-Jovanovic<\/td>\n<td>Croatia&nbsp;<\/td>\n<\/tr>\n<tr>\n<td>Noelia Ricaldi<\/td>\n<td>Costa Rica<\/td>\n<\/tr>\n<tr>\n<td>Nick Mendoza<\/td>\n<td>USA&nbsp;<\/td>\n<\/tr>\n<tr>\n<td>Oleg Kim&nbsp;<\/td>\n<td>South Korea- Russia&nbsp;<\/td>\n<\/tr>\n<tr>\n<td>Oscar Madue\u00f1o<\/td>\n<td>Mexico<\/td>\n<\/tr>\n<tr>\n<td>On Thuy Ninh<\/td>\n<td>Vietnam&nbsp;<\/td>\n<\/tr>\n<tr>\n<td>Paco Ibarcena<\/td>\n<td>Uruguay<\/td>\n<\/tr>\n<tr>\n<td>Pelagia Giannoulatou<\/td>\n<td>Greece&nbsp;<\/td>\n<\/tr>\n<tr>\n<td>Pulak Halder&nbsp;<\/td>\n<td>India&nbsp;<\/td>\n<\/tr>\n<tr>\n<td>Sara Camones<\/td>\n<td>Ecuador<\/td>\n<\/tr>\n<tr>\n<td>Sangmin Lee<\/td>\n<td>South Korea&nbsp;<\/td>\n<\/tr>\n<tr>\n<td>Shruti Gaonkar&nbsp;<\/td>\n<td>India&nbsp;<\/td>\n<\/tr>\n<tr>\n<td>Thiago Sanchez&nbsp;<\/td>\n<td>Mexico<\/td>\n<\/tr>\n<tr>\n<td>Tabar Steve<\/td>\n<td>&nbsp;Guadeloupe<\/td>\n<\/tr>\n<tr>\n<td>Tanja Djokic<\/td>\n<td>Serbia&nbsp;<\/td>\n<\/tr>\n<tr>\n<td>Tatjana Radsivilko<\/td>\n<td>Belarus&nbsp;<\/td>\n<\/tr>\n<tr>\n<td>Teljan Ba\u00e7i&nbsp;<\/td>\n<td>Albania&nbsp;<\/td>\n<\/tr>\n<tr>\n<td>Toribio Canales<\/td>\n<td>Colombia&nbsp;<\/td>\n<\/tr>\n<tr>\n<td>Vanja Mervi\u010d&nbsp;<\/td>\n<td>Slovenia&nbsp;<\/td>\n<\/tr>\n<tr>\n<td>Vanya Meier&nbsp;<\/td>\n<td>Germany<\/td>\n<\/tr>\n<tr>\n<td>Varsha Rajput&nbsp;<\/td>\n<td>India&nbsp;<\/td>\n<\/tr>\n<tr>\n<td>Vigen Sayadyan<\/td>\n<td>Armenia&nbsp;<\/td>\n<\/tr>\n<tr>\n<td>Zulema&nbsp; Da Silva<\/td>\n<td>Brazil<\/td>\n<\/tr>\n<\/tbody>\n<\/table>\t\t\t\t\t\t<\/div>\n\t\t\t\t<\/div>\n\t\t\t\t\t<\/div>\n\t\t<\/div>\n\t\t\t\t\t<\/div>\n\t\t<\/section>\n\t\t\t\t<section class=\"elementor-section elementor-top-section elementor-element elementor-element-o2vab1o elementor-section-content-top elementor-section-boxed elementor-section-height-default elementor-section-height-default\" data-id=\"o2vab1o\" data-element_type=\"section\">\n\t\t\t\t\t\t<div class=\"elementor-container elementor-column-gap-default\">\n\t\t\t\t\t<div class=\"elementor-column elementor-col-50 elementor-top-column elementor-element elementor-element-5409532\" data-id=\"5409532\" data-element_type=\"column\">\n\t\t\t<div class=\"elementor-widget-wrap elementor-element-populated\">\n\t\t\t\t\t\t<div class=\"elementor-element elementor-element-88ac1e8 elementor-widget elementor-widget-heading\" data-id=\"88ac1e8\" data-element_type=\"widget\" data-widget_type=\"heading.default\">\n\t\t\t\t<div class=\"elementor-widget-container\">\n\t\t\t<h2 class=\"elementor-heading-title elementor-size-default\">Congratulations<\/h2>\t\t<\/div>\n\t\t\t\t<\/div>\n\t\t\t\t\t<\/div>\n\t\t<\/div>\n\t\t\t\t<div class=\"elementor-column elementor-col-50 elementor-top-column elementor-element elementor-element-5dedcf0\" data-id=\"5dedcf0\" data-element_type=\"column\">\n\t\t\t<div class=\"elementor-widget-wrap elementor-element-populated\">\n\t\t\t\t\t\t<div class=\"elementor-element elementor-element-97f0868 elementor-widget elementor-widget-text-editor\" data-id=\"97f0868\" data-element_type=\"widget\" data-widget_type=\"text-editor.default\">\n\t\t\t\t<div class=\"elementor-widget-container\">\n\t\t\t\t\t\t\t<p>Our communications team will contact residents by email or phone within the next 15 days. We appreciate being very attentive to our communications<\/p>\t\t\t\t\t\t<\/div>\n\t\t\t\t<\/div>\n\t\t\t\t\t<\/div>\n\t\t<\/div>\n\t\t\t\t\t<\/div>\n\t\t<\/section>\n\t\t\t\t<\/div>\n\t\t","protected":false},"excerpt":{"rendered":"<p>Peru Bienal 2026 Art Residency Program the list We are pleased to announce the artists selected for our 2026 Artistic Residencies program. We have selected 50 artists for our residency program, first semester of 2026 from a total of 400 applications. The List- 2026 Art Residency Program &nbsp; Adoli Emmanuele Uganda&nbsp; Alina Aldea&nbsp; Romania&nbsp; Ana [&hellip;]<\/p>\n","protected":false},"author":1,"featured_media":0,"parent":0,"menu_order":0,"comment_status":"closed","ping_status":"closed","template":"","meta":{"_eb_attr":"","site-sidebar-layout":"no-sidebar","site-content-layout":"page-builder","ast-site-content-layout":"full-width-container","site-content-style":"default","site-sidebar-style":"default","ast-global-header-display":"","ast-banner-title-visibility":"","ast-main-header-display":"","ast-hfb-above-header-display":"","ast-hfb-below-header-display":"","ast-hfb-mobile-header-display":"","site-post-title":"disabled","ast-breadcrumbs-content":"","ast-featured-img":"disabled","footer-sml-layout":"","theme-transparent-header-meta":"","adv-header-id-meta":"","stick-header-meta":"","header-above-stick-meta":"","header-main-stick-meta":"","header-below-stick-meta":"","astra-migrate-meta-layouts":"set","ast-page-background-enabled":"default","ast-page-background-meta":{"desktop":{"background-color":"","background-image":"","background-repeat":"repeat","background-position":"center center","background-size":"auto","background-attachment":"scroll","background-type":"","background-media":"","overlay-type":"","overlay-color":"","overlay-gradient":""},"tablet":{"background-color":"","background-image":"","background-repeat":"repeat","background-position":"center center","background-size":"auto","background-attachment":"scroll","background-type":"","background-media":"","overlay-type":"","overlay-color":"","overlay-gradient":""},"mobile":{"background-color":"","background-image":"","background-repeat":"repeat","background-position":"center center","background-size":"auto","background-attachment":"scroll","background-type":"","background-media":"","overlay-type":"","overlay-color":"","overlay-gradient":""}},"ast-content-background-meta":{"desktop":{"background-color":"var(--ast-global-color-5)","background-image":"","background-repeat":"repeat","background-position":"center center","background-size":"auto","background-attachment":"scroll","background-type":"","background-media":"","overlay-type":"","overlay-color":"","overlay-gradient":""},"tablet":{"background-color":"var(--ast-global-color-5)","background-image":"","background-repeat":"repeat","background-position":"center center","background-size":"auto","background-attachment":"scroll","background-type":"","background-media":"","overlay-type":"","overlay-color":"","overlay-gradient":""},"mobile":{"background-color":"var(--ast-global-color-5)","background-image":"","background-repeat":"repeat","background-position":"center center","background-size":"auto","background-attachment":"scroll","background-type":"","background-media":"","overlay-type":"","overlay-color":"","overlay-gradient":""}},"_joinchat":[],"footnotes":""},"class_list":["post-12063","page","type-page","status-publish","hentry"],"jetpack_sharing_enabled":true,"_hostinger_reach_plugin_has_subscription_block":false,"_hostinger_reach_plugin_is_elementor":false,"_links":{"self":[{"href":"https:\/\/perubienal.com\/en\/wp-json\/wp\/v2\/pages\/12063","targetHints":{"allow":["GET"]}}],"collection":[{"href":"https:\/\/perubienal.com\/en\/wp-json\/wp\/v2\/pages"}],"about":[{"href":"https:\/\/perubienal.com\/en\/wp-json\/wp\/v2\/types\/page"}],"author":[{"embeddable":true,"href":"https:\/\/perubienal.com\/en\/wp-json\/wp\/v2\/users\/1"}],"replies":[{"embeddable":true,"href":"https:\/\/perubienal.com\/en\/wp-json\/wp\/v2\/comments?post=12063"}],"version-history":[{"count":52,"href":"https:\/\/perubienal.com\/en\/wp-json\/wp\/v2\/pages\/12063\/revisions"}],"predecessor-version":[{"id":12378,"href":"https:\/\/perubienal.com\/en\/wp-json\/wp\/v2\/pages\/12063\/revisions\/12378"}],"wp:attachment":[{"href":"https:\/\/perubienal.com\/en\/wp-json\/wp\/v2\/media?parent=12063"}],"curies":[{"name":"wp","href":"https:\/\/api.w.org\/{rel}","templated":true}]}}