{"id":5503,"date":"2024-05-24T00:12:36","date_gmt":"2024-05-23T22:12:36","guid":{"rendered":"https:\/\/perubienal.com\/?page_id=5503"},"modified":"2024-05-24T00:49:16","modified_gmt":"2024-05-23T22:49:16","slug":"2018-2","status":"publish","type":"page","link":"https:\/\/perubienal.com\/en\/2018-2\/","title":{"rendered":"2018"},"content":{"rendered":"\t\t<div data-elementor-type=\"wp-page\" data-elementor-id=\"5503\" class=\"elementor elementor-5503\">\n\t\t\t\t\t\t<section class=\"elementor-section elementor-top-section elementor-element elementor-element-v7gn5ew elementor-section-content-middle elementor-section-boxed elementor-section-height-default elementor-section-height-default\" data-id=\"v7gn5ew\" data-element_type=\"section\" data-settings=\"{&quot;background_background&quot;:&quot;classic&quot;}\">\n\t\t\t\t\t\t\t<div class=\"elementor-background-overlay\"><\/div>\n\t\t\t\t\t\t\t<div class=\"elementor-container elementor-column-gap-no\">\n\t\t\t\t\t<div class=\"elementor-column elementor-col-50 elementor-top-column elementor-element elementor-element-47d11e6\" data-id=\"47d11e6\" data-element_type=\"column\" data-settings=\"{&quot;background_background&quot;:&quot;classic&quot;}\">\n\t\t\t<div class=\"elementor-widget-wrap\">\n\t\t\t\t\t<div class=\"elementor-background-overlay\"><\/div>\n\t\t\t\t\t\t\t<\/div>\n\t\t<\/div>\n\t\t\t\t<div class=\"elementor-column elementor-col-50 elementor-top-column elementor-element elementor-element-e68dcfe\" data-id=\"e68dcfe\" data-element_type=\"column\">\n\t\t\t<div class=\"elementor-widget-wrap elementor-element-populated\">\n\t\t\t\t\t\t<div class=\"elementor-element elementor-element-ff0f137 elementor-widget elementor-widget-heading\" data-id=\"ff0f137\" data-element_type=\"widget\" data-widget_type=\"heading.default\">\n\t\t\t\t<div class=\"elementor-widget-container\">\n\t\t\t<style>\/*! elementor - v3.21.0 - 30-04-2024 *\/\n.elementor-heading-title{padding:0;margin:0;line-height:1}.elementor-widget-heading .elementor-heading-title[class*=elementor-size-]>a{color:inherit;font-size:inherit;line-height:inherit}.elementor-widget-heading .elementor-heading-title.elementor-size-small{font-size:15px}.elementor-widget-heading .elementor-heading-title.elementor-size-medium{font-size:19px}.elementor-widget-heading .elementor-heading-title.elementor-size-large{font-size:29px}.elementor-widget-heading .elementor-heading-title.elementor-size-xl{font-size:39px}.elementor-widget-heading .elementor-heading-title.elementor-size-xxl{font-size:59px}<\/style><h2 class=\"elementor-heading-title elementor-size-default\">Christopher Scott<\/h2>\t\t<\/div>\n\t\t\t\t<\/div>\n\t\t\t\t<div class=\"elementor-element elementor-element-db46bf1 elementor-widget elementor-widget-heading\" data-id=\"db46bf1\" data-element_type=\"widget\" data-widget_type=\"heading.default\">\n\t\t\t\t<div class=\"elementor-widget-container\">\n\t\t\t<h2 class=\"elementor-heading-title elementor-size-default\">International Jury<\/h2>\t\t<\/div>\n\t\t\t\t<\/div>\n\t\t\t\t<div class=\"elementor-element elementor-element-078daff elementor-widget elementor-widget-heading\" data-id=\"078daff\" data-element_type=\"widget\" data-widget_type=\"heading.default\">\n\t\t\t\t<div class=\"elementor-widget-container\">\n\t\t\t<h2 class=\"elementor-heading-title elementor-size-default\">Christopher Scott is an internationally recognised award-winning designer. Born in Northern Ireland, he received both a bachelors and a Masters degree in Design from the University of Ulster, Magee. The concepts of his work are paramount to his visuals, and his work communicates strong and meaningful messages with humanity at the core of his designs.\nScott has won more than 300 international awards and has been recognised by many organisations such as the WWF, International Poster Biennale Warsaw, Poster For Tomorrow, Amnesty International, Designboom, Moscow Global Biennale of Graphic Design Golden Bee, Adobe and he received a silver medal in the International Design Awards and also 3 Gold awards at the prestigious Graphis in United States.\nHis work has been exhibited all around the world including countries such as Iran, Mexico, Russia, China, Korea, Ecuador, Germany, Poland, Italy, Peru, Korea, the United States and many more, including the Louvre in Paris, France. He has been a member of multiple international juries and he is also the Co-Founder of Poster Poster and the Founder of Designers Speak.\nScott has also given conferences and workshops in countries such as China, United States, Argentina, Ecuador, Indonesia, Venezuela, Mexico, Northern Ireland and Russia. Currently he is a Professor of Graphic Design at the Iowa State University, Invited Professor at the University of Kragujevac in Serbia, Invited Professor at the Capital Normal University in China and Ex-President and Founder of the Ecuador Poster Bienal\u00ae.\n<\/h2>\t\t<\/div>\n\t\t\t\t<\/div>\n\t\t\t\t\t<\/div>\n\t\t<\/div>\n\t\t\t\t\t<\/div>\n\t\t<\/section>\n\t\t\t\t<section class=\"elementor-section elementor-top-section elementor-element elementor-element-aef2ea1 elementor-section-content-middle elementor-section-boxed elementor-section-height-default elementor-section-height-default\" data-id=\"aef2ea1\" data-element_type=\"section\" data-settings=\"{&quot;background_background&quot;:&quot;classic&quot;}\">\n\t\t\t\t\t\t\t<div class=\"elementor-background-overlay\"><\/div>\n\t\t\t\t\t\t\t<div class=\"elementor-container elementor-column-gap-no\">\n\t\t\t\t\t<div class=\"elementor-column elementor-col-50 elementor-top-column elementor-element elementor-element-857e3bc\" data-id=\"857e3bc\" data-element_type=\"column\" data-settings=\"{&quot;background_background&quot;:&quot;classic&quot;}\">\n\t\t\t<div class=\"elementor-widget-wrap\">\n\t\t\t\t\t<div class=\"elementor-background-overlay\"><\/div>\n\t\t\t\t\t\t\t<\/div>\n\t\t<\/div>\n\t\t\t\t<div class=\"elementor-column elementor-col-50 elementor-top-column elementor-element elementor-element-1b09dbf\" data-id=\"1b09dbf\" data-element_type=\"column\">\n\t\t\t<div class=\"elementor-widget-wrap elementor-element-populated\">\n\t\t\t\t\t\t<div class=\"elementor-element elementor-element-070396f elementor-widget elementor-widget-heading\" data-id=\"070396f\" data-element_type=\"widget\" data-widget_type=\"heading.default\">\n\t\t\t\t<div class=\"elementor-widget-container\">\n\t\t\t<h2 class=\"elementor-heading-title elementor-size-default\">Leo Eyer <\/h2>\t\t<\/div>\n\t\t\t\t<\/div>\n\t\t\t\t<div class=\"elementor-element elementor-element-24a88cc elementor-widget elementor-widget-heading\" data-id=\"24a88cc\" data-element_type=\"widget\" data-widget_type=\"heading.default\">\n\t\t\t\t<div class=\"elementor-widget-container\">\n\t\t\t<h2 class=\"elementor-heading-title elementor-size-default\">International Jury<\/h2>\t\t<\/div>\n\t\t\t\t<\/div>\n\t\t\t\t<div class=\"elementor-element elementor-element-f99013c elementor-widget elementor-widget-heading\" data-id=\"f99013c\" data-element_type=\"widget\" data-widget_type=\"heading.default\">\n\t\t\t\t<div class=\"elementor-widget-container\">\n\t\t\t<h2 class=\"elementor-heading-title elementor-size-default\">Leo Eyer is a visionary designer driven by a constant pursuit of new expressions, languages, and materials. With an unwavering commitment to uniqueness and impact, he continuously pushes the boundaries of design in all his projects. As the Chief Creative Officer at WDG Group Brazil and CEO of Bold_a design company, Leo brings his unparalleled expertise to the forefront of the industry.\n\nThroughout his distinguished career, he has garnered widespread recognition, earning numerous accolades in competitions and exhibitions both in Brazil and on the international stage. His remarkable projects have been featured in countless books and magazines, solidifying his influence and contributing to the design discourse.\n\n\nLeo Eyer has projects published in nearly 50 national and international books and magazines.  He studied Graphic Design at the School of Visual Arts, New York.  He has been awarded several prizes: IF Design Awards, Brazil Design Awards, Brazilian House Museum Award, among others.\n\nLeo's captivating work has transcended geographical borders, making its mark in museums and galleries across South America, Europe, Asia, and the United States. His ability to captivate audiences through thought-provoking design has made him a sought-after figure in the global design community.\n\nHis innovative approach, combined with his abundant creativity and unmatched passion, have positioned him as a trailblazer in the design world. With a portfolio that says a lot about his talent and vision, Leo continues to inspire and challenge the status quo, leaving an indelible mark on the industry.\n<\/h2>\t\t<\/div>\n\t\t\t\t<\/div>\n\t\t\t\t\t<\/div>\n\t\t<\/div>\n\t\t\t\t\t<\/div>\n\t\t<\/section>\n\t\t\t\t<section class=\"elementor-section elementor-top-section elementor-element elementor-element-63b88e5 elementor-section-content-middle elementor-section-boxed elementor-section-height-default elementor-section-height-default\" data-id=\"63b88e5\" data-element_type=\"section\" data-settings=\"{&quot;background_background&quot;:&quot;classic&quot;}\">\n\t\t\t\t\t\t\t<div class=\"elementor-background-overlay\"><\/div>\n\t\t\t\t\t\t\t<div class=\"elementor-container elementor-column-gap-no\">\n\t\t\t\t\t<div class=\"elementor-column elementor-col-50 elementor-top-column elementor-element elementor-element-5aba1a9\" data-id=\"5aba1a9\" data-element_type=\"column\" data-settings=\"{&quot;background_background&quot;:&quot;classic&quot;}\">\n\t\t\t<div class=\"elementor-widget-wrap\">\n\t\t\t\t\t\t\t<\/div>\n\t\t<\/div>\n\t\t\t\t<div class=\"elementor-column elementor-col-50 elementor-top-column elementor-element elementor-element-4f7eaa2\" data-id=\"4f7eaa2\" data-element_type=\"column\">\n\t\t\t<div class=\"elementor-widget-wrap elementor-element-populated\">\n\t\t\t\t\t\t<div class=\"elementor-element elementor-element-926c59b elementor-widget elementor-widget-heading\" data-id=\"926c59b\" data-element_type=\"widget\" data-widget_type=\"heading.default\">\n\t\t\t\t<div class=\"elementor-widget-container\">\n\t\t\t<h2 class=\"elementor-heading-title elementor-size-default\">Gabriel M. Meave<\/h2>\t\t<\/div>\n\t\t\t\t<\/div>\n\t\t\t\t<div class=\"elementor-element elementor-element-0d96c36 elementor-widget elementor-widget-heading\" data-id=\"0d96c36\" data-element_type=\"widget\" data-widget_type=\"heading.default\">\n\t\t\t\t<div class=\"elementor-widget-container\">\n\t\t\t<h2 class=\"elementor-heading-title elementor-size-default\">International Jury<\/h2>\t\t<\/div>\n\t\t\t\t<\/div>\n\t\t\t\t<div class=\"elementor-element elementor-element-be92d0c elementor-widget elementor-widget-heading\" data-id=\"be92d0c\" data-element_type=\"widget\" data-widget_type=\"heading.default\">\n\t\t\t\t<div class=\"elementor-widget-container\">\n\t\t\t<h2 class=\"elementor-heading-title elementor-size-default\">Gabriel Mart\u00ednez Meave. Design, Illustration, Identity, Calligraphy, Typography, Lettering \u2014and the mix of them all\u2014 are my passion. I work on personal, editorial, cultural and commercial projects for national and international clients from my studio in Mexico City. My inspiration is everywhere, especially in the deep, diverse, graphic heritage of my country. My work features traditional and digital techniques, from pencils to pixels.\n\nI\u2019ve executed projects for global companies such as Warner Music, Google, Kellogg\u2019s, Pearson, Richmond, McMillan, Santillana, Siruela, Unilever; for Leo Burnett, J. W. Thompson, Lowe, Ogilvy&Mather, Ter\u00e1nTBWA and other advertising agencies, as well as Mexican institutions such as Instituto Nacional de Bellas Artes, Presidencia de la Rep\u00fablica, Fondo de Cultura Econ\u00f3mica and national clients like Grupo Modelo, Jos\u00e9 Cuervo, Maseca, Jumex, El Palacio de Hierro, Telcel, Cervecer\u00eda Cuauht\u00e9moc-Moctezuma and Gandhi bookstores. My work has been featured in global Design and Illustration magazines such as How, Communication Arts, Step, \u00c9tapes Graphiques, Page, Novum, Desktop, Visual, Tupigraf\u00eda, TPG, Dise\u00f1a, Matiz and a!Dise\u00f1o. As well, it has appeared in the books Language Culture Type, Typography 21, 22 & 29, Tres Logos, Type Navigator, Hand to Type, Play Loud!, Type 365, Marcas MEX and Dise\u00f1o Gr\u00e1fico en M\u00e9xico 100 A\u00f1os, among others.\n\nI teach at the Mexican colleges Universidad An\u00e1huac Xalapa and Universidad de Celaya, as well as Universidad de Vigo at Pontevedra, Spain. I have given lectures and workshops in many universities, design conferences and events in Mexico, the United States, Canada, Spain, Sweden, Brazil, Argentina and most Latin American countries. I\u2019ve been recipient of diverse awards, including five from the Type Directors Club of New York (TDC), two from the Association Typographique Internationale (ATypI), as well as the First Prize of the National Design Biennial in Mexico. In 2009, London-based publisher Phaidon selected my work for the book Area_2 among 100 of the most important emergent designers in the world today.<\/h2>\t\t<\/div>\n\t\t\t\t<\/div>\n\t\t\t\t\t<\/div>\n\t\t<\/div>\n\t\t\t\t\t<\/div>\n\t\t<\/section>\n\t\t\t\t<section class=\"elementor-section elementor-top-section elementor-element elementor-element-ce3435f elementor-section-content-middle elementor-section-boxed elementor-section-height-default elementor-section-height-default\" data-id=\"ce3435f\" data-element_type=\"section\" data-settings=\"{&quot;background_background&quot;:&quot;classic&quot;}\">\n\t\t\t\t\t\t\t<div class=\"elementor-background-overlay\"><\/div>\n\t\t\t\t\t\t\t<div class=\"elementor-container elementor-column-gap-no\">\n\t\t\t\t\t<div class=\"elementor-column elementor-col-50 elementor-top-column elementor-element elementor-element-fa6fde6\" data-id=\"fa6fde6\" data-element_type=\"column\" data-settings=\"{&quot;background_background&quot;:&quot;classic&quot;}\">\n\t\t\t<div class=\"elementor-widget-wrap\">\n\t\t\t\t\t<div class=\"elementor-background-overlay\"><\/div>\n\t\t\t\t\t\t\t<\/div>\n\t\t<\/div>\n\t\t\t\t<div class=\"elementor-column elementor-col-50 elementor-top-column elementor-element elementor-element-dce596f\" data-id=\"dce596f\" data-element_type=\"column\">\n\t\t\t<div class=\"elementor-widget-wrap elementor-element-populated\">\n\t\t\t\t\t\t<div class=\"elementor-element elementor-element-574e8fa elementor-widget elementor-widget-heading\" data-id=\"574e8fa\" data-element_type=\"widget\" data-widget_type=\"heading.default\">\n\t\t\t\t<div class=\"elementor-widget-container\">\n\t\t\t<h2 class=\"elementor-heading-title elementor-size-default\">Huimin Su<\/h2>\t\t<\/div>\n\t\t\t\t<\/div>\n\t\t\t\t<div class=\"elementor-element elementor-element-bad10f6 elementor-widget elementor-widget-heading\" data-id=\"bad10f6\" data-element_type=\"widget\" data-widget_type=\"heading.default\">\n\t\t\t\t<div class=\"elementor-widget-container\">\n\t\t\t<h2 class=\"elementor-heading-title elementor-size-default\">International Jury<\/h2>\t\t<\/div>\n\t\t\t\t<\/div>\n\t\t\t\t<div class=\"elementor-element elementor-element-2f65e94 elementor-widget elementor-widget-heading\" data-id=\"2f65e94\" data-element_type=\"widget\" data-widget_type=\"heading.default\">\n\t\t\t\t<div class=\"elementor-widget-container\">\n\t\t\t<h2 class=\"elementor-heading-title elementor-size-default\">Huimin Su From Shandong, China, Designer and Curator, founder of studio \u201cHMSUEDesign\u201d (China). Member of International Council of Design (ico-D) (2015.03-2016.03)\nMember of the Young Artists Association of Laiwu District, Jinan City. Teaching of Shangdong Vocational Institute of Fashion Technology\nOne of the winners of the United Nations \u201cImagination 2030\u201d, UN Geneva Open Day Poster Contest and Exposition, UN Headquarters in Geneva winners.\nHis works have won several national and international awards and have been exhibited in the United Nations Headquarters, Ukraine, China, South Korea, Mexico, Russia, Ecuador, Czech Republic, Taiwan, Germany, Italy, the United States, and Serbia.\nJury: 2023 A' Design Award & Competition. International Jury, 2017 Muse Creative Awards International Creative Design Award. International Jury,  2018 Design Cup. International Jury, 2018 The Second Nezareh Festival of Arts and Culture. International Jury, 2018 Peru Biennial. International Jury\n<\/h2>\t\t<\/div>\n\t\t\t\t<\/div>\n\t\t\t\t\t<\/div>\n\t\t<\/div>\n\t\t\t\t\t<\/div>\n\t\t<\/section>\n\t\t\t\t<section class=\"elementor-section elementor-top-section elementor-element elementor-element-5722d3e elementor-section-content-middle elementor-section-boxed elementor-section-height-default elementor-section-height-default\" data-id=\"5722d3e\" data-element_type=\"section\" data-settings=\"{&quot;background_background&quot;:&quot;classic&quot;}\">\n\t\t\t\t\t\t\t<div class=\"elementor-background-overlay\"><\/div>\n\t\t\t\t\t\t\t<div class=\"elementor-container elementor-column-gap-no\">\n\t\t\t\t\t<div class=\"elementor-column elementor-col-50 elementor-top-column elementor-element elementor-element-407f8c2\" data-id=\"407f8c2\" data-element_type=\"column\" data-settings=\"{&quot;background_background&quot;:&quot;classic&quot;}\">\n\t\t\t<div class=\"elementor-widget-wrap\">\n\t\t\t\t\t\t\t<\/div>\n\t\t<\/div>\n\t\t\t\t<div class=\"elementor-column elementor-col-50 elementor-top-column elementor-element elementor-element-b087604\" data-id=\"b087604\" data-element_type=\"column\">\n\t\t\t<div class=\"elementor-widget-wrap elementor-element-populated\">\n\t\t\t\t\t\t<div class=\"elementor-element elementor-element-a2e2938 elementor-widget elementor-widget-heading\" data-id=\"a2e2938\" data-element_type=\"widget\" data-widget_type=\"heading.default\">\n\t\t\t\t<div class=\"elementor-widget-container\">\n\t\t\t<h2 class=\"elementor-heading-title elementor-size-default\">Susana Machicao<\/h2>\t\t<\/div>\n\t\t\t\t<\/div>\n\t\t\t\t<div class=\"elementor-element elementor-element-221ae1e elementor-widget elementor-widget-heading\" data-id=\"221ae1e\" data-element_type=\"widget\" data-widget_type=\"heading.default\">\n\t\t\t\t<div class=\"elementor-widget-container\">\n\t\t\t<h2 class=\"elementor-heading-title elementor-size-default\">International Jury<\/h2>\t\t<\/div>\n\t\t\t\t<\/div>\n\t\t\t\t<div class=\"elementor-element elementor-element-480bb8b elementor-widget elementor-widget-heading\" data-id=\"480bb8b\" data-element_type=\"widget\" data-widget_type=\"heading.default\">\n\t\t\t\t<div class=\"elementor-widget-container\">\n\t\t\t<h2 class=\"elementor-heading-title elementor-size-default\">Susana has worked in several agencies \/ studies within the creative team in communications and advertising. As well as formed many departments of design, communication and marketing in companies of edition and massive products. She is an undisputed leader in everything she undertake and likes to belong to teams with vision of growth in the medium and long term. Has an extraordinary organizational capacity and multitasking, which makes it respond to instances under pressure. Very good with the teams as well as with the strategic vision of the modern world, social networks and communications.\nFrom her own studio, she has carried out external consultancies as well as set up and lead at in house places for different national and international institutions of development, education and sustainability, as well as private companies in advertising, publishing, mass consumption, gastronomy and tourism. As a professional she is constantly moving and updating She is passionate about her work, so she is open to sharing her knowledge in virtue of the search for results and success.\nIn 2016 she gained a Career and Professional Recognition in Design by the University of Palermo at the Design Schools Forum.\nHer work has been published in Taschen Index Books, Rockport Publishers and Hexanine \/ How Publishers and has exhibited in 45 cities. She has been jury, lecturer and workshop professor. Ambassador at Latin American Design Ambassadors Council of Palermo University in Argentina. <span style=\"font-style: inherit; font-weight: inherit;\">Director of the Biennial of Poster Bolivia <\/span>BICeB\u00e9. Coordinator of Tipos Latinos, Latin American Biennial of Typography, in Bolivia, and others.\n\n<\/h2>\t\t<\/div>\n\t\t\t\t<\/div>\n\t\t\t\t\t<\/div>\n\t\t<\/div>\n\t\t\t\t\t<\/div>\n\t\t<\/section>\n\t\t\t\t<\/div>\n\t\t","protected":false},"excerpt":{"rendered":"<p>Christopher Scott International Jury Christopher Scott is an internationally recognised award-winning designer. Born in Northern Ireland, he received both a bachelors and a Masters degree in Design from the University of Ulster, Magee. The concepts of his work are paramount to his visuals, and his work communicates strong and meaningful messages with humanity at the [&hellip;]<\/p>\n","protected":false},"author":1,"featured_media":0,"parent":0,"menu_order":0,"comment_status":"closed","ping_status":"closed","template":"","meta":{"_eb_attr":"","site-sidebar-layout":"no-sidebar","site-content-layout":"page-builder","ast-site-content-layout":"full-width-container","site-content-style":"default","site-sidebar-style":"default","ast-global-header-display":"","ast-banner-title-visibility":"","ast-main-header-display":"","ast-hfb-above-header-display":"","ast-hfb-below-header-display":"","ast-hfb-mobile-header-display":"","site-post-title":"disabled","ast-breadcrumbs-content":"","ast-featured-img":"disabled","footer-sml-layout":"","theme-transparent-header-meta":"","adv-header-id-meta":"","stick-header-meta":"","header-above-stick-meta":"","header-main-stick-meta":"","header-below-stick-meta":"","astra-migrate-meta-layouts":"set","ast-page-background-enabled":"default","ast-page-background-meta":{"desktop":{"background-color":"","background-image":"","background-repeat":"repeat","background-position":"center center","background-size":"auto","background-attachment":"scroll","background-type":"","background-media":"","overlay-type":"","overlay-color":"","overlay-gradient":""},"tablet":{"background-color":"","background-image":"","background-repeat":"repeat","background-position":"center center","background-size":"auto","background-attachment":"scroll","background-type":"","background-media":"","overlay-type":"","overlay-color":"","overlay-gradient":""},"mobile":{"background-color":"","background-image":"","background-repeat":"repeat","background-position":"center center","background-size":"auto","background-attachment":"scroll","background-type":"","background-media":"","overlay-type":"","overlay-color":"","overlay-gradient":""}},"ast-content-background-meta":{"desktop":{"background-color":"var(--ast-global-color-5)","background-image":"","background-repeat":"repeat","background-position":"center center","background-size":"auto","background-attachment":"scroll","background-type":"","background-media":"","overlay-type":"","overlay-color":"","overlay-gradient":""},"tablet":{"background-color":"var(--ast-global-color-5)","background-image":"","background-repeat":"repeat","background-position":"center center","background-size":"auto","background-attachment":"scroll","background-type":"","background-media":"","overlay-type":"","overlay-color":"","overlay-gradient":""},"mobile":{"background-color":"var(--ast-global-color-5)","background-image":"","background-repeat":"repeat","background-position":"center center","background-size":"auto","background-attachment":"scroll","background-type":"","background-media":"","overlay-type":"","overlay-color":"","overlay-gradient":""}},"_joinchat":[],"footnotes":""},"class_list":["post-5503","page","type-page","status-publish","hentry"],"jetpack_sharing_enabled":true,"_links":{"self":[{"href":"https:\/\/perubienal.com\/en\/wp-json\/wp\/v2\/pages\/5503","targetHints":{"allow":["GET"]}}],"collection":[{"href":"https:\/\/perubienal.com\/en\/wp-json\/wp\/v2\/pages"}],"about":[{"href":"https:\/\/perubienal.com\/en\/wp-json\/wp\/v2\/types\/page"}],"author":[{"embeddable":true,"href":"https:\/\/perubienal.com\/en\/wp-json\/wp\/v2\/users\/1"}],"replies":[{"embeddable":true,"href":"https:\/\/perubienal.com\/en\/wp-json\/wp\/v2\/comments?post=5503"}],"version-history":[{"count":28,"href":"https:\/\/perubienal.com\/en\/wp-json\/wp\/v2\/pages\/5503\/revisions"}],"predecessor-version":[{"id":5539,"href":"https:\/\/perubienal.com\/en\/wp-json\/wp\/v2\/pages\/5503\/revisions\/5539"}],"wp:attachment":[{"href":"https:\/\/perubienal.com\/en\/wp-json\/wp\/v2\/media?parent=5503"}],"curies":[{"name":"wp","href":"https:\/\/api.w.org\/{rel}","templated":true}]}}