{"id":2146,"date":"2024-04-03T22:05:43","date_gmt":"2024-04-03T20:05:43","guid":{"rendered":"https:\/\/perubienal.com\/?page_id=2146"},"modified":"2024-08-12T23:26:48","modified_gmt":"2024-08-12T21:26:48","slug":"ux-ui","status":"publish","type":"page","link":"https:\/\/perubienal.com\/es\/ux-ui\/","title":{"rendered":"uX\/UI"},"content":{"rendered":"<div data-elementor-type=\"wp-page\" data-elementor-id=\"2146\" class=\"elementor elementor-2146\">\n\t\t\t\t<div class=\"elementor-element elementor-element-79cd6382 e-flex e-con-boxed e-con e-parent\" data-id=\"79cd6382\" data-element_type=\"container\" data-settings=\"{&quot;background_background&quot;:&quot;classic&quot;}\">\n\t\t\t\t\t<div class=\"e-con-inner\">\n\t\t<div class=\"elementor-element elementor-element-1cf4f11b e-con-full e-flex e-con e-child\" data-id=\"1cf4f11b\" data-element_type=\"container\">\n\t\t<div class=\"elementor-element elementor-element-6667aad9 e-con-full e-flex e-con e-child\" data-id=\"6667aad9\" data-element_type=\"container\">\n\t\t<div class=\"elementor-element elementor-element-450358c4 e-con-full e-flex e-con e-child\" data-id=\"450358c4\" data-element_type=\"container\">\n\t\t\t\t<div class=\"elementor-element elementor-element-7f515dfc elementor-widget elementor-widget-heading\" data-id=\"7f515dfc\" data-element_type=\"widget\" data-widget_type=\"heading.default\">\n\t\t\t\t<div class=\"elementor-widget-container\">\n\t\t\t<style>\/*! elementor - v3.21.0 - 30-04-2024 *\/\n.elementor-heading-title{padding:0;margin:0;line-height:1}.elementor-widget-heading .elementor-heading-title[class*=elementor-size-]>a{color:inherit;font-size:inherit;line-height:inherit}.elementor-widget-heading .elementor-heading-title.elementor-size-small{font-size:15px}.elementor-widget-heading .elementor-heading-title.elementor-size-medium{font-size:19px}.elementor-widget-heading .elementor-heading-title.elementor-size-large{font-size:29px}.elementor-widget-heading .elementor-heading-title.elementor-size-xl{font-size:39px}.elementor-widget-heading .elementor-heading-title.elementor-size-xxl{font-size:59px}<\/style><h1 class=\"elementor-heading-title elementor-size-default\">Per\u00fa Bienal<\/h1>\t\t<\/div>\n\t\t\t\t<\/div>\n\t\t\t\t<\/div>\n\t\t\t\t<\/div>\n\t\t<div class=\"elementor-element elementor-element-1a509e79 e-con-full e-flex e-con e-child\" data-id=\"1a509e79\" data-element_type=\"container\">\n\t\t<div class=\"elementor-element elementor-element-2818dae4 e-con-full e-flex e-con e-child\" data-id=\"2818dae4\" data-element_type=\"container\">\n\t\t\t\t<div class=\"elementor-element elementor-element-10cb60d4 elementor-widget elementor-widget-heading\" data-id=\"10cb60d4\" data-element_type=\"widget\" data-widget_type=\"heading.default\">\n\t\t\t\t<div class=\"elementor-widget-container\">\n\t\t\t<h3 class=\"elementor-heading-title elementor-size-default\">Convocatorias Internacionales<br>UX\/UI<\/h3>\t\t<\/div>\n\t\t\t\t<\/div>\n\t\t\t\t<\/div>\n\t\t\t\t<\/div>\n\t\t\t\t<\/div>\n\t\t\t\t\t<\/div>\n\t\t\t\t<\/div>\n\t\t\t\t<section class=\"elementor-section elementor-top-section elementor-element elementor-element-40k2n04 elementor-section-boxed elementor-section-height-default elementor-section-height-default\" data-id=\"40k2n04\" data-element_type=\"section\" data-settings=\"{&quot;background_background&quot;:&quot;classic&quot;}\">\n\t\t\t\t\t\t<div class=\"elementor-container elementor-column-gap-default\">\n\t\t\t\t\t<div class=\"elementor-column elementor-col-100 elementor-top-column elementor-element elementor-element-f088365\" data-id=\"f088365\" data-element_type=\"column\">\n\t\t\t<div class=\"elementor-widget-wrap elementor-element-populated\">\n\t\t\t\t\t\t<div class=\"elementor-element elementor-element-6ae79fb elementor-widget elementor-widget-heading\" data-id=\"6ae79fb\" data-element_type=\"widget\" data-widget_type=\"heading.default\">\n\t\t\t\t<div class=\"elementor-widget-container\">\n\t\t\t<h4 class=\"elementor-heading-title elementor-size-default\">Aplicar<\/h4>\t\t<\/div>\n\t\t\t\t<\/div>\n\t\t\t\t<div class=\"elementor-element elementor-element-e7d1eaf elementor-widget elementor-widget-heading\" data-id=\"e7d1eaf\" data-element_type=\"widget\" data-widget_type=\"heading.default\">\n\t\t\t\t<div class=\"elementor-widget-container\">\n\t\t\t<h2 class=\"elementor-heading-title elementor-size-default\">Convocatorias Internacionales- UX\/UI<\/h2>\t\t<\/div>\n\t\t\t\t<\/div>\n\t\t\t\t<div class=\"elementor-element elementor-element-01dd3f1 elementor-widget elementor-widget-text-editor\" data-id=\"01dd3f1\" data-element_type=\"widget\" data-widget_type=\"text-editor.default\">\n\t\t\t\t<div class=\"elementor-widget-container\">\n\t\t\t<style>\/*! elementor - v3.21.0 - 30-04-2024 *\/\n.elementor-widget-text-editor.elementor-drop-cap-view-stacked .elementor-drop-cap{background-color:#69727d;color:#fff}.elementor-widget-text-editor.elementor-drop-cap-view-framed .elementor-drop-cap{color:#69727d;border:3px solid;background-color:transparent}.elementor-widget-text-editor:not(.elementor-drop-cap-view-default) .elementor-drop-cap{margin-top:8px}.elementor-widget-text-editor:not(.elementor-drop-cap-view-default) .elementor-drop-cap-letter{width:1em;height:1em}.elementor-widget-text-editor .elementor-drop-cap{float:left;text-align:center;line-height:1;font-size:50px}.elementor-widget-text-editor .elementor-drop-cap-letter{display:inline-block}<\/style>\t\t\t\t<p>Per\u00fa Bienal, anuncia oficialmente convocatoria internacional en la categor\u00eda de UX\/UI Design . La convocatoria est\u00e1 abierta a empresas, profesionales y futuros profesionales en el sector con proyectos in\u00e9ditos y \/ o publicados.<\/p>\n<p>Participan proyectos en los que el dise\u00f1o mejora la experiencia de usuario, proyectos publicados o listo para ser lanzado en el mercado. Aplicaciones digitales en sus diferentes tipolog\u00edas, realidad aumentada , realidad virtual, aplicaciones, p\u00e1ginas web, portales de comercio electr\u00f3nico, as\u00ed como soluciones basadas en software., servicios, espacios f\u00edsicos y virtuales.<\/p>\n<p>Los participantes pueden incluir en la presentaci\u00f3n del proyecto, estudios, prototipos, conceptos de interacci\u00f3n, entrevistas, evaluaci\u00f3n comparativa, entre otros elementos relacionados.<\/p>\t\t\t\t\t\t<\/div>\n\t\t\t\t<\/div>\n\t\t\t\t<div class=\"elementor-element elementor-element-c517f74 elementor-widget elementor-widget-heading\" data-id=\"c517f74\" data-element_type=\"widget\" data-widget_type=\"heading.default\">\n\t\t\t\t<div class=\"elementor-widget-container\">\n\t\t\t<h2 class=\"elementor-heading-title elementor-size-default\">Consideraciones Generales<\/h2>\t\t<\/div>\n\t\t\t\t<\/div>\n\t\t\t\t<div class=\"elementor-element elementor-element-33d397e elementor-widget elementor-widget-text-editor\" data-id=\"33d397e\" data-element_type=\"widget\" data-widget_type=\"text-editor.default\">\n\t\t\t\t<div class=\"elementor-widget-container\">\n\t\t\t\t\t\t\t<p>a). Participan proyectos nacionales e internacionales<\/p>\n<p>b). La organizaci\u00f3n declina toda responsabilidad por la autenticidad de las Obras a sus autores.<\/p>\n<p>c). El participante autoriza a la organizaci\u00f3n a comunicar p\u00fablicamente las im\u00e1genes de las obras respetando en todo momento el derecho de autor, con el fin de maximizar su difusi\u00f3n en diferentes medios y plataformas de comunicaci\u00f3n que los organizadores consideren convenientes.<\/p>\n<p>d). El jurado elegir\u00e1 entre todos los proyectos presentados proyectos seleccionados, los mismos que ser\u00e1n reconocidos p\u00fablicamente y ser\u00e1n parte de la exposici\u00f3n principal.<\/p>\n<p>f). El jurado estar\u00e1 compuesto por profesionales nacionales e internacionales con reconocida experiencia profesional en el sector del dise\u00f1o,  miembros del comit\u00e9 ejecutivo y miembros de los comit\u00e9s consultivos.&nbsp;<\/p>\n<p>g). El veredicto del jurado es inapelable, el jurado se compromete a no revelar el resultado antes de las fechas estipuladas por la organizaci\u00f3n.<\/p>\n<p>h) Los proyectos seleccionados, proyectos finalistas y los ganadores ser\u00e1n certificados y reconocidos oficialmente por el Comit\u00e9 Organizador.<\/p>\n<p>i). El Jurado tendr\u00e1 en cuenta en su evaluaci\u00f3n  los siguientes criterios: Conceptualizaci\u00f3n,  Creatividad, Innovaci\u00f3n y la Funcionalidad, teniendo en cuenta una escala de calificaciones de 1 a 10.<\/p>\n<p>j). Cualquier objeci\u00f3n previsto o que no est\u00e1 en las bases, ser\u00e1 resuelto por la directiva de la bienal de forma definitiva e inapelable.&nbsp;<\/p>\n<p>Todos los derechos reservados \u2013 Per\u00fa Bienal<\/p>\t\t\t\t\t\t<\/div>\n\t\t\t\t<\/div>\n\t\t\t\t<div class=\"elementor-element elementor-element-ab2e674 elementor-widget elementor-widget-heading\" data-id=\"ab2e674\" data-element_type=\"widget\" data-widget_type=\"heading.default\">\n\t\t\t\t<div class=\"elementor-widget-container\">\n\t\t\t<h2 class=\"elementor-heading-title elementor-size-default\">Fechas<\/h2>\t\t<\/div>\n\t\t\t\t<\/div>\n\t\t\t\t<div class=\"elementor-element elementor-element-c89e38c elementor-widget elementor-widget-text-editor\" data-id=\"c89e38c\" data-element_type=\"widget\" data-widget_type=\"text-editor.default\">\n\t\t\t\t<div class=\"elementor-widget-container\">\n\t\t\t\t\t\t\t<p>Deadline:\u00a0 August 31 , 2024<br \/>Selected Projects:\u00a0 September 05, 2024<br \/>Finalist Projects: September 10, 2024<br \/>Awarded Projects: September 12, 2024<br \/>Opening:  15 de Noviembre, 2024<br \/>Exposici\u00f3n: 15 de Noviembre - 28 de Noviembre,2024<\/p>\t\t\t\t\t\t<\/div>\n\t\t\t\t<\/div>\n\t\t\t\t<div class=\"elementor-element elementor-element-9ee1ef4 elementor-widget elementor-widget-heading\" data-id=\"9ee1ef4\" data-element_type=\"widget\" data-widget_type=\"heading.default\">\n\t\t\t\t<div class=\"elementor-widget-container\">\n\t\t\t<h2 class=\"elementor-heading-title elementor-size-default\">Informaci\u00f3n<\/h2>\t\t<\/div>\n\t\t\t\t<\/div>\n\t\t\t\t<div class=\"elementor-element elementor-element-fcf15f3 elementor-widget elementor-widget-text-editor\" data-id=\"fcf15f3\" data-element_type=\"widget\" data-widget_type=\"text-editor.default\">\n\t\t\t\t<div class=\"elementor-widget-container\">\n\t\t\t\t\t\t\t<p>Para participar ser\u00e1 necesario que la informaci\u00f3n a ENVIAR  re\u00fana dos requisitos:<\/p>\n<p>A)&nbsp;<span style=\"letter-spacing: 0.4px;\">A)&nbsp;<\/span><span style=\"letter-spacing: 0.4px;\">&nbsp;<\/span><span style=\"letter-spacing: 0.4px; font-weight: 700;\">Descripci\u00f3n del Proyecto en un archivo PDF o Word<\/span><span style=\"letter-spacing: 0.4px;\">&nbsp;considerando: Nombre de la&nbsp;<\/span><span style=\"letter-spacing: 0.4px; font-weight: 700;\">compa\u00f1ia<\/span><span style=\"letter-spacing: 0.4px;\">&nbsp;o&nbsp;<\/span><span style=\"letter-spacing: 0.4px; font-weight: 700;\">instituci\u00f3n<\/span><span style=\"letter-spacing: 0.4px;\">&nbsp;o<\/span><span style=\"letter-spacing: 0.4px; font-weight: 700;\">&nbsp;autor<\/span><span style=\"letter-spacing: 0.4px;\">&nbsp;y una breve&nbsp;<\/span><span style=\"letter-spacing: 0.4px; font-weight: 700;\">descripci\u00f3n<\/span><span style=\"letter-spacing: 0.4px;\">&nbsp;del proyecto<\/span><\/p>\n<p>B) <b>Im\u00e1genes del Proyecto<\/b>&nbsp; Minimum size of each image 1000 px. high or 1000px. wide. The images must be compressed in <b>zip or rar<\/b> format. Maximum weight 8MB.&nbsp;<\/p>\n<p>La informaci\u00f3n descrita anteriormente debe ser presentada a trav\u00e9s del<b>\"Formulario de Presentaci\u00f3n\"<\/b>\u201d at the end of the reading.&nbsp; If, in a certain project, more than one person participated, this must be consolidated in the \u201cproject information\u201d to be sent. Enter an \u201cactive and main\u201d email for the necessary communications and coordination (Very Important). You will receive a confirmation email within a maximum period of 36 hours. Check your \u201cmain email\u201d and also the \u201cjunk mailbox\u201d (Very Important). We recommend adding the email to your address book&nbsp; <b>peru@perubienal.com&nbsp;<\/b><\/p>\n<p><\/p>\t\t\t\t\t\t<\/div>\n\t\t\t\t<\/div>\n\t\t\t\t<div class=\"elementor-element elementor-element-33f649c elementor-widget elementor-widget-heading\" data-id=\"33f649c\" data-element_type=\"widget\" data-widget_type=\"heading.default\">\n\t\t\t\t<div class=\"elementor-widget-container\">\n\t\t\t<h2 class=\"elementor-heading-title elementor-size-default\">Formulario de Presentaci\u00f3n - UX\/UI<\/h2>\t\t<\/div>\n\t\t\t\t<\/div>\n\t\t\t\t<div class=\"elementor-element elementor-element-30422ba elementor-widget elementor-widget-text-editor\" data-id=\"30422ba\" data-element_type=\"widget\" data-widget_type=\"text-editor.default\">\n\t\t\t\t<div class=\"elementor-widget-container\">\n\t\t\t\t\t\t\t<p>Por favor verifique que la extensi\u00f3n de los \"archivos\" a ser enviados cumple con los requisitos del \"Formulario de Presentaci\u00f3n\". Si las im\u00e1genes a enviar superan los 8 MB, puede utilizar las herramientas de transferencia de archivos: Wetransfer, Google Drive o \"similar\" para enviar su proyecto y notificar el correo electr\u00f3nico:&nbsp; <b>peru@perubienal.com<\/b><\/p>\t\t\t\t\t\t<\/div>\n\t\t\t\t<\/div>\n\t\t\t\t<div class=\"elementor-element elementor-element-c3c62e3 elementor-widget elementor-widget-shortcode\" data-id=\"c3c62e3\" data-element_type=\"widget\" data-widget_type=\"shortcode.default\">\n\t\t\t\t<div class=\"elementor-widget-container\">\n\t\t\t\t\t<div class=\"elementor-shortcode\">\n<div class=\"wpcf7 no-js\" id=\"wpcf7-f4184-o1\" lang=\"es-ES\" dir=\"ltr\">\n<div class=\"screen-reader-response\"><p role=\"status\" aria-live=\"polite\" aria-atomic=\"true\"><\/p> <ul><\/ul><\/div>\n<form action=\"\/es\/wp-json\/wp\/v2\/pages\/2146#wpcf7-f4184-o1\" method=\"post\" class=\"wpcf7-form init\" aria-label=\"Formulario de contacto\" enctype=\"multipart\/form-data\" novalidate=\"novalidate\" data-status=\"init\" data-trp-original-action=\"\/es\/wp-json\/wp\/v2\/pages\/2146#wpcf7-f4184-o1\">\n<div style=\"display: none;\">\n<input type=\"hidden\" name=\"_wpcf7\" value=\"4184\" \/>\n<input type=\"hidden\" name=\"_wpcf7_version\" value=\"5.9.3\" \/>\n<input type=\"hidden\" name=\"_wpcf7_locale\" value=\"es_ES\" \/>\n<input type=\"hidden\" name=\"_wpcf7_unit_tag\" value=\"wpcf7-f4184-o1\" \/>\n<input type=\"hidden\" name=\"_wpcf7_container_post\" value=\"0\" \/>\n<input type=\"hidden\" name=\"_wpcf7_posted_data_hash\" value=\"\" \/>\n<\/div>\n<p><label> Nombre\/Apellido (*)<br \/>\n<span class=\"wpcf7-form-control-wrap\" data-name=\"your-name\"><input size=\"40\" class=\"wpcf7-form-control wpcf7-text wpcf7-validates-as-required\" aria-required=\"true\" aria-invalid=\"false\" value=\"\" type=\"text\" name=\"your-name\" \/><\/span> <\/label>\n<\/p>\n<p><label> Correo electr\u00f3nico (*)<br \/>\n<span class=\"wpcf7-form-control-wrap\" data-name=\"your-email\"><input size=\"40\" class=\"wpcf7-form-control wpcf7-email wpcf7-validates-as-required wpcf7-text wpcf7-validates-as-email\" aria-required=\"true\" aria-invalid=\"false\" value=\"\" type=\"email\" name=\"your-email\" \/><\/span> <\/label>\n<\/p>\n<p> Tel\u00e9fono (*)\n<\/p>\n<p><span class=\"wpcf7-form-control-wrap\" data-name=\"tel-487\"><input size=\"40\" class=\"wpcf7-form-control wpcf7-tel wpcf7-validates-as-required wpcf7-text wpcf7-validates-as-tel\" aria-required=\"true\" aria-invalid=\"false\" value=\"\" type=\"tel\" name=\"tel-487\" \/><\/span>\n<\/p>\n<p\/>\n<\/p>\n<p> Descripci\u00f3n del proyecto: doc,docx,pdf (*)\n<\/p>\n<p><span class=\"wpcf7-form-control-wrap\" data-name=\"file-209\"><input size=\"40\" class=\"wpcf7-form-control wpcf7-file wpcf7-validates-as-required\" accept=\".docx,.pdf,.doc\" aria-required=\"true\" aria-invalid=\"false\" type=\"file\" name=\"file-209\" \/><\/span>\n<\/p>\n<p\/>\n<\/p>\n<p> Im\u00e1genes del proyecto: zip,rar (*)\n<\/p>\n<p><span class=\"wpcf7-form-control-wrap\" data-name=\"file-435\"><input size=\"40\" class=\"wpcf7-form-control wpcf7-file wpcf7-validates-as-required\" accept=\".zip,.rar\" aria-required=\"true\" aria-invalid=\"false\" type=\"file\" name=\"file-435\" \/><\/span>\n<\/p>\n<p\/>\n<\/p>\n<p> (*)Campos Obligatorios\n<\/p>\n<p><input class=\"wpcf7-form-control wpcf7-submit has-spinner\" type=\"submit\" value=\"ENVIAR\" \/>\n<\/p><div class=\"wpcf7-response-output\" aria-hidden=\"true\"><\/div>\n<input type=\"hidden\" name=\"trp-form-language\" value=\"es\"\/><\/form>\n<\/div>\n<\/div>\n\t\t\t\t<\/div>\n\t\t\t\t<\/div>\n\t\t\t\t\t<\/div>\n\t\t<\/div>\n\t\t\t\t\t<\/div>\n\t\t<\/section>\n\t\t\t\t<\/div>","protected":false},"excerpt":{"rendered":"<p>Peru Biennial International CallUX\/UI Apply International Call- UX\/UI The Peru Biennial, officially announces an international call in the category of UX\/UI Design . The call is open to companies, professionals and future professionals in the design sector with unpublished and \/ or published projects, made in the last three years. Projects in which the design [&hellip;]<\/p>","protected":false},"author":1,"featured_media":0,"parent":0,"menu_order":0,"comment_status":"closed","ping_status":"closed","template":"","meta":{"_eb_attr":"","site-sidebar-layout":"no-sidebar","site-content-layout":"page-builder","ast-site-content-layout":"full-width-container","site-content-style":"default","site-sidebar-style":"default","ast-global-header-display":"","ast-banner-title-visibility":"","ast-main-header-display":"","ast-hfb-above-header-display":"","ast-hfb-below-header-display":"","ast-hfb-mobile-header-display":"","site-post-title":"disabled","ast-breadcrumbs-content":"","ast-featured-img":"disabled","footer-sml-layout":"","theme-transparent-header-meta":"","adv-header-id-meta":"","stick-header-meta":"","header-above-stick-meta":"","header-main-stick-meta":"","header-below-stick-meta":"","astra-migrate-meta-layouts":"set","ast-page-background-enabled":"default","ast-page-background-meta":{"desktop":{"background-color":"","background-image":"","background-repeat":"repeat","background-position":"center center","background-size":"auto","background-attachment":"scroll","background-type":"","background-media":"","overlay-type":"","overlay-color":"","overlay-gradient":""},"tablet":{"background-color":"","background-image":"","background-repeat":"repeat","background-position":"center center","background-size":"auto","background-attachment":"scroll","background-type":"","background-media":"","overlay-type":"","overlay-color":"","overlay-gradient":""},"mobile":{"background-color":"","background-image":"","background-repeat":"repeat","background-position":"center center","background-size":"auto","background-attachment":"scroll","background-type":"","background-media":"","overlay-type":"","overlay-color":"","overlay-gradient":""}},"ast-content-background-meta":{"desktop":{"background-color":"var(--ast-global-color-5)","background-image":"","background-repeat":"repeat","background-position":"center center","background-size":"auto","background-attachment":"scroll","background-type":"","background-media":"","overlay-type":"","overlay-color":"","overlay-gradient":""},"tablet":{"background-color":"var(--ast-global-color-5)","background-image":"","background-repeat":"repeat","background-position":"center center","background-size":"auto","background-attachment":"scroll","background-type":"","background-media":"","overlay-type":"","overlay-color":"","overlay-gradient":""},"mobile":{"background-color":"var(--ast-global-color-5)","background-image":"","background-repeat":"repeat","background-position":"center center","background-size":"auto","background-attachment":"scroll","background-type":"","background-media":"","overlay-type":"","overlay-color":"","overlay-gradient":""}},"_joinchat":[],"footnotes":""},"class_list":["post-2146","page","type-page","status-publish","hentry"],"jetpack_sharing_enabled":true,"_hostinger_reach_plugin_has_subscription_block":false,"_hostinger_reach_plugin_is_elementor":false,"_links":{"self":[{"href":"https:\/\/perubienal.com\/es\/wp-json\/wp\/v2\/pages\/2146","targetHints":{"allow":["GET"]}}],"collection":[{"href":"https:\/\/perubienal.com\/es\/wp-json\/wp\/v2\/pages"}],"about":[{"href":"https:\/\/perubienal.com\/es\/wp-json\/wp\/v2\/types\/page"}],"author":[{"embeddable":true,"href":"https:\/\/perubienal.com\/es\/wp-json\/wp\/v2\/users\/1"}],"replies":[{"embeddable":true,"href":"https:\/\/perubienal.com\/es\/wp-json\/wp\/v2\/comments?post=2146"}],"version-history":[{"count":263,"href":"https:\/\/perubienal.com\/es\/wp-json\/wp\/v2\/pages\/2146\/revisions"}],"predecessor-version":[{"id":6646,"href":"https:\/\/perubienal.com\/es\/wp-json\/wp\/v2\/pages\/2146\/revisions\/6646"}],"wp:attachment":[{"href":"https:\/\/perubienal.com\/es\/wp-json\/wp\/v2\/media?parent=2146"}],"curies":[{"name":"wp","href":"https:\/\/api.w.org\/{rel}","templated":true}]}}