{"id":2379,"date":"2024-04-06T21:02:17","date_gmt":"2024-04-06T19:02:17","guid":{"rendered":"https:\/\/perubienal.com\/?page_id=2379"},"modified":"2024-08-12T23:38:20","modified_gmt":"2024-08-12T21:38:20","slug":"poster","status":"publish","type":"page","link":"https:\/\/perubienal.com\/es\/poster\/","title":{"rendered":"CARTEL"},"content":{"rendered":"<div data-elementor-type=\"wp-page\" data-elementor-id=\"2379\" class=\"elementor elementor-2379\">\n\t\t\t\t<div class=\"elementor-element elementor-element-7b80e703 e-flex e-con-boxed e-con e-parent\" data-id=\"7b80e703\" data-element_type=\"container\" data-settings=\"{&quot;background_background&quot;:&quot;classic&quot;}\">\n\t\t\t\t\t<div class=\"e-con-inner\">\n\t\t<div class=\"elementor-element elementor-element-707844d e-con-full e-flex e-con e-child\" data-id=\"707844d\" data-element_type=\"container\">\n\t\t<div class=\"elementor-element elementor-element-72f3c640 e-con-full e-flex e-con e-child\" data-id=\"72f3c640\" data-element_type=\"container\">\n\t\t<div class=\"elementor-element elementor-element-7149ef19 e-con-full e-flex e-con e-child\" data-id=\"7149ef19\" data-element_type=\"container\">\n\t\t\t\t<div class=\"elementor-element elementor-element-41a61840 elementor-widget elementor-widget-heading\" data-id=\"41a61840\" data-element_type=\"widget\" data-widget_type=\"heading.default\">\n\t\t\t\t<div class=\"elementor-widget-container\">\n\t\t\t<style>\/*! elementor - v3.21.0 - 30-04-2024 *\/\n.elementor-heading-title{padding:0;margin:0;line-height:1}.elementor-widget-heading .elementor-heading-title[class*=elementor-size-]>a{color:inherit;font-size:inherit;line-height:inherit}.elementor-widget-heading .elementor-heading-title.elementor-size-small{font-size:15px}.elementor-widget-heading .elementor-heading-title.elementor-size-medium{font-size:19px}.elementor-widget-heading .elementor-heading-title.elementor-size-large{font-size:29px}.elementor-widget-heading .elementor-heading-title.elementor-size-xl{font-size:39px}.elementor-widget-heading .elementor-heading-title.elementor-size-xxl{font-size:59px}<\/style><h1 class=\"elementor-heading-title elementor-size-default\">Per\u00fa Bienal<\/h1>\t\t<\/div>\n\t\t\t\t<\/div>\n\t\t\t\t<\/div>\n\t\t\t\t<\/div>\n\t\t<div class=\"elementor-element elementor-element-170fed13 e-con-full e-flex e-con e-child\" data-id=\"170fed13\" data-element_type=\"container\">\n\t\t<div class=\"elementor-element elementor-element-40d5b1d7 e-con-full e-flex e-con e-child\" data-id=\"40d5b1d7\" data-element_type=\"container\">\n\t\t\t\t<div class=\"elementor-element elementor-element-71bf1db8 elementor-widget elementor-widget-heading\" data-id=\"71bf1db8\" data-element_type=\"widget\" data-widget_type=\"heading.default\">\n\t\t\t\t<div class=\"elementor-widget-container\">\n\t\t\t<h3 class=\"elementor-heading-title elementor-size-default\">Convocatorias Internacionales<br>Cartel<\/h3>\t\t<\/div>\n\t\t\t\t<\/div>\n\t\t\t\t<\/div>\n\t\t\t\t<\/div>\n\t\t\t\t<\/div>\n\t\t\t\t\t<\/div>\n\t\t\t\t<\/div>\n\t\t\t\t<section class=\"elementor-section elementor-top-section elementor-element elementor-element-40k2n04 elementor-section-boxed elementor-section-height-default elementor-section-height-default\" data-id=\"40k2n04\" data-element_type=\"section\" data-settings=\"{&quot;background_background&quot;:&quot;classic&quot;}\">\n\t\t\t\t\t\t<div class=\"elementor-container elementor-column-gap-default\">\n\t\t\t\t\t<div class=\"elementor-column elementor-col-100 elementor-top-column elementor-element elementor-element-f088365\" data-id=\"f088365\" data-element_type=\"column\">\n\t\t\t<div class=\"elementor-widget-wrap elementor-element-populated\">\n\t\t\t\t\t\t<div class=\"elementor-element elementor-element-6ae79fb elementor-widget elementor-widget-heading\" data-id=\"6ae79fb\" data-element_type=\"widget\" data-widget_type=\"heading.default\">\n\t\t\t\t<div class=\"elementor-widget-container\">\n\t\t\t<h4 class=\"elementor-heading-title elementor-size-default\">Aplicar<\/h4>\t\t<\/div>\n\t\t\t\t<\/div>\n\t\t\t\t<div class=\"elementor-element elementor-element-e7d1eaf elementor-widget elementor-widget-heading\" data-id=\"e7d1eaf\" data-element_type=\"widget\" data-widget_type=\"heading.default\">\n\t\t\t\t<div class=\"elementor-widget-container\">\n\t\t\t<h2 class=\"elementor-heading-title elementor-size-default\">Convocatorias Internacionales- Carteles<\/h2>\t\t<\/div>\n\t\t\t\t<\/div>\n\t\t\t\t<div class=\"elementor-element elementor-element-01dd3f1 elementor-widget elementor-widget-text-editor\" data-id=\"01dd3f1\" data-element_type=\"widget\" data-widget_type=\"text-editor.default\">\n\t\t\t\t<div class=\"elementor-widget-container\">\n\t\t\t<style>\/*! elementor - v3.21.0 - 30-04-2024 *\/\n.elementor-widget-text-editor.elementor-drop-cap-view-stacked .elementor-drop-cap{background-color:#69727d;color:#fff}.elementor-widget-text-editor.elementor-drop-cap-view-framed .elementor-drop-cap{color:#69727d;border:3px solid;background-color:transparent}.elementor-widget-text-editor:not(.elementor-drop-cap-view-default) .elementor-drop-cap{margin-top:8px}.elementor-widget-text-editor:not(.elementor-drop-cap-view-default) .elementor-drop-cap-letter{width:1em;height:1em}.elementor-widget-text-editor .elementor-drop-cap{float:left;text-align:center;line-height:1;font-size:50px}.elementor-widget-text-editor .elementor-drop-cap-letter{display:inline-block}<\/style>\t\t\t\t<p>La Bienal de Per\u00fa anuncia oficialmente el concurso internacional de posters. La convocatoria est\u00e1 abierta a empresas, profesionales y futuros profesionales en el sector del dise\u00f1o con proyectos publicados o in\u00e9ditos en cualquier pais del mundo.  Carteles seleccionados, carteles finalistas y ganadores ser\u00e1n parte de la mayor exhibici\u00f3n realizada en el continente.<\/p>\t\t\t\t\t\t<\/div>\n\t\t\t\t<\/div>\n\t\t\t\t<div class=\"elementor-element elementor-element-c517f74 elementor-widget elementor-widget-heading\" data-id=\"c517f74\" data-element_type=\"widget\" data-widget_type=\"heading.default\">\n\t\t\t\t<div class=\"elementor-widget-container\">\n\t\t\t<h2 class=\"elementor-heading-title elementor-size-default\">Consideraciones Generales<\/h2>\t\t<\/div>\n\t\t\t\t<\/div>\n\t\t\t\t<div class=\"elementor-element elementor-element-33d397e elementor-widget elementor-widget-text-editor\" data-id=\"33d397e\" data-element_type=\"widget\" data-widget_type=\"text-editor.default\">\n\t\t\t\t<div class=\"elementor-widget-container\">\n\t\t\t\t\t\t\t<p>Todos los participantes se comprometen a cumplir con las siguientes consideraciones:<\/p>\n<p><span style=\"font-style: inherit; font-weight: inherit; letter-spacing: 0px;\">a). Participan proyectos nacionales e internacionales. Si el trabajo infringe el plagio o los derechos de propiedad intelectual, el remitente es responsable.&nbsp;<\/span><\/p>\n<p>b) Categor\u00edas: carteles art\u00edsticos, carteles publicitarios, carteles sociales, carteles tipogr\u00e1ficos, carteles culturales y carteles ambientales. Los mejores carteles ser\u00e1n premiados por categor\u00eda.<\/p>\n<p>c)M\u00ednimo uno, m\u00e1ximo dos carteles por categor\u00eda. No es necesario participar en todas las categor\u00edas. Los participantes deciden en qu\u00e9 categor\u00edas quieren participar. Todos los carteles recibidos pasan por un proceso de selecci\u00f3n de \"categor\u00eda\".<\/p>\n<p>d). Los carteles \"seleccionados\" en el proceso ser\u00e1n certificados y reconocidos por el Comit\u00e9 Directivo y el Comit\u00e9 Organizador Bienal. Los carteles \"seleccionados\" pasan a la siguiente fase para seleccionar los finalistas y los carteles \"ganadores\" por \"categor\u00edas\" de participaci\u00f3n.\u00a0 Carteles seleccionados, finalistas y ganadores participan en la mayor exposici\u00f3n del continente.<\/p>\n<p>e).&nbsp;The jury will be made up of national and international professionals with recognized professional experience in the design sector, members of the organizing committee, directing committees of the Biennial and the executive committees of the Peru&nbsp; Biennial.<\/p>\n<p>f) Ning\u00fan miembro del jurado tendr\u00e1 que haber participado directa o indirectamente en las obras que participar\u00e1n en el concurso. El veredicto del jurado es definitivo, el jurado acepta no revelar el resultado antes de las fechas estipuladas por la organizaci\u00f3n.<\/p>\n<p>g).Cualquier objeci\u00f3n prevista o que no est\u00e9 en las bases , ser\u00e1 resuelta por la directiva de la bienal en forma definitiva e inapelable.<\/p>\t\t\t\t\t\t<\/div>\n\t\t\t\t<\/div>\n\t\t\t\t<div class=\"elementor-element elementor-element-ab2e674 elementor-widget elementor-widget-heading\" data-id=\"ab2e674\" data-element_type=\"widget\" data-widget_type=\"heading.default\">\n\t\t\t\t<div class=\"elementor-widget-container\">\n\t\t\t<h2 class=\"elementor-heading-title elementor-size-default\">Fechas<\/h2>\t\t<\/div>\n\t\t\t\t<\/div>\n\t\t\t\t<div class=\"elementor-element elementor-element-c89e38c elementor-widget elementor-widget-text-editor\" data-id=\"c89e38c\" data-element_type=\"widget\" data-widget_type=\"text-editor.default\">\n\t\t\t\t<div class=\"elementor-widget-container\">\n\t\t\t\t\t\t\t<p>Deadline:\u00a0 August 31 , 2024<br \/>Selected Projects:\u00a0 September 05, 2024<br \/>Finalist Projects: September 10, 2024<br \/>Awarded Projects: September 12, 2024<br \/>Opening:  15 de Noviembre, 2024<br \/>Exposici\u00f3n: 15 de Noviembre - 28 de Noviembre,2024<\/p>\t\t\t\t\t\t<\/div>\n\t\t\t\t<\/div>\n\t\t\t\t<div class=\"elementor-element elementor-element-9ee1ef4 elementor-widget elementor-widget-heading\" data-id=\"9ee1ef4\" data-element_type=\"widget\" data-widget_type=\"heading.default\">\n\t\t\t\t<div class=\"elementor-widget-container\">\n\t\t\t<h2 class=\"elementor-heading-title elementor-size-default\">Informaci\u00f3n<\/h2>\t\t<\/div>\n\t\t\t\t<\/div>\n\t\t\t\t<div class=\"elementor-element elementor-element-fcf15f3 elementor-widget elementor-widget-text-editor\" data-id=\"fcf15f3\" data-element_type=\"widget\" data-widget_type=\"text-editor.default\">\n\t\t\t\t<div class=\"elementor-widget-container\">\n\t\t\t\t\t\t\t<p>Para participar, ser\u00e1 necesario que la informaci\u00f3n a ENVIAR cumpla dos requisitos, que describimos a continuaci\u00f3n:<\/p><p>A).\u00a0<span style=\"letter-spacing: 0.4px; font-weight: bold;\">Descripci\u00f3n del Proyecto\u00a0<\/span><span style=\"letter-spacing: 0.4px;\">\u00a0<\/span><span style=\"letter-spacing: normal;\">Describe cada poster en un\u00a0<\/span><span style=\"font-weight: bold; letter-spacing: normal;\">archivo PDF o  Word<\/span><span style=\"letter-spacing: normal;\">\u00a0file.\u00a0<\/span><span style=\"font-style: inherit; font-weight: inherit; letter-spacing: 0.4px;\">Aunque algunos carteles denotan expl\u00edcitamente lo que transmiten, es aconsejable detallar lo que se pretend\u00eda \"denotar\" o \"transmitir\" a trav\u00e9s de cada cartel. Importante por ejemplo para los carteles de tem\u00e1tica cultural, ya que cada pa\u00eds tiene su propia cultura y tradici\u00f3n.\u00a0\u00a0 S\u00e9 muy preciso en lo que quieres transmitir o denotar con tu trabajo, \"descr\u00edbalo bien\" para que el jurado tenga una percepci\u00f3n completa de tu trabajo. Cada pa\u00eds tiene su propia idiosincrasia y cultura y en algunos casos es necesario \"aclarar bien\" para que se entienda una obra. Esto es muy importante, y puede ser decisivo especialmente en las etapas finales, cuando el jurado est\u00e1 tratando de elegir a los ganadores del concurso y est\u00e1 buscando una gu\u00eda de apoyo m\u00e1s all\u00e1 de la visualizaci\u00f3n de la obra.\u00a0<\/span><\/p><p>B). <b>Adjunte im\u00e1genes de los carteles <\/b>70cm (horizontal)   100cm (vertical), 300 DPI, RGB, formato JPG. Comprimir con rar, zip para enviar. \"Formato de nombre de archivo\": Pa\u00eds + apellido del autor + nombre del cartel<\/p>\t\t\t\t\t\t<\/div>\n\t\t\t\t<\/div>\n\t\t\t\t<div class=\"elementor-element elementor-element-33f649c elementor-widget elementor-widget-heading\" data-id=\"33f649c\" data-element_type=\"widget\" data-widget_type=\"heading.default\">\n\t\t\t\t<div class=\"elementor-widget-container\">\n\t\t\t<h2 class=\"elementor-heading-title elementor-size-default\">Formulario de Presentaci\u00f3n - Carteles<\/h2>\t\t<\/div>\n\t\t\t\t<\/div>\n\t\t\t\t<div class=\"elementor-element elementor-element-22f993d elementor-widget elementor-widget-text-editor\" data-id=\"22f993d\" data-element_type=\"widget\" data-widget_type=\"text-editor.default\">\n\t\t\t\t<div class=\"elementor-widget-container\">\n\t\t\t\t\t\t\t<p style=\"font-size: 16px; font-style: normal; color: #ffffff; letter-spacing: 0.4px;\">Introduzca un correo electr\u00f3nico \"activo y primario\" para las comunicaciones (muy importante). Recibir\u00e1 un correo electr\u00f3nico de confirmaci\u00f3n en un plazo de 36 horas. Compruebe su \"correo principal\" y tambi\u00e9n el \"buz\u00f3n de spam\" (Muy importante). Le recomendamos que a\u00f1ada el correo electr\u00f3nico a su libreta de direcciones: <b>peru@perubienal.com<\/b><\/p><p style=\"font-size: 16px; font-style: normal; color: #ffffff; letter-spacing: 0.4px;\">Por favor verifique que la extensi\u00f3n de los \"archivos\" a ser enviados cumple con los requisitos del \"Formulario de Presentaci\u00f3n\". Si las im\u00e1genes a enviar superan los 8 MB, puede utilizar las herramientas de transferencia de archivos: Wetransfer, Google Drive o \"similar\" para enviar su proyecto y notificar el correo electr\u00f3nico: <b>peru@perubienal.com<\/b><\/p><p style=\"letter-spacing: 0.4px; font-style: normal; font-size: 16px; color: #ffffff;\"><b>\u00a0<\/b><\/p><p style=\"font-size: 16px; font-style: normal; color: #ffffff; letter-spacing: 0.4px;\"><b>\u00a0<\/b><\/p><p>\u00a0<\/p>\t\t\t\t\t\t<\/div>\n\t\t\t\t<\/div>\n\t\t\t\t<div class=\"elementor-element elementor-element-2eaf140 elementor-widget elementor-widget-shortcode\" data-id=\"2eaf140\" data-element_type=\"widget\" data-widget_type=\"shortcode.default\">\n\t\t\t\t<div class=\"elementor-widget-container\">\n\t\t\t\t\t<div class=\"elementor-shortcode\">\n<div class=\"wpcf7 no-js\" id=\"wpcf7-f4051-o1\" lang=\"es-ES\" dir=\"ltr\">\n<div class=\"screen-reader-response\"><p role=\"status\" aria-live=\"polite\" aria-atomic=\"true\"><\/p> <ul><\/ul><\/div>\n<form action=\"\/es\/wp-json\/wp\/v2\/pages\/2379#wpcf7-f4051-o1\" method=\"post\" class=\"wpcf7-form init\" aria-label=\"Formulario de contacto\" enctype=\"multipart\/form-data\" novalidate=\"novalidate\" data-status=\"init\" data-trp-original-action=\"\/es\/wp-json\/wp\/v2\/pages\/2379#wpcf7-f4051-o1\">\n<div style=\"display: none;\">\n<input type=\"hidden\" name=\"_wpcf7\" value=\"4051\" \/>\n<input type=\"hidden\" name=\"_wpcf7_version\" value=\"5.9.3\" \/>\n<input type=\"hidden\" name=\"_wpcf7_locale\" value=\"es_ES\" \/>\n<input type=\"hidden\" name=\"_wpcf7_unit_tag\" value=\"wpcf7-f4051-o1\" \/>\n<input type=\"hidden\" name=\"_wpcf7_container_post\" value=\"0\" \/>\n<input type=\"hidden\" name=\"_wpcf7_posted_data_hash\" value=\"\" \/>\n<\/div>\n<p><label> Nombre\/Apellido (*)<br \/>\n<span class=\"wpcf7-form-control-wrap\" data-name=\"your-name\"><input size=\"40\" class=\"wpcf7-form-control wpcf7-text wpcf7-validates-as-required\" aria-required=\"true\" aria-invalid=\"false\" value=\"\" type=\"text\" name=\"your-name\" \/><\/span> <\/label>\n<\/p>\n<p><label> Correo electr\u00f3nico (*)<br \/>\n<span class=\"wpcf7-form-control-wrap\" data-name=\"your-email\"><input size=\"40\" class=\"wpcf7-form-control wpcf7-email wpcf7-validates-as-required wpcf7-text wpcf7-validates-as-email\" aria-required=\"true\" aria-invalid=\"false\" value=\"\" type=\"email\" name=\"your-email\" \/><\/span> <\/label>\n<\/p>\n<p> Tel\u00e9fono (*)\n<\/p>\n<p><span class=\"wpcf7-form-control-wrap\" data-name=\"tel-487\"><input size=\"40\" class=\"wpcf7-form-control wpcf7-tel wpcf7-validates-as-required wpcf7-text wpcf7-validates-as-tel\" aria-required=\"true\" aria-invalid=\"false\" value=\"\" type=\"tel\" name=\"tel-487\" \/><\/span>\n<\/p>\n<p\/>\n<\/p>\n<p> Descripci\u00f3n del proyecto: doc,docx,pdf (*)\n<\/p>\n<p><span class=\"wpcf7-form-control-wrap\" data-name=\"file-209\"><input size=\"40\" class=\"wpcf7-form-control wpcf7-file wpcf7-validates-as-required\" accept=\".docx,.pdf,.doc\" aria-required=\"true\" aria-invalid=\"false\" type=\"file\" name=\"file-209\" \/><\/span>\n<\/p>\n<p\/>\n<\/p>\n<p> Im\u00e1genes del proyecto: zip,rar (*)\n<\/p>\n<p><span class=\"wpcf7-form-control-wrap\" data-name=\"file-435\"><input size=\"40\" class=\"wpcf7-form-control wpcf7-file wpcf7-validates-as-required\" accept=\".zip,.rar\" aria-required=\"true\" aria-invalid=\"false\" type=\"file\" name=\"file-435\" \/><\/span>\n<\/p>\n<p\/>\n<\/p>\n<p> (*)Campos Obligatorios\n<\/p>\n<p><input class=\"wpcf7-form-control wpcf7-submit has-spinner\" type=\"submit\" value=\"ENVIAR\" \/>\n<\/p><div class=\"wpcf7-response-output\" aria-hidden=\"true\"><\/div>\n<input type=\"hidden\" name=\"trp-form-language\" value=\"es\"\/><\/form>\n<\/div>\n<\/div>\n\t\t\t\t<\/div>\n\t\t\t\t<\/div>\n\t\t\t\t\t<\/div>\n\t\t<\/div>\n\t\t\t\t\t<\/div>\n\t\t<\/section>\n\t\t\t\t<\/div>","protected":false},"excerpt":{"rendered":"<p>Peru Biennial International CallPoster Apply International Call- Poster Design The Peru Biennial officially announces the international poster contest. The call is open to companies, professionals and future professionals in the design sector with unpublished projects and \/ or published in the last four years. Selected posters, finalists and award winners will be part of the [&hellip;]<\/p>","protected":false},"author":1,"featured_media":0,"parent":0,"menu_order":0,"comment_status":"closed","ping_status":"closed","template":"","meta":{"_eb_attr":"","site-sidebar-layout":"no-sidebar","site-content-layout":"page-builder","ast-site-content-layout":"full-width-container","site-content-style":"default","site-sidebar-style":"default","ast-global-header-display":"","ast-banner-title-visibility":"","ast-main-header-display":"","ast-hfb-above-header-display":"","ast-hfb-below-header-display":"","ast-hfb-mobile-header-display":"","site-post-title":"disabled","ast-breadcrumbs-content":"","ast-featured-img":"disabled","footer-sml-layout":"","theme-transparent-header-meta":"","adv-header-id-meta":"","stick-header-meta":"","header-above-stick-meta":"","header-main-stick-meta":"","header-below-stick-meta":"","astra-migrate-meta-layouts":"set","ast-page-background-enabled":"default","ast-page-background-meta":{"desktop":{"background-color":"","background-image":"","background-repeat":"repeat","background-position":"center center","background-size":"auto","background-attachment":"scroll","background-type":"","background-media":"","overlay-type":"","overlay-color":"","overlay-gradient":""},"tablet":{"background-color":"","background-image":"","background-repeat":"repeat","background-position":"center center","background-size":"auto","background-attachment":"scroll","background-type":"","background-media":"","overlay-type":"","overlay-color":"","overlay-gradient":""},"mobile":{"background-color":"","background-image":"","background-repeat":"repeat","background-position":"center center","background-size":"auto","background-attachment":"scroll","background-type":"","background-media":"","overlay-type":"","overlay-color":"","overlay-gradient":""}},"ast-content-background-meta":{"desktop":{"background-color":"var(--ast-global-color-5)","background-image":"","background-repeat":"repeat","background-position":"center center","background-size":"auto","background-attachment":"scroll","background-type":"","background-media":"","overlay-type":"","overlay-color":"","overlay-gradient":""},"tablet":{"background-color":"var(--ast-global-color-5)","background-image":"","background-repeat":"repeat","background-position":"center center","background-size":"auto","background-attachment":"scroll","background-type":"","background-media":"","overlay-type":"","overlay-color":"","overlay-gradient":""},"mobile":{"background-color":"var(--ast-global-color-5)","background-image":"","background-repeat":"repeat","background-position":"center center","background-size":"auto","background-attachment":"scroll","background-type":"","background-media":"","overlay-type":"","overlay-color":"","overlay-gradient":""}},"_joinchat":[],"footnotes":""},"class_list":["post-2379","page","type-page","status-publish","hentry"],"jetpack_sharing_enabled":true,"_links":{"self":[{"href":"https:\/\/perubienal.com\/es\/wp-json\/wp\/v2\/pages\/2379","targetHints":{"allow":["GET"]}}],"collection":[{"href":"https:\/\/perubienal.com\/es\/wp-json\/wp\/v2\/pages"}],"about":[{"href":"https:\/\/perubienal.com\/es\/wp-json\/wp\/v2\/types\/page"}],"author":[{"embeddable":true,"href":"https:\/\/perubienal.com\/es\/wp-json\/wp\/v2\/users\/1"}],"replies":[{"embeddable":true,"href":"https:\/\/perubienal.com\/es\/wp-json\/wp\/v2\/comments?post=2379"}],"version-history":[{"count":136,"href":"https:\/\/perubienal.com\/es\/wp-json\/wp\/v2\/pages\/2379\/revisions"}],"predecessor-version":[{"id":6676,"href":"https:\/\/perubienal.com\/es\/wp-json\/wp\/v2\/pages\/2379\/revisions\/6676"}],"wp:attachment":[{"href":"https:\/\/perubienal.com\/es\/wp-json\/wp\/v2\/media?parent=2379"}],"curies":[{"name":"wp","href":"https:\/\/api.w.org\/{rel}","templated":true}]}}