{"id":2460,"date":"2024-04-04T01:29:30","date_gmt":"2024-04-03T23:29:30","guid":{"rendered":"https:\/\/perubienal.com\/?page_id=2460"},"modified":"2024-08-12T23:25:43","modified_gmt":"2024-08-12T21:25:43","slug":"editorial","status":"publish","type":"page","link":"https:\/\/perubienal.com\/es\/editorial\/","title":{"rendered":"Editorial"},"content":{"rendered":"<div data-elementor-type=\"wp-page\" data-elementor-id=\"2460\" class=\"elementor elementor-2460\">\n\t\t\t\t<div class=\"elementor-element elementor-element-50e472c e-flex e-con-boxed e-con e-parent\" data-id=\"50e472c\" data-element_type=\"container\" data-settings=\"{&quot;background_background&quot;:&quot;classic&quot;}\">\n\t\t\t\t\t<div class=\"e-con-inner\">\n\t\t<div class=\"elementor-element elementor-element-2f47a55b e-con-full e-flex e-con e-child\" data-id=\"2f47a55b\" data-element_type=\"container\">\n\t\t<div class=\"elementor-element elementor-element-79fead47 e-con-full e-flex e-con e-child\" data-id=\"79fead47\" data-element_type=\"container\">\n\t\t<div class=\"elementor-element elementor-element-2c617850 e-con-full e-flex e-con e-child\" data-id=\"2c617850\" data-element_type=\"container\">\n\t\t\t\t<div class=\"elementor-element elementor-element-536f38a elementor-widget elementor-widget-heading\" data-id=\"536f38a\" data-element_type=\"widget\" data-widget_type=\"heading.default\">\n\t\t\t\t<div class=\"elementor-widget-container\">\n\t\t\t<style>\/*! elementor - v3.21.0 - 30-04-2024 *\/\n.elementor-heading-title{padding:0;margin:0;line-height:1}.elementor-widget-heading .elementor-heading-title[class*=elementor-size-]>a{color:inherit;font-size:inherit;line-height:inherit}.elementor-widget-heading .elementor-heading-title.elementor-size-small{font-size:15px}.elementor-widget-heading .elementor-heading-title.elementor-size-medium{font-size:19px}.elementor-widget-heading .elementor-heading-title.elementor-size-large{font-size:29px}.elementor-widget-heading .elementor-heading-title.elementor-size-xl{font-size:39px}.elementor-widget-heading .elementor-heading-title.elementor-size-xxl{font-size:59px}<\/style><h1 class=\"elementor-heading-title elementor-size-default\">Per\u00fa Bienal<\/h1>\t\t<\/div>\n\t\t\t\t<\/div>\n\t\t\t\t<\/div>\n\t\t\t\t<\/div>\n\t\t<div class=\"elementor-element elementor-element-4296081b e-con-full e-flex e-con e-child\" data-id=\"4296081b\" data-element_type=\"container\">\n\t\t<div class=\"elementor-element elementor-element-11792e6a e-con-full e-flex e-con e-child\" data-id=\"11792e6a\" data-element_type=\"container\">\n\t\t\t\t<div class=\"elementor-element elementor-element-3d88c862 elementor-widget elementor-widget-heading\" data-id=\"3d88c862\" data-element_type=\"widget\" data-widget_type=\"heading.default\">\n\t\t\t\t<div class=\"elementor-widget-container\">\n\t\t\t<h3 class=\"elementor-heading-title elementor-size-default\">Convocatorias Internacionales<br>Editorial<\/h3>\t\t<\/div>\n\t\t\t\t<\/div>\n\t\t\t\t<\/div>\n\t\t\t\t<\/div>\n\t\t\t\t<\/div>\n\t\t\t\t\t<\/div>\n\t\t\t\t<\/div>\n\t\t\t\t<section class=\"elementor-section elementor-top-section elementor-element elementor-element-40k2n04 elementor-section-boxed elementor-section-height-default elementor-section-height-default\" data-id=\"40k2n04\" data-element_type=\"section\" data-settings=\"{&quot;background_background&quot;:&quot;classic&quot;}\">\n\t\t\t\t\t\t<div class=\"elementor-container elementor-column-gap-default\">\n\t\t\t\t\t<div class=\"elementor-column elementor-col-100 elementor-top-column elementor-element elementor-element-f088365\" data-id=\"f088365\" data-element_type=\"column\">\n\t\t\t<div class=\"elementor-widget-wrap elementor-element-populated\">\n\t\t\t\t\t\t<div class=\"elementor-element elementor-element-6ae79fb elementor-widget elementor-widget-heading\" data-id=\"6ae79fb\" data-element_type=\"widget\" data-widget_type=\"heading.default\">\n\t\t\t\t<div class=\"elementor-widget-container\">\n\t\t\t<h4 class=\"elementor-heading-title elementor-size-default\">Aplicar<\/h4>\t\t<\/div>\n\t\t\t\t<\/div>\n\t\t\t\t<div class=\"elementor-element elementor-element-e7d1eaf elementor-widget elementor-widget-heading\" data-id=\"e7d1eaf\" data-element_type=\"widget\" data-widget_type=\"heading.default\">\n\t\t\t\t<div class=\"elementor-widget-container\">\n\t\t\t<h2 class=\"elementor-heading-title elementor-size-default\">Convocatorias Internacionales-Editorial<\/h2>\t\t<\/div>\n\t\t\t\t<\/div>\n\t\t\t\t<div class=\"elementor-element elementor-element-01dd3f1 elementor-widget elementor-widget-text-editor\" data-id=\"01dd3f1\" data-element_type=\"widget\" data-widget_type=\"text-editor.default\">\n\t\t\t\t<div class=\"elementor-widget-container\">\n\t\t\t<style>\/*! elementor - v3.21.0 - 30-04-2024 *\/\n.elementor-widget-text-editor.elementor-drop-cap-view-stacked .elementor-drop-cap{background-color:#69727d;color:#fff}.elementor-widget-text-editor.elementor-drop-cap-view-framed .elementor-drop-cap{color:#69727d;border:3px solid;background-color:transparent}.elementor-widget-text-editor:not(.elementor-drop-cap-view-default) .elementor-drop-cap{margin-top:8px}.elementor-widget-text-editor:not(.elementor-drop-cap-view-default) .elementor-drop-cap-letter{width:1em;height:1em}.elementor-widget-text-editor .elementor-drop-cap{float:left;text-align:center;line-height:1;font-size:50px}.elementor-widget-text-editor .elementor-drop-cap-letter{display:inline-block}<\/style>\t\t\t\t<p>Per\u00fa Bienal, anuncia oficialmente convocatoria internacional en la categor\u00eda de Dise\u00f1o Editorial .La convocatoria est\u00e1 abierta a instituciones, empresas, profesionales y futuros profesionales en el sector con in\u00e9ditos y \/ o proyectos publicados.<\/p><p>Participan Proyectos integrales o espec\u00edficos: dise\u00f1os de libros, revistas, cat\u00e1logos, novelas, enciclopedias, peri\u00f3dicos,  tapa\/cubierta entre otros. Libros y revistas recreativas ,cient\u00edficas, literarias. Libros y revistas de car\u00e1cter t\u00e9cnico. Libros y revistas de contenido po\u00e9tico, bibliogr\u00e1fico ,did\u00e1ctico, tur\u00edstico , art\u00edstico, autoayuda , entre otros elementos relacionados.<\/p>\t\t\t\t\t\t<\/div>\n\t\t\t\t<\/div>\n\t\t\t\t<div class=\"elementor-element elementor-element-c517f74 elementor-widget elementor-widget-heading\" data-id=\"c517f74\" data-element_type=\"widget\" data-widget_type=\"heading.default\">\n\t\t\t\t<div class=\"elementor-widget-container\">\n\t\t\t<h2 class=\"elementor-heading-title elementor-size-default\">Consideraciones Generales<\/h2>\t\t<\/div>\n\t\t\t\t<\/div>\n\t\t\t\t<div class=\"elementor-element elementor-element-33d397e elementor-widget elementor-widget-text-editor\" data-id=\"33d397e\" data-element_type=\"widget\" data-widget_type=\"text-editor.default\">\n\t\t\t\t<div class=\"elementor-widget-container\">\n\t\t\t\t\t\t\t<p>a). Participan proyectos nacionales e internacionales<\/p><p>b). La organizaci\u00f3n declina toda responsabilidad por la autenticidad de las Obras a sus autores.<\/p><p>c). El participante autoriza a la organizaci\u00f3n a comunicar p\u00fablicamente las im\u00e1genes de las obras respetando en todo momento el derecho de autor, con el fin de maximizar su difusi\u00f3n en diferentes medios y plataformas de comunicaci\u00f3n que los organizadores consideren convenientes.<\/p><p>d).\u00a0The jury will choose among all the projects presented, \u201cselected projects\u201d, the same ones that will be publicly recognized and will be part of the exhibition of the Peru Biennial. From the group of selected projects the jury chooses \u201cfinalist projects\u201d as long as it considers that the pieces merit it. The finalist projects enter the final straight to choose the winning project in the category of editorial design.<\/p><p>f). Ning\u00fan miembro del jurado debe haber participado directa o indirectamente en las obras que se dar\u00e1 a los participantes en el evento. El veredicto del jurado es inapelable, el jurado se compromete a no revelar el resultado antes de las fechas estipuladas por la organizaci\u00f3n.<\/p><p>g)\u00a0The selected projects, finalists and winners will be certified, officially recognized by the Organizing Committee and will be part of the 2024 exhibition of the Biennial of Peru, as an example of good practice in the design sector.<\/p><p>h). El Jurado tendr\u00e1 en cuenta en su evaluaci\u00f3n de los trabajos los siguientes criterios: Creatividad, la Innovaci\u00f3n, Est\u00e9tica y la Funcionalidad, teniendo en cuenta una escala de calificaciones de 1 a 10.<\/p><p>i) Cualquier objeci\u00f3n prevista o que no est\u00e9 en las bases, ser\u00e1 resuelta por la directiva de la bienal en forma definitiva e inapelable.<\/p><p>Todos los derechos reservados \u2013 Per\u00fa Bienal<\/p>\t\t\t\t\t\t<\/div>\n\t\t\t\t<\/div>\n\t\t\t\t<div class=\"elementor-element elementor-element-ab2e674 elementor-widget elementor-widget-heading\" data-id=\"ab2e674\" data-element_type=\"widget\" data-widget_type=\"heading.default\">\n\t\t\t\t<div class=\"elementor-widget-container\">\n\t\t\t<h2 class=\"elementor-heading-title elementor-size-default\">Fechas<\/h2>\t\t<\/div>\n\t\t\t\t<\/div>\n\t\t\t\t<div class=\"elementor-element elementor-element-c89e38c elementor-widget elementor-widget-text-editor\" data-id=\"c89e38c\" data-element_type=\"widget\" data-widget_type=\"text-editor.default\">\n\t\t\t\t<div class=\"elementor-widget-container\">\n\t\t\t\t\t\t\t<p>Deadline:\u00a0 August 31 , 2024<br \/>Selected Projects:\u00a0 September 05, 2024<br \/>Finalist Projects: September 10, 2024<br \/>Awarded Projects: September 12, 2024<br \/>Opening:  15 de Noviembre, 2024<br \/>Exposici\u00f3n: 15 de Noviembre - 28 de Noviembre,2024<\/p>\t\t\t\t\t\t<\/div>\n\t\t\t\t<\/div>\n\t\t\t\t<div class=\"elementor-element elementor-element-9ee1ef4 elementor-widget elementor-widget-heading\" data-id=\"9ee1ef4\" data-element_type=\"widget\" data-widget_type=\"heading.default\">\n\t\t\t\t<div class=\"elementor-widget-container\">\n\t\t\t<h2 class=\"elementor-heading-title elementor-size-default\">Informaci\u00f3n<\/h2>\t\t<\/div>\n\t\t\t\t<\/div>\n\t\t\t\t<div class=\"elementor-element elementor-element-fcf15f3 elementor-widget elementor-widget-text-editor\" data-id=\"fcf15f3\" data-element_type=\"widget\" data-widget_type=\"text-editor.default\">\n\t\t\t\t<div class=\"elementor-widget-container\">\n\t\t\t\t\t\t\t<p>Para participar ser\u00e1 necesario que la informaci\u00f3n a ENVIAR  re\u00fana dos requisitos:<\/p>\n<p>A)<b>&nbsp;<\/b><span style=\"letter-spacing: 0.4px;\">&nbsp;<\/span><span style=\"letter-spacing: 0.4px; font-weight: 700;\">Descripci\u00f3n del Proyecto en un archivo PDF o Word<\/span><span style=\"letter-spacing: 0.4px;\">&nbsp;considerando: Nombre de la&nbsp;<\/span><span style=\"letter-spacing: 0.4px; font-weight: 700;\">compa\u00f1ia<\/span><span style=\"letter-spacing: 0.4px;\">&nbsp;o&nbsp;<\/span><span style=\"letter-spacing: 0.4px; font-weight: 700;\">instituci\u00f3n<\/span><span style=\"letter-spacing: 0.4px;\">&nbsp;o<\/span><span style=\"letter-spacing: 0.4px; font-weight: 700;\">&nbsp;autor<\/span><span style=\"letter-spacing: 0.4px;\">&nbsp;y una breve&nbsp;<\/span><span style=\"letter-spacing: 0.4px; font-weight: 700;\">descripci\u00f3n<\/span><span style=\"letter-spacing: 0.4px;\">&nbsp;del proyecto<\/span><\/p>\n<p>B) <b>Im\u00e1genes del Proyecto <\/b>Tama\u00f1o m\u00ednimo de cada imagen 1000 px. x 1000 px. Las im\u00e1genes deben ser comprimidas en formato zip o rar. Peso m\u00e1ximo 8MB.<\/p>\n<p>La informaci\u00f3n descrita arriba debe ser enviada a trav\u00e9s del \"Formulario de Presentaci\u00f3n \" al final de la lectura. Si, en un determinado proyecto, m\u00e1s de una persona particip\u00f3, esto debe consolidarse en la \"informaci\u00f3n del proyecto\" que se enviar\u00e1.<\/p>\t\t\t\t\t\t<\/div>\n\t\t\t\t<\/div>\n\t\t\t\t<div class=\"elementor-element elementor-element-33f649c elementor-widget elementor-widget-heading\" data-id=\"33f649c\" data-element_type=\"widget\" data-widget_type=\"heading.default\">\n\t\t\t\t<div class=\"elementor-widget-container\">\n\t\t\t<h2 class=\"elementor-heading-title elementor-size-default\">Formulario De Presentaci\u00f3n - Editorial<\/h2>\t\t<\/div>\n\t\t\t\t<\/div>\n\t\t\t\t<div class=\"elementor-element elementor-element-3b11aef elementor-widget elementor-widget-text-editor\" data-id=\"3b11aef\" data-element_type=\"widget\" data-widget_type=\"text-editor.default\">\n\t\t\t\t<div class=\"elementor-widget-container\">\n\t\t\t\t\t\t\t<p>\u00a0Introduzca un correo electr\u00f3nico \"activo y principal\" para las comunicaciones necesarias (muy importante). Recibir\u00e1 un correo electr\u00f3nico de confirmaci\u00f3n en un plazo de 36 horas. Marque su \"correo principal\" y tambi\u00e9n el \"buz\u00f3n spam\" (Muy importante).  Recomendamos agregar el correo electr\u00f3nico a su libreta de direcciones :\u00a0<b>peru@perubienal.com<\/b><\/p><p>Por favor verifique que la extensi\u00f3n de los \"archivos\" a ser enviados cumple con los requisitos del \"Formulario de Env\u00edo\". Si las im\u00e1genes a enviar superan los 8 MB, puede utilizar las herramientas de transferencia de archivos: Wetransfer, Google Drive o \"similar\" para enviar su proyecto y notificar el correo electr\u00f3nico:\u00a0<b>peru@perubienal.com<\/b><\/p>\t\t\t\t\t\t<\/div>\n\t\t\t\t<\/div>\n\t\t\t\t<div class=\"elementor-element elementor-element-c6a2569 elementor-widget elementor-widget-shortcode\" data-id=\"c6a2569\" data-element_type=\"widget\" data-widget_type=\"shortcode.default\">\n\t\t\t\t<div class=\"elementor-widget-container\">\n\t\t\t\t\t<div class=\"elementor-shortcode\">\n<div class=\"wpcf7 no-js\" id=\"wpcf7-f4151-o1\" lang=\"es-ES\" dir=\"ltr\">\n<div class=\"screen-reader-response\"><p role=\"status\" aria-live=\"polite\" aria-atomic=\"true\"><\/p> <ul><\/ul><\/div>\n<form action=\"\/es\/wp-json\/wp\/v2\/pages\/2460#wpcf7-f4151-o1\" method=\"post\" class=\"wpcf7-form init\" aria-label=\"Formulario de contacto\" enctype=\"multipart\/form-data\" novalidate=\"novalidate\" data-status=\"init\" data-trp-original-action=\"\/es\/wp-json\/wp\/v2\/pages\/2460#wpcf7-f4151-o1\">\n<div style=\"display: none;\">\n<input type=\"hidden\" name=\"_wpcf7\" value=\"4151\" \/>\n<input type=\"hidden\" name=\"_wpcf7_version\" value=\"5.9.3\" \/>\n<input type=\"hidden\" name=\"_wpcf7_locale\" value=\"es_ES\" \/>\n<input type=\"hidden\" name=\"_wpcf7_unit_tag\" value=\"wpcf7-f4151-o1\" \/>\n<input type=\"hidden\" name=\"_wpcf7_container_post\" value=\"0\" \/>\n<input type=\"hidden\" name=\"_wpcf7_posted_data_hash\" value=\"\" \/>\n<\/div>\n<p><label> Nombre\/Apellido (*)<br \/>\n<span class=\"wpcf7-form-control-wrap\" data-name=\"your-name\"><input size=\"40\" class=\"wpcf7-form-control wpcf7-text wpcf7-validates-as-required\" aria-required=\"true\" aria-invalid=\"false\" value=\"\" type=\"text\" name=\"your-name\" \/><\/span> <\/label>\n<\/p>\n<p><label> Correo electr\u00f3nico (*)<br \/>\n<span class=\"wpcf7-form-control-wrap\" data-name=\"your-email\"><input size=\"40\" class=\"wpcf7-form-control wpcf7-email wpcf7-validates-as-required wpcf7-text wpcf7-validates-as-email\" aria-required=\"true\" aria-invalid=\"false\" value=\"\" type=\"email\" name=\"your-email\" \/><\/span> <\/label>\n<\/p>\n<p> Tel\u00e9fono (*)\n<\/p>\n<p><span class=\"wpcf7-form-control-wrap\" data-name=\"tel-487\"><input size=\"40\" class=\"wpcf7-form-control wpcf7-tel wpcf7-validates-as-required wpcf7-text wpcf7-validates-as-tel\" aria-required=\"true\" aria-invalid=\"false\" value=\"\" type=\"tel\" name=\"tel-487\" \/><\/span>\n<\/p>\n<p\/>\n<\/p>\n<p> Descripci\u00f3n del proyecto: doc,docx,pdf (*)\n<\/p>\n<p><span class=\"wpcf7-form-control-wrap\" data-name=\"file-209\"><input size=\"40\" class=\"wpcf7-form-control wpcf7-file wpcf7-validates-as-required\" accept=\".docx,.pdf,.doc\" aria-required=\"true\" aria-invalid=\"false\" type=\"file\" name=\"file-209\" \/><\/span>\n<\/p>\n<p\/>\n<\/p>\n<p> Im\u00e1genes del proyecto: zip,rar (*)\n<\/p>\n<p><span class=\"wpcf7-form-control-wrap\" data-name=\"file-435\"><input size=\"40\" class=\"wpcf7-form-control wpcf7-file wpcf7-validates-as-required\" accept=\".zip,.rar\" aria-required=\"true\" aria-invalid=\"false\" type=\"file\" name=\"file-435\" \/><\/span>\n<\/p>\n<p\/>\n<\/p>\n<p> (*)Campos Obligatorios\n<\/p>\n<p><input class=\"wpcf7-form-control wpcf7-submit has-spinner\" type=\"submit\" value=\"ENVIAR\" \/>\n<\/p><div class=\"wpcf7-response-output\" aria-hidden=\"true\"><\/div>\n<input type=\"hidden\" name=\"trp-form-language\" value=\"es\"\/><\/form>\n<\/div>\n<\/div>\n\t\t\t\t<\/div>\n\t\t\t\t<\/div>\n\t\t\t\t\t<\/div>\n\t\t<\/div>\n\t\t\t\t\t<\/div>\n\t\t<\/section>\n\t\t\t\t<\/div>","protected":false},"excerpt":{"rendered":"<p>Peru Biennial International CallEditorial Apply International Call- Editorial The Peru Biennial, officially announces\u00a0an important international call in the category of Editorial Design .The call is open to companies, professionals and future professionals in the design sector with unpublished and \/ or published projects. Participate: Comprehensive designs of books , magazines, catalogs, graphic novels, enciclopedias, newpapers. [&hellip;]<\/p>","protected":false},"author":1,"featured_media":0,"parent":0,"menu_order":0,"comment_status":"closed","ping_status":"closed","template":"","meta":{"_eb_attr":"","site-sidebar-layout":"no-sidebar","site-content-layout":"page-builder","ast-site-content-layout":"full-width-container","site-content-style":"default","site-sidebar-style":"default","ast-global-header-display":"","ast-banner-title-visibility":"","ast-main-header-display":"","ast-hfb-above-header-display":"","ast-hfb-below-header-display":"","ast-hfb-mobile-header-display":"","site-post-title":"disabled","ast-breadcrumbs-content":"","ast-featured-img":"disabled","footer-sml-layout":"","theme-transparent-header-meta":"","adv-header-id-meta":"","stick-header-meta":"","header-above-stick-meta":"","header-main-stick-meta":"","header-below-stick-meta":"","astra-migrate-meta-layouts":"set","ast-page-background-enabled":"default","ast-page-background-meta":{"desktop":{"background-color":"","background-image":"","background-repeat":"repeat","background-position":"center center","background-size":"auto","background-attachment":"scroll","background-type":"","background-media":"","overlay-type":"","overlay-color":"","overlay-gradient":""},"tablet":{"background-color":"","background-image":"","background-repeat":"repeat","background-position":"center center","background-size":"auto","background-attachment":"scroll","background-type":"","background-media":"","overlay-type":"","overlay-color":"","overlay-gradient":""},"mobile":{"background-color":"","background-image":"","background-repeat":"repeat","background-position":"center center","background-size":"auto","background-attachment":"scroll","background-type":"","background-media":"","overlay-type":"","overlay-color":"","overlay-gradient":""}},"ast-content-background-meta":{"desktop":{"background-color":"var(--ast-global-color-5)","background-image":"","background-repeat":"repeat","background-position":"center center","background-size":"auto","background-attachment":"scroll","background-type":"","background-media":"","overlay-type":"","overlay-color":"","overlay-gradient":""},"tablet":{"background-color":"var(--ast-global-color-5)","background-image":"","background-repeat":"repeat","background-position":"center center","background-size":"auto","background-attachment":"scroll","background-type":"","background-media":"","overlay-type":"","overlay-color":"","overlay-gradient":""},"mobile":{"background-color":"var(--ast-global-color-5)","background-image":"","background-repeat":"repeat","background-position":"center center","background-size":"auto","background-attachment":"scroll","background-type":"","background-media":"","overlay-type":"","overlay-color":"","overlay-gradient":""}},"_joinchat":[],"footnotes":""},"class_list":["post-2460","page","type-page","status-publish","hentry"],"jetpack_sharing_enabled":true,"_links":{"self":[{"href":"https:\/\/perubienal.com\/es\/wp-json\/wp\/v2\/pages\/2460","targetHints":{"allow":["GET"]}}],"collection":[{"href":"https:\/\/perubienal.com\/es\/wp-json\/wp\/v2\/pages"}],"about":[{"href":"https:\/\/perubienal.com\/es\/wp-json\/wp\/v2\/types\/page"}],"author":[{"embeddable":true,"href":"https:\/\/perubienal.com\/es\/wp-json\/wp\/v2\/users\/1"}],"replies":[{"embeddable":true,"href":"https:\/\/perubienal.com\/es\/wp-json\/wp\/v2\/comments?post=2460"}],"version-history":[{"count":79,"href":"https:\/\/perubienal.com\/es\/wp-json\/wp\/v2\/pages\/2460\/revisions"}],"predecessor-version":[{"id":6640,"href":"https:\/\/perubienal.com\/es\/wp-json\/wp\/v2\/pages\/2460\/revisions\/6640"}],"wp:attachment":[{"href":"https:\/\/perubienal.com\/es\/wp-json\/wp\/v2\/media?parent=2460"}],"curies":[{"name":"wp","href":"https:\/\/api.w.org\/{rel}","templated":true}]}}