{"id":3088,"date":"2024-04-06T20:17:01","date_gmt":"2024-04-06T18:17:01","guid":{"rendered":"https:\/\/perubienal.com\/?page_id=3088"},"modified":"2024-08-12T23:32:39","modified_gmt":"2024-08-12T21:32:39","slug":"painting","status":"publish","type":"page","link":"https:\/\/perubienal.com\/es\/painting\/","title":{"rendered":"Painting"},"content":{"rendered":"<div data-elementor-type=\"wp-page\" data-elementor-id=\"3088\" class=\"elementor elementor-3088\">\n\t\t\t\t<div class=\"elementor-element elementor-element-ec089a1 e-flex e-con-boxed e-con e-parent\" data-id=\"ec089a1\" data-element_type=\"container\" data-settings=\"{&quot;background_background&quot;:&quot;classic&quot;}\">\n\t\t\t\t\t<div class=\"e-con-inner\">\n\t\t<div class=\"elementor-element elementor-element-13db1e31 e-con-full e-flex e-con e-child\" data-id=\"13db1e31\" data-element_type=\"container\">\n\t\t<div class=\"elementor-element elementor-element-5dde3982 e-con-full e-flex e-con e-child\" data-id=\"5dde3982\" data-element_type=\"container\">\n\t\t<div class=\"elementor-element elementor-element-1864fb8d e-con-full e-flex e-con e-child\" data-id=\"1864fb8d\" data-element_type=\"container\">\n\t\t\t\t<div class=\"elementor-element elementor-element-88bb996 elementor-widget elementor-widget-heading\" data-id=\"88bb996\" data-element_type=\"widget\" data-widget_type=\"heading.default\">\n\t\t\t\t<div class=\"elementor-widget-container\">\n\t\t\t<style>\/*! elementor - v3.21.0 - 30-04-2024 *\/\n.elementor-heading-title{padding:0;margin:0;line-height:1}.elementor-widget-heading .elementor-heading-title[class*=elementor-size-]>a{color:inherit;font-size:inherit;line-height:inherit}.elementor-widget-heading .elementor-heading-title.elementor-size-small{font-size:15px}.elementor-widget-heading .elementor-heading-title.elementor-size-medium{font-size:19px}.elementor-widget-heading .elementor-heading-title.elementor-size-large{font-size:29px}.elementor-widget-heading .elementor-heading-title.elementor-size-xl{font-size:39px}.elementor-widget-heading .elementor-heading-title.elementor-size-xxl{font-size:59px}<\/style><h1 class=\"elementor-heading-title elementor-size-default\">Per\u00fa Bienal<\/h1>\t\t<\/div>\n\t\t\t\t<\/div>\n\t\t\t\t<\/div>\n\t\t\t\t<\/div>\n\t\t<div class=\"elementor-element elementor-element-69f52ace e-con-full e-flex e-con e-child\" data-id=\"69f52ace\" data-element_type=\"container\">\n\t\t<div class=\"elementor-element elementor-element-283b2bf9 e-con-full e-flex e-con e-child\" data-id=\"283b2bf9\" data-element_type=\"container\">\n\t\t\t\t<div class=\"elementor-element elementor-element-446fcd41 elementor-widget elementor-widget-heading\" data-id=\"446fcd41\" data-element_type=\"widget\" data-widget_type=\"heading.default\">\n\t\t\t\t<div class=\"elementor-widget-container\">\n\t\t\t<h3 class=\"elementor-heading-title elementor-size-default\">Convocatoria Internacional-Pintura<\/h3>\t\t<\/div>\n\t\t\t\t<\/div>\n\t\t\t\t<\/div>\n\t\t\t\t<\/div>\n\t\t\t\t<\/div>\n\t\t\t\t\t<\/div>\n\t\t\t\t<\/div>\n\t\t\t\t<section class=\"elementor-section elementor-top-section elementor-element elementor-element-40k2n04 elementor-section-boxed elementor-section-height-default elementor-section-height-default\" data-id=\"40k2n04\" data-element_type=\"section\" data-settings=\"{&quot;background_background&quot;:&quot;classic&quot;}\">\n\t\t\t\t\t\t<div class=\"elementor-container elementor-column-gap-default\">\n\t\t\t\t\t<div class=\"elementor-column elementor-col-100 elementor-top-column elementor-element elementor-element-f088365\" data-id=\"f088365\" data-element_type=\"column\">\n\t\t\t<div class=\"elementor-widget-wrap elementor-element-populated\">\n\t\t\t\t\t\t<div class=\"elementor-element elementor-element-6ae79fb elementor-widget-tablet__width-initial elementor-widget elementor-widget-heading\" data-id=\"6ae79fb\" data-element_type=\"widget\" data-widget_type=\"heading.default\">\n\t\t\t\t<div class=\"elementor-widget-container\">\n\t\t\t<h4 class=\"elementor-heading-title elementor-size-default\">Aplicar<\/h4>\t\t<\/div>\n\t\t\t\t<\/div>\n\t\t\t\t<div class=\"elementor-element elementor-element-e7d1eaf elementor-widget elementor-widget-heading\" data-id=\"e7d1eaf\" data-element_type=\"widget\" data-widget_type=\"heading.default\">\n\t\t\t\t<div class=\"elementor-widget-container\">\n\t\t\t<h2 class=\"elementor-heading-title elementor-size-default\">Convocatoria Internacional-Pintura<\/h2>\t\t<\/div>\n\t\t\t\t<\/div>\n\t\t\t\t<div class=\"elementor-element elementor-element-01dd3f1 elementor-widget elementor-widget-text-editor\" data-id=\"01dd3f1\" data-element_type=\"widget\" data-widget_type=\"text-editor.default\">\n\t\t\t\t<div class=\"elementor-widget-container\">\n\t\t\t<style>\/*! elementor - v3.21.0 - 30-04-2024 *\/\n.elementor-widget-text-editor.elementor-drop-cap-view-stacked .elementor-drop-cap{background-color:#69727d;color:#fff}.elementor-widget-text-editor.elementor-drop-cap-view-framed .elementor-drop-cap{color:#69727d;border:3px solid;background-color:transparent}.elementor-widget-text-editor:not(.elementor-drop-cap-view-default) .elementor-drop-cap{margin-top:8px}.elementor-widget-text-editor:not(.elementor-drop-cap-view-default) .elementor-drop-cap-letter{width:1em;height:1em}.elementor-widget-text-editor .elementor-drop-cap{float:left;text-align:center;line-height:1;font-size:50px}.elementor-widget-text-editor .elementor-drop-cap-letter{display:inline-block}<\/style>\t\t\t\t<p>La Bienal de Per\u00fa anuncia oficialmente el concurso internacional de pintura. La convocatoria est\u00e1 abierta a empresas, profesionales y futuros profesionales de todos los pa\u00edses del mundo, con proyectos in\u00e9ditos y\/o publicados. Las pinturas seleccionadas, finalistas y ganadores formar\u00e1n parte de la exposici\u00f3n m\u00e1s grande del continente.<\/p><p>Participantes: Pinturas in\u00e9ditas y\/o publicadas en diferentes t\u00e9cnicas y estilos.<\/p>\t\t\t\t\t\t<\/div>\n\t\t\t\t<\/div>\n\t\t\t\t<div class=\"elementor-element elementor-element-c517f74 elementor-widget elementor-widget-heading\" data-id=\"c517f74\" data-element_type=\"widget\" data-widget_type=\"heading.default\">\n\t\t\t\t<div class=\"elementor-widget-container\">\n\t\t\t<h2 class=\"elementor-heading-title elementor-size-default\">Consideraciones Generales<\/h2>\t\t<\/div>\n\t\t\t\t<\/div>\n\t\t\t\t<div class=\"elementor-element elementor-element-33d397e elementor-widget elementor-widget-text-editor\" data-id=\"33d397e\" data-element_type=\"widget\" data-widget_type=\"text-editor.default\">\n\t\t\t\t<div class=\"elementor-widget-container\">\n\t\t\t\t\t\t\t<p>a). Participan proyectos internacionales y nacionales. M\u00ednimo uno, m\u00e1ximo dos pinturas por participante.\u00a0\u00a0<span style=\"letter-spacing: 0px;\">Pueden participar proyectos de cualquier pa\u00eds del mundo. Pueden participar estudios, empresas y profesionales independientes. Si la obra infringe los derechos de plagio o propiedad intelectual, el remitente ser\u00e1 el \u00fanico responsable.<\/span><\/p><p>b). <span style=\"font-style: inherit; letter-spacing: 0px;\">Los participantes autorizan a la organizaci\u00f3n a comunicar p\u00fablicamente las im\u00e1genes de las Obras respetando en todo momento el derecho del autor, con el fin de maximizar su difusi\u00f3n en diferentes medios y plataformas de comunicaci\u00f3n que los organizadores consideren convenientes.<\/span><\/p><p>d).\u00a0 El jurado elegir\u00e1 entre todos los proyectos presentados, \"proyectos seleccionados\", los mismos que ser\u00e1n reconocidos p\u00fablicamente y formar\u00e1n parte de la exposici\u00f3n de la Bienal de Per\u00fa. Del grupo de proyectos seleccionados el jurado elige \"proyectos finalistas\" siempre y cuando considere que las piezas lo ameriten. Los proyectos finalistas entran en la recta final para elegir el proyecto ganador en la categor\u00eda de pintura<\/p><p style=\"font-size: 16px; font-style: normal; font-weight: 400;\"><span style=\"font-style: inherit; letter-spacing: 0px;\">g). El veredicto del jurado es inapelable, el jurado se compromete a no revelar el resultado antes de las fechas estipuladas por la organizaci\u00f3n.<\/span><\/p><p style=\"font-size: 16px; font-style: normal; font-weight: 400;\">h) Los proyectos seleccionados, finalistas y ganadores ser\u00e1n certificados, reconocidos oficialmente por el Comit\u00e9 Organizador y formar\u00e1n parte de la exposici\u00f3n 2024.<\/p><p style=\"font-size: 16px; font-style: normal; font-weight: 400;\">i) Cualquier objeci\u00f3n prevista o que no est\u00e9 en las bases, ser\u00e1 resuelta por la directiva de la bienal en forma definitiva e inapelable.<\/p>\t\t\t\t\t\t<\/div>\n\t\t\t\t<\/div>\n\t\t\t\t<div class=\"elementor-element elementor-element-ab2e674 elementor-widget elementor-widget-heading\" data-id=\"ab2e674\" data-element_type=\"widget\" data-widget_type=\"heading.default\">\n\t\t\t\t<div class=\"elementor-widget-container\">\n\t\t\t<h2 class=\"elementor-heading-title elementor-size-default\">Fechas<\/h2>\t\t<\/div>\n\t\t\t\t<\/div>\n\t\t\t\t<div class=\"elementor-element elementor-element-c89e38c elementor-widget elementor-widget-text-editor\" data-id=\"c89e38c\" data-element_type=\"widget\" data-widget_type=\"text-editor.default\">\n\t\t\t\t<div class=\"elementor-widget-container\">\n\t\t\t\t\t\t\t<p>Deadline:\u00a0 August 31 , 2024<br \/>Selected Projects:\u00a0 September 05, 2024<br \/>Finalist Projects: September 10, 2024<br \/>Awarded Projects: September 12, 2024<br \/>Opening:  15 de Noviembre, 2024<br \/>Exposici\u00f3n: 15 de Noviembre - 28 de Noviembre,2024<\/p>\t\t\t\t\t\t<\/div>\n\t\t\t\t<\/div>\n\t\t\t\t<div class=\"elementor-element elementor-element-9ee1ef4 elementor-widget elementor-widget-heading\" data-id=\"9ee1ef4\" data-element_type=\"widget\" data-widget_type=\"heading.default\">\n\t\t\t\t<div class=\"elementor-widget-container\">\n\t\t\t<h2 class=\"elementor-heading-title elementor-size-default\">Informaci\u00f3n<\/h2>\t\t<\/div>\n\t\t\t\t<\/div>\n\t\t\t\t<div class=\"elementor-element elementor-element-fcf15f3 elementor-widget elementor-widget-text-editor\" data-id=\"fcf15f3\" data-element_type=\"widget\" data-widget_type=\"text-editor.default\">\n\t\t\t\t<div class=\"elementor-widget-container\">\n\t\t\t\t\t\t\t<p>Para participar ser\u00e1 necesario que la informaci\u00f3n a ENVIAR  re\u00fana dos requisitos:<\/p>\n<p><span style=\"font-size: 16px; font-style: inherit; font-weight: inherit; letter-spacing: 0px;\">A)<\/span><span style=\"font-size: 16px; font-style: inherit; letter-spacing: 0px;\"><b> Informaci\u00f3n del Proyecto<\/b><\/span><span style=\"font-size: 16px; font-style: inherit; font-weight: inherit; letter-spacing: 0px;\">,&nbsp;<\/span><span style=\"letter-spacing: normal;\">Describe cada pintura en un archivo PDF o Word. <b>archivo PDF o  Word<\/b> file.&nbsp;&nbsp;<\/span><\/p>\n<p><span style=\"font-size: 16px; font-style: inherit; font-weight: inherit; letter-spacing: 0px;\">B)&nbsp;<\/span><span style=\"letter-spacing: normal;\">&nbsp;<\/span><span style=\"letter-spacing: normal;\"><b>Adjuntar im\u00e1genes de la pintura <\/b>a enviar en una carpeta. Formato de nombre de la carpeta:<\/span><span style=\"font-weight: 700; letter-spacing: normal;\">&nbsp;Pais+apellido del autor+nombre de la pintura<\/span><span style=\"letter-spacing: normal;\">.&nbsp;<\/span><span style=\"letter-spacing: normal;\">Luego comprime la carpeta en&nbsp;<\/span><span style=\"font-weight: 700; letter-spacing: normal;\">formato zip o rar&nbsp;&nbsp;<\/span><span style=\"font-style: inherit; font-weight: 700; letter-spacing: normal;\">&nbsp;<\/span><span style=\"font-style: inherit; font-weight: inherit; letter-spacing: normal;\">&nbsp;<\/span><span style=\"font-style: inherit; font-weight: inherit; letter-spacing: 0px;\">Puede presentar hasta un m\u00e1ximo de dos pinturas.&nbsp;<\/span><span style=\"font-style: inherit; font-weight: inherit; letter-spacing: normal;\">Tema libre, t\u00e9cnica libre&nbsp;<\/span><span style=\"font-style: inherit; font-weight: inherit; letter-spacing: 0px;\">Tama\u00f1o hasta un m\u00e1ximo de 90 cm. ancho x 120 \u00abo\u00bb largo 120 cm ancho x 90 cm. largo. Por lo tanto, tambi\u00e9n pueden presentarse obras de tama\u00f1os mucho m\u00e1s peque\u00f1os que los indicados.<\/span><\/p>\n<p><br><\/p>\n<p><\/p>\t\t\t\t\t\t<\/div>\n\t\t\t\t<\/div>\n\t\t\t\t<div class=\"elementor-element elementor-element-33f649c elementor-widget elementor-widget-heading\" data-id=\"33f649c\" data-element_type=\"widget\" data-widget_type=\"heading.default\">\n\t\t\t\t<div class=\"elementor-widget-container\">\n\t\t\t<h2 class=\"elementor-heading-title elementor-size-default\">Formulario de Presentaci\u00f3n- Pintura<\/h2>\t\t<\/div>\n\t\t\t\t<\/div>\n\t\t\t\t<div class=\"elementor-element elementor-element-eb2a61d elementor-widget elementor-widget-text-editor\" data-id=\"eb2a61d\" data-element_type=\"widget\" data-widget_type=\"text-editor.default\">\n\t\t\t\t<div class=\"elementor-widget-container\">\n\t\t\t\t\t\t\t<p>Introduzca un correo electr\u00f3nico \"activo y principal\" para las comunicaciones necesarias (muy importante). Recibir\u00e1 un correo electr\u00f3nico de confirmaci\u00f3n en un plazo m\u00e1ximo de 48 horas. Verifique su \"correo principal\" y tambi\u00e9n el \"buz\u00f3n de correo spam\" (Muy importante).\u00a0 Recomendamos agregar el correo electr\u00f3nico a su libreta de direcciones :\u00a0<b>peru@perubienal.com<\/b><\/p><p>\u00a0Por favor verifique que la extensi\u00f3n de los \"archivos\" a ser enviados cumple con los requisitos del \"Formulario de Presentaci\u00f3n\". Si las im\u00e1genes a enviar superan los 8 MB, puede utilizar las herramientas de transferencia de archivos: Wetransfer, Google Drive o \"similar\" para enviar su proyecto y notificar el correo electr\u00f3nico:\u00a0<b>\u00a0peru@perubienal.com<\/b><\/p>\t\t\t\t\t\t<\/div>\n\t\t\t\t<\/div>\n\t\t\t\t<div class=\"elementor-element elementor-element-1cdac7a elementor-widget elementor-widget-shortcode\" data-id=\"1cdac7a\" data-element_type=\"widget\" data-widget_type=\"shortcode.default\">\n\t\t\t\t<div class=\"elementor-widget-container\">\n\t\t\t\t\t<div class=\"elementor-shortcode\">\n<div class=\"wpcf7 no-js\" id=\"wpcf7-f3941-o1\" lang=\"es-ES\" dir=\"ltr\">\n<div class=\"screen-reader-response\"><p role=\"status\" aria-live=\"polite\" aria-atomic=\"true\"><\/p> <ul><\/ul><\/div>\n<form action=\"\/es\/wp-json\/wp\/v2\/pages\/3088#wpcf7-f3941-o1\" method=\"post\" class=\"wpcf7-form init\" aria-label=\"Formulario de contacto\" enctype=\"multipart\/form-data\" novalidate=\"novalidate\" data-status=\"init\" data-trp-original-action=\"\/es\/wp-json\/wp\/v2\/pages\/3088#wpcf7-f3941-o1\">\n<div style=\"display: none;\">\n<input type=\"hidden\" name=\"_wpcf7\" value=\"3941\" \/>\n<input type=\"hidden\" name=\"_wpcf7_version\" value=\"5.9.3\" \/>\n<input type=\"hidden\" name=\"_wpcf7_locale\" value=\"es_ES\" \/>\n<input type=\"hidden\" name=\"_wpcf7_unit_tag\" value=\"wpcf7-f3941-o1\" \/>\n<input type=\"hidden\" name=\"_wpcf7_container_post\" value=\"0\" \/>\n<input type=\"hidden\" name=\"_wpcf7_posted_data_hash\" value=\"\" \/>\n<\/div>\n<p><label> Nombre\/Apellido (*)<br \/>\n<span class=\"wpcf7-form-control-wrap\" data-name=\"your-name\"><input size=\"40\" class=\"wpcf7-form-control wpcf7-text wpcf7-validates-as-required\" aria-required=\"true\" aria-invalid=\"false\" value=\"\" type=\"text\" name=\"your-name\" \/><\/span> <\/label>\n<\/p>\n<p><label> Correo electr\u00f3nico (*)<br \/>\n<span class=\"wpcf7-form-control-wrap\" data-name=\"your-email\"><input size=\"40\" class=\"wpcf7-form-control wpcf7-email wpcf7-validates-as-required wpcf7-text wpcf7-validates-as-email\" aria-required=\"true\" aria-invalid=\"false\" value=\"\" type=\"email\" name=\"your-email\" \/><\/span> <\/label>\n<\/p>\n<p> Tel\u00e9fono (*)\n<\/p>\n<p><span class=\"wpcf7-form-control-wrap\" data-name=\"tel-487\"><input size=\"40\" class=\"wpcf7-form-control wpcf7-tel wpcf7-validates-as-required wpcf7-text wpcf7-validates-as-tel\" aria-required=\"true\" aria-invalid=\"false\" value=\"\" type=\"tel\" name=\"tel-487\" \/><\/span>\n<\/p>\n<p\/>\n<\/p>\n<p> Descripci\u00f3n del proyecto: doc,docx,pdf (*)\n<\/p>\n<p><span class=\"wpcf7-form-control-wrap\" data-name=\"file-209\"><input size=\"40\" class=\"wpcf7-form-control wpcf7-file wpcf7-validates-as-required\" accept=\".docx,.pdf,.doc\" aria-required=\"true\" aria-invalid=\"false\" type=\"file\" name=\"file-209\" \/><\/span>\n<\/p>\n<p\/>\n<\/p>\n<p> Im\u00e1genes del proyecto: zip,rar (*)\n<\/p>\n<p><span class=\"wpcf7-form-control-wrap\" data-name=\"file-435\"><input size=\"40\" class=\"wpcf7-form-control wpcf7-file wpcf7-validates-as-required\" accept=\".zip,.rar\" aria-required=\"true\" aria-invalid=\"false\" type=\"file\" name=\"file-435\" \/><\/span>\n<\/p>\n<p\/>\n<\/p>\n<p> (*)Campos Obligatorios\n<\/p>\n<p><input class=\"wpcf7-form-control wpcf7-submit has-spinner\" type=\"submit\" value=\"ENVIAR\" \/>\n<\/p><div class=\"wpcf7-response-output\" aria-hidden=\"true\"><\/div>\n<input type=\"hidden\" name=\"trp-form-language\" value=\"es\"\/><\/form>\n<\/div>\n<\/div>\n\t\t\t\t<\/div>\n\t\t\t\t<\/div>\n\t\t\t\t\t<\/div>\n\t\t<\/div>\n\t\t\t\t\t<\/div>\n\t\t<\/section>\n\t\t\t\t<\/div>","protected":false},"excerpt":{"rendered":"<p>Peru Biennial International Call- Painting Apply International Call- Painting The Peru Biennial officially announces the international painting competition. The call is open to companies, professionals and future professionals from all countries of the world, with unpublished and\/or published projects. The selected paintings, finalists and winners will be part of the largest exhibition on the continent. [&hellip;]<\/p>","protected":false},"author":1,"featured_media":0,"parent":0,"menu_order":0,"comment_status":"closed","ping_status":"closed","template":"elementor_header_footer","meta":{"_eb_attr":"","site-sidebar-layout":"no-sidebar","site-content-layout":"page-builder","ast-site-content-layout":"full-width-container","site-content-style":"default","site-sidebar-style":"default","ast-global-header-display":"","ast-banner-title-visibility":"","ast-main-header-display":"","ast-hfb-above-header-display":"","ast-hfb-below-header-display":"","ast-hfb-mobile-header-display":"","site-post-title":"disabled","ast-breadcrumbs-content":"","ast-featured-img":"disabled","footer-sml-layout":"","theme-transparent-header-meta":"","adv-header-id-meta":"","stick-header-meta":"","header-above-stick-meta":"","header-main-stick-meta":"","header-below-stick-meta":"","astra-migrate-meta-layouts":"set","ast-page-background-enabled":"default","ast-page-background-meta":{"desktop":{"background-color":"","background-image":"","background-repeat":"repeat","background-position":"center center","background-size":"auto","background-attachment":"scroll","background-type":"","background-media":"","overlay-type":"","overlay-color":"","overlay-gradient":""},"tablet":{"background-color":"","background-image":"","background-repeat":"repeat","background-position":"center center","background-size":"auto","background-attachment":"scroll","background-type":"","background-media":"","overlay-type":"","overlay-color":"","overlay-gradient":""},"mobile":{"background-color":"","background-image":"","background-repeat":"repeat","background-position":"center center","background-size":"auto","background-attachment":"scroll","background-type":"","background-media":"","overlay-type":"","overlay-color":"","overlay-gradient":""}},"ast-content-background-meta":{"desktop":{"background-color":"var(--ast-global-color-5)","background-image":"","background-repeat":"repeat","background-position":"center center","background-size":"auto","background-attachment":"scroll","background-type":"","background-media":"","overlay-type":"","overlay-color":"","overlay-gradient":""},"tablet":{"background-color":"var(--ast-global-color-5)","background-image":"","background-repeat":"repeat","background-position":"center center","background-size":"auto","background-attachment":"scroll","background-type":"","background-media":"","overlay-type":"","overlay-color":"","overlay-gradient":""},"mobile":{"background-color":"var(--ast-global-color-5)","background-image":"","background-repeat":"repeat","background-position":"center center","background-size":"auto","background-attachment":"scroll","background-type":"","background-media":"","overlay-type":"","overlay-color":"","overlay-gradient":""}},"_joinchat":[],"footnotes":""},"class_list":["post-3088","page","type-page","status-publish","hentry"],"jetpack_sharing_enabled":true,"_links":{"self":[{"href":"https:\/\/perubienal.com\/es\/wp-json\/wp\/v2\/pages\/3088","targetHints":{"allow":["GET"]}}],"collection":[{"href":"https:\/\/perubienal.com\/es\/wp-json\/wp\/v2\/pages"}],"about":[{"href":"https:\/\/perubienal.com\/es\/wp-json\/wp\/v2\/types\/page"}],"author":[{"embeddable":true,"href":"https:\/\/perubienal.com\/es\/wp-json\/wp\/v2\/users\/1"}],"replies":[{"embeddable":true,"href":"https:\/\/perubienal.com\/es\/wp-json\/wp\/v2\/comments?post=3088"}],"version-history":[{"count":178,"href":"https:\/\/perubienal.com\/es\/wp-json\/wp\/v2\/pages\/3088\/revisions"}],"predecessor-version":[{"id":6667,"href":"https:\/\/perubienal.com\/es\/wp-json\/wp\/v2\/pages\/3088\/revisions\/6667"}],"wp:attachment":[{"href":"https:\/\/perubienal.com\/es\/wp-json\/wp\/v2\/media?parent=3088"}],"curies":[{"name":"wp","href":"https:\/\/api.w.org\/{rel}","templated":true}]}}