{"id":3108,"date":"2024-04-06T20:42:31","date_gmt":"2024-04-06T18:42:31","guid":{"rendered":"https:\/\/perubienal.com\/?page_id=3108"},"modified":"2024-08-12T23:37:38","modified_gmt":"2024-08-12T21:37:38","slug":"sculpture","status":"publish","type":"page","link":"https:\/\/perubienal.com\/es\/sculpture\/","title":{"rendered":"Escultura"},"content":{"rendered":"<div data-elementor-type=\"wp-page\" data-elementor-id=\"3108\" class=\"elementor elementor-3108\">\n\t\t\t\t<div class=\"elementor-element elementor-element-4e295b21 e-flex e-con-boxed e-con e-parent\" data-id=\"4e295b21\" data-element_type=\"container\" data-settings=\"{&quot;background_background&quot;:&quot;classic&quot;}\">\n\t\t\t\t\t<div class=\"e-con-inner\">\n\t\t<div class=\"elementor-element elementor-element-72b695c3 e-con-full e-flex e-con e-child\" data-id=\"72b695c3\" data-element_type=\"container\">\n\t\t<div class=\"elementor-element elementor-element-4243da28 e-con-full e-flex e-con e-child\" data-id=\"4243da28\" data-element_type=\"container\">\n\t\t<div class=\"elementor-element elementor-element-96b4067 e-con-full e-flex e-con e-child\" data-id=\"96b4067\" data-element_type=\"container\">\n\t\t\t\t<div class=\"elementor-element elementor-element-336070da elementor-widget elementor-widget-heading\" data-id=\"336070da\" data-element_type=\"widget\" data-widget_type=\"heading.default\">\n\t\t\t\t<div class=\"elementor-widget-container\">\n\t\t\t<style>\/*! elementor - v3.21.0 - 30-04-2024 *\/\n.elementor-heading-title{padding:0;margin:0;line-height:1}.elementor-widget-heading .elementor-heading-title[class*=elementor-size-]>a{color:inherit;font-size:inherit;line-height:inherit}.elementor-widget-heading .elementor-heading-title.elementor-size-small{font-size:15px}.elementor-widget-heading .elementor-heading-title.elementor-size-medium{font-size:19px}.elementor-widget-heading .elementor-heading-title.elementor-size-large{font-size:29px}.elementor-widget-heading .elementor-heading-title.elementor-size-xl{font-size:39px}.elementor-widget-heading .elementor-heading-title.elementor-size-xxl{font-size:59px}<\/style><h1 class=\"elementor-heading-title elementor-size-default\">Per\u00fa Bienal<\/h1>\t\t<\/div>\n\t\t\t\t<\/div>\n\t\t\t\t<\/div>\n\t\t\t\t<\/div>\n\t\t<div class=\"elementor-element elementor-element-4fd3eeb8 e-con-full e-flex e-con e-child\" data-id=\"4fd3eeb8\" data-element_type=\"container\">\n\t\t<div class=\"elementor-element elementor-element-b70c455 e-con-full e-flex e-con e-child\" data-id=\"b70c455\" data-element_type=\"container\">\n\t\t\t\t<div class=\"elementor-element elementor-element-5bf6005f elementor-widget elementor-widget-heading\" data-id=\"5bf6005f\" data-element_type=\"widget\" data-widget_type=\"heading.default\">\n\t\t\t\t<div class=\"elementor-widget-container\">\n\t\t\t<h3 class=\"elementor-heading-title elementor-size-default\">Convocatorias Internacionales<br>Escultura<\/h3>\t\t<\/div>\n\t\t\t\t<\/div>\n\t\t\t\t<\/div>\n\t\t\t\t<\/div>\n\t\t\t\t<\/div>\n\t\t\t\t\t<\/div>\n\t\t\t\t<\/div>\n\t\t\t\t<section class=\"elementor-section elementor-top-section elementor-element elementor-element-40k2n04 elementor-section-boxed elementor-section-height-default elementor-section-height-default\" data-id=\"40k2n04\" data-element_type=\"section\" data-settings=\"{&quot;background_background&quot;:&quot;classic&quot;}\">\n\t\t\t\t\t\t<div class=\"elementor-container elementor-column-gap-default\">\n\t\t\t\t\t<div class=\"elementor-column elementor-col-100 elementor-top-column elementor-element elementor-element-f088365\" data-id=\"f088365\" data-element_type=\"column\">\n\t\t\t<div class=\"elementor-widget-wrap elementor-element-populated\">\n\t\t\t\t\t\t<div class=\"elementor-element elementor-element-6ae79fb elementor-widget elementor-widget-heading\" data-id=\"6ae79fb\" data-element_type=\"widget\" data-widget_type=\"heading.default\">\n\t\t\t\t<div class=\"elementor-widget-container\">\n\t\t\t<h4 class=\"elementor-heading-title elementor-size-default\">Aplicar<\/h4>\t\t<\/div>\n\t\t\t\t<\/div>\n\t\t\t\t<div class=\"elementor-element elementor-element-e7d1eaf elementor-widget elementor-widget-heading\" data-id=\"e7d1eaf\" data-element_type=\"widget\" data-widget_type=\"heading.default\">\n\t\t\t\t<div class=\"elementor-widget-container\">\n\t\t\t<h2 class=\"elementor-heading-title elementor-size-default\">Convocatoria Internacional- Escultura<\/h2>\t\t<\/div>\n\t\t\t\t<\/div>\n\t\t\t\t<div class=\"elementor-element elementor-element-01dd3f1 elementor-widget elementor-widget-text-editor\" data-id=\"01dd3f1\" data-element_type=\"widget\" data-widget_type=\"text-editor.default\">\n\t\t\t\t<div class=\"elementor-widget-container\">\n\t\t\t<style>\/*! elementor - v3.21.0 - 30-04-2024 *\/\n.elementor-widget-text-editor.elementor-drop-cap-view-stacked .elementor-drop-cap{background-color:#69727d;color:#fff}.elementor-widget-text-editor.elementor-drop-cap-view-framed .elementor-drop-cap{color:#69727d;border:3px solid;background-color:transparent}.elementor-widget-text-editor:not(.elementor-drop-cap-view-default) .elementor-drop-cap{margin-top:8px}.elementor-widget-text-editor:not(.elementor-drop-cap-view-default) .elementor-drop-cap-letter{width:1em;height:1em}.elementor-widget-text-editor .elementor-drop-cap{float:left;text-align:center;line-height:1;font-size:50px}.elementor-widget-text-editor .elementor-drop-cap-letter{display:inline-block}<\/style>\t\t\t\t<p>La Bienal de Per\u00fa anuncia oficialmente el concurso internacional de pintura. La convocatoria est\u00e1 abierta a empresas, profesionales y futuros profesionales de todos los pa\u00edses del mundo, con proyectos in\u00e9ditos y\/o publicados. Las esculturas seleccionadas, finalistas y ganadores formar\u00e1n parte de la exposici\u00f3n m\u00e1s grande del continente.<\/p><p>\u00a0Participan: Esculturas in\u00e9ditas y\/o publicadas en sus diferentes tipolog\u00edas.<\/p>\t\t\t\t\t\t<\/div>\n\t\t\t\t<\/div>\n\t\t\t\t<div class=\"elementor-element elementor-element-c517f74 elementor-widget elementor-widget-heading\" data-id=\"c517f74\" data-element_type=\"widget\" data-widget_type=\"heading.default\">\n\t\t\t\t<div class=\"elementor-widget-container\">\n\t\t\t<h2 class=\"elementor-heading-title elementor-size-default\">Consideraciones Generales<\/h2>\t\t<\/div>\n\t\t\t\t<\/div>\n\t\t\t\t<div class=\"elementor-element elementor-element-e91ee74 elementor-widget elementor-widget-text-editor\" data-id=\"e91ee74\" data-element_type=\"widget\" data-widget_type=\"text-editor.default\">\n\t\t\t\t<div class=\"elementor-widget-container\">\n\t\t\t\t\t\t\t<p>a). Participan proyectos internacionales y nacionales. M\u00ednimo uno, m\u00e1ximo dos esculturas por participante. El participante decide con cu\u00e1ntas esculturas elige competir. Pueden participar proyectos de cualquier pa\u00eds del mundo. Pueden participar estudios, empresas y profesionales independientes. Si la obra infringe los derechos de plagio o propiedad intelectual, el remitente ser\u00e1 el \u00fanico responsable.<\/p><p>b). Los participantes autorizan a la organizaci\u00f3n a comunicar p\u00fablicamente las im\u00e1genes de las Obras respetando en todo momento el derecho del autor, con el fin de maximizar su difusi\u00f3n en diferentes medios y plataformas de comunicaci\u00f3n que los organizadores consideren convenientes.<\/p><p>d).\u00a0El jurado elegir\u00e1 entre todos los proyectos presentados, \u201cproyectos seleccionados\u201d, los mismos que ser\u00e1n reconocidos p\u00fablicamente y formar\u00e1n parte de la exposici\u00f3n principal. Del conjunto de proyectos seleccionados el jurado elige los \u201cproyectos finalistas\u201d siempre que considere que las piezas lo ameritan. Los proyectos finalistas entran en la recta final para elegir el proyecto ganador en la categor\u00eda de escultura<\/p><p>g). El veredicto del jurado es inapelable, el jurado se compromete a no revelar el resultado antes de las fechas estipuladas por la organizaci\u00f3n.<\/p><p>h) Los proyectos seleccionados, finalistas y ganadores ser\u00e1n certificados, reconocidos oficialmente por el Comit\u00e9 Organizador y formar\u00e1n parte de la exposici\u00f3n 2024.<\/p><p>i) Cualquier objeci\u00f3n prevista o que no est\u00e9 en las bases, ser\u00e1 resuelta por la directiva de la bienal en forma definitiva e inapelable.<\/p>\t\t\t\t\t\t<\/div>\n\t\t\t\t<\/div>\n\t\t\t\t<div class=\"elementor-element elementor-element-ab2e674 elementor-widget elementor-widget-heading\" data-id=\"ab2e674\" data-element_type=\"widget\" data-widget_type=\"heading.default\">\n\t\t\t\t<div class=\"elementor-widget-container\">\n\t\t\t<h2 class=\"elementor-heading-title elementor-size-default\">Fechas<\/h2>\t\t<\/div>\n\t\t\t\t<\/div>\n\t\t\t\t<div class=\"elementor-element elementor-element-c89e38c elementor-widget elementor-widget-text-editor\" data-id=\"c89e38c\" data-element_type=\"widget\" data-widget_type=\"text-editor.default\">\n\t\t\t\t<div class=\"elementor-widget-container\">\n\t\t\t\t\t\t\t<p>Deadline:\u00a0 August 31 , 2024<br \/>Selected Projects:\u00a0 September 05, 2024<br \/>Finalist Projects: September 10, 2024<br \/>Awarded Projects: September 12, 2024<br \/>Opening:  15 de Noviembre, 2024<br \/>Exposici\u00f3n: 15 de Noviembre - 28 de Noviembre,2024<\/p>\t\t\t\t\t\t<\/div>\n\t\t\t\t<\/div>\n\t\t\t\t<div class=\"elementor-element elementor-element-9ee1ef4 elementor-widget elementor-widget-heading\" data-id=\"9ee1ef4\" data-element_type=\"widget\" data-widget_type=\"heading.default\">\n\t\t\t\t<div class=\"elementor-widget-container\">\n\t\t\t<h2 class=\"elementor-heading-title elementor-size-default\">Informaci\u00f3n<\/h2>\t\t<\/div>\n\t\t\t\t<\/div>\n\t\t\t\t<div class=\"elementor-element elementor-element-fcf15f3 elementor-widget elementor-widget-text-editor\" data-id=\"fcf15f3\" data-element_type=\"widget\" data-widget_type=\"text-editor.default\">\n\t\t\t\t<div class=\"elementor-widget-container\">\n\t\t\t\t\t\t\t<p>Para participar ser\u00e1 necesario que la informaci\u00f3n a ENVIAR  re\u00fana dos requisitos:<\/p><p><span style=\"letter-spacing: normal;\">A)\u00a0<\/span><span style=\"letter-spacing: normal;\">Descripci\u00f3n de la escultura en un <b>archivo PDF o  Word <\/b>file.\u00a0<\/span><span style=\"letter-spacing: normal; font-style: inherit; font-weight: inherit;\">Tema y t\u00e9cnica libre , cualquier material, excepto materiales org\u00e1nicos y perecederos. Tama\u00f1o hasta un m\u00e1ximo de 150 x 150 x 150 cm. Por lo tanto, tambi\u00e9n se pueden presentar esculturas de tama\u00f1os mucho m\u00e1s peque\u00f1os que los indicados.<\/span><\/p><p><span style=\"letter-spacing: normal;\">\u00a0<\/span><span style=\"letter-spacing: normal; font-style: inherit; font-weight: inherit;\">B).\u00a0<\/span><span style=\"letter-spacing: normal;\">\u00a0Adjunte im\u00e1genes de la escultura para enviarlas en una carpeta. Formato del nombre de la carpeta:<b> Pais+Apellido del Autor+Nombre de le escultura<\/b>. Luego comprime la carpeta en <b>formato zip o rar\u00a0\u00a0<\/b><\/span><\/p><p style=\"font-size: 16px; font-style: normal; font-weight: 400; letter-spacing: normal;\">\u00a0<\/p>\t\t\t\t\t\t<\/div>\n\t\t\t\t<\/div>\n\t\t\t\t<div class=\"elementor-element elementor-element-33f649c elementor-widget elementor-widget-heading\" data-id=\"33f649c\" data-element_type=\"widget\" data-widget_type=\"heading.default\">\n\t\t\t\t<div class=\"elementor-widget-container\">\n\t\t\t<h2 class=\"elementor-heading-title elementor-size-default\">Formulario de Presentaci\u00f3n- Escultura<\/h2>\t\t<\/div>\n\t\t\t\t<\/div>\n\t\t\t\t<div class=\"elementor-element elementor-element-e373db1 elementor-widget elementor-widget-text-editor\" data-id=\"e373db1\" data-element_type=\"widget\" data-widget_type=\"text-editor.default\">\n\t\t\t\t<div class=\"elementor-widget-container\">\n\t\t\t\t\t\t\t<p>Introduce un correo electr\u00f3nico \u201cactivo y principal\u201d para las comunicaciones necesarias (Muy Importante). Recibir\u00e1s un email de confirmaci\u00f3n en un plazo m\u00e1ximo de 48 horas. Revisa tu \u201ccorreo electr\u00f3nico principal\u201d y tambi\u00e9n el \u201cbuz\u00f3n no deseado\u201d (Muy Importante). Le recomendamos agregar el correo electr\u00f3nico a su libreta de direcciones: <b>peru@perubienal.com<\/b><\/p>\n<p>&nbsp;Por favor verifique que la extensi\u00f3n de los \"archivos\" a ser enviados cumple con los requisitos del \"Formulario de Presentaci\u00f3n\". Si las im\u00e1genes a enviar superan los 8 MB, puede utilizar las herramientas de transferencia de archivos: Wetransfer, Google Drive o \"similar\" para enviar su proyecto y notificar el correo electr\u00f3nico:&nbsp;<b> peru@perubienal.com<\/b><\/p>\t\t\t\t\t\t<\/div>\n\t\t\t\t<\/div>\n\t\t\t\t<div class=\"elementor-element elementor-element-d61ebe8 elementor-widget elementor-widget-shortcode\" data-id=\"d61ebe8\" data-element_type=\"widget\" data-widget_type=\"shortcode.default\">\n\t\t\t\t<div class=\"elementor-widget-container\">\n\t\t\t\t\t<div class=\"elementor-shortcode\">\n<div class=\"wpcf7 no-js\" id=\"wpcf7-f3975-o1\" lang=\"es-ES\" dir=\"ltr\">\n<div class=\"screen-reader-response\"><p role=\"status\" aria-live=\"polite\" aria-atomic=\"true\"><\/p> <ul><\/ul><\/div>\n<form action=\"\/es\/wp-json\/wp\/v2\/pages\/3108#wpcf7-f3975-o1\" method=\"post\" class=\"wpcf7-form init\" aria-label=\"Formulario de contacto\" enctype=\"multipart\/form-data\" novalidate=\"novalidate\" data-status=\"init\" data-trp-original-action=\"\/es\/wp-json\/wp\/v2\/pages\/3108#wpcf7-f3975-o1\">\n<div style=\"display: none;\">\n<input type=\"hidden\" name=\"_wpcf7\" value=\"3975\" \/>\n<input type=\"hidden\" name=\"_wpcf7_version\" value=\"5.9.3\" \/>\n<input type=\"hidden\" name=\"_wpcf7_locale\" value=\"es_ES\" \/>\n<input type=\"hidden\" name=\"_wpcf7_unit_tag\" value=\"wpcf7-f3975-o1\" \/>\n<input type=\"hidden\" name=\"_wpcf7_container_post\" value=\"0\" \/>\n<input type=\"hidden\" name=\"_wpcf7_posted_data_hash\" value=\"\" \/>\n<\/div>\n<p><label> Nombre\/Apellido (*)<br \/>\n<span class=\"wpcf7-form-control-wrap\" data-name=\"your-name\"><input size=\"40\" class=\"wpcf7-form-control wpcf7-text wpcf7-validates-as-required\" aria-required=\"true\" aria-invalid=\"false\" value=\"\" type=\"text\" name=\"your-name\" \/><\/span> <\/label>\n<\/p>\n<p><label> Correo electr\u00f3nico (*)<br \/>\n<span class=\"wpcf7-form-control-wrap\" data-name=\"your-email\"><input size=\"40\" class=\"wpcf7-form-control wpcf7-email wpcf7-validates-as-required wpcf7-text wpcf7-validates-as-email\" aria-required=\"true\" aria-invalid=\"false\" value=\"\" type=\"email\" name=\"your-email\" \/><\/span> <\/label>\n<\/p>\n<p> Tel\u00e9fono (*)\n<\/p>\n<p><span class=\"wpcf7-form-control-wrap\" data-name=\"tel-487\"><input size=\"40\" class=\"wpcf7-form-control wpcf7-tel wpcf7-validates-as-required wpcf7-text wpcf7-validates-as-tel\" aria-required=\"true\" aria-invalid=\"false\" value=\"\" type=\"tel\" name=\"tel-487\" \/><\/span>\n<\/p>\n<p\/>\n<\/p>\n<p> Descripci\u00f3n del proyecto: doc,docx,pdf (*)\n<\/p>\n<p><span class=\"wpcf7-form-control-wrap\" data-name=\"file-209\"><input size=\"40\" class=\"wpcf7-form-control wpcf7-file wpcf7-validates-as-required\" accept=\".docx,.pdf,.doc\" aria-required=\"true\" aria-invalid=\"false\" type=\"file\" name=\"file-209\" \/><\/span>\n<\/p>\n<p\/>\n<\/p>\n<p> Im\u00e1genes del proyecto: zip,rar (*)\n<\/p>\n<p><span class=\"wpcf7-form-control-wrap\" data-name=\"file-435\"><input size=\"40\" class=\"wpcf7-form-control wpcf7-file wpcf7-validates-as-required\" accept=\".zip,.rar\" aria-required=\"true\" aria-invalid=\"false\" type=\"file\" name=\"file-435\" \/><\/span>\n<\/p>\n<p\/>\n<\/p>\n<p> (*)Campos Obligatorios\n<\/p>\n<p><input class=\"wpcf7-form-control wpcf7-submit has-spinner\" type=\"submit\" value=\"ENVIAR\" \/>\n<\/p><div class=\"wpcf7-response-output\" aria-hidden=\"true\"><\/div>\n<input type=\"hidden\" name=\"trp-form-language\" value=\"es\"\/><\/form>\n<\/div>\n<\/div>\n\t\t\t\t<\/div>\n\t\t\t\t<\/div>\n\t\t\t\t\t<\/div>\n\t\t<\/div>\n\t\t\t\t\t<\/div>\n\t\t<\/section>\n\t\t\t\t<\/div>","protected":false},"excerpt":{"rendered":"<p>Peru Biennial International CallSculpture Apply International Call- Sculpture The Peru Biennial\u00a0 officially announces the international sculpture contest . The call is open to companies, professionals and future professionals in the sector with unpublished and \/ or published projects. The selected\u00a0 sculpture, finalists and winners will be part of the biggest exhibition in the region. \u00a0Participants: [&hellip;]<\/p>","protected":false},"author":1,"featured_media":0,"parent":0,"menu_order":0,"comment_status":"closed","ping_status":"closed","template":"","meta":{"_eb_attr":"","site-sidebar-layout":"no-sidebar","site-content-layout":"page-builder","ast-site-content-layout":"full-width-container","site-content-style":"default","site-sidebar-style":"default","ast-global-header-display":"","ast-banner-title-visibility":"","ast-main-header-display":"","ast-hfb-above-header-display":"","ast-hfb-below-header-display":"","ast-hfb-mobile-header-display":"","site-post-title":"disabled","ast-breadcrumbs-content":"","ast-featured-img":"disabled","footer-sml-layout":"","theme-transparent-header-meta":"","adv-header-id-meta":"","stick-header-meta":"","header-above-stick-meta":"","header-main-stick-meta":"","header-below-stick-meta":"","astra-migrate-meta-layouts":"set","ast-page-background-enabled":"default","ast-page-background-meta":{"desktop":{"background-color":"","background-image":"","background-repeat":"repeat","background-position":"center center","background-size":"auto","background-attachment":"scroll","background-type":"","background-media":"","overlay-type":"","overlay-color":"","overlay-gradient":""},"tablet":{"background-color":"","background-image":"","background-repeat":"repeat","background-position":"center center","background-size":"auto","background-attachment":"scroll","background-type":"","background-media":"","overlay-type":"","overlay-color":"","overlay-gradient":""},"mobile":{"background-color":"","background-image":"","background-repeat":"repeat","background-position":"center center","background-size":"auto","background-attachment":"scroll","background-type":"","background-media":"","overlay-type":"","overlay-color":"","overlay-gradient":""}},"ast-content-background-meta":{"desktop":{"background-color":"var(--ast-global-color-5)","background-image":"","background-repeat":"repeat","background-position":"center center","background-size":"auto","background-attachment":"scroll","background-type":"","background-media":"","overlay-type":"","overlay-color":"","overlay-gradient":""},"tablet":{"background-color":"var(--ast-global-color-5)","background-image":"","background-repeat":"repeat","background-position":"center center","background-size":"auto","background-attachment":"scroll","background-type":"","background-media":"","overlay-type":"","overlay-color":"","overlay-gradient":""},"mobile":{"background-color":"var(--ast-global-color-5)","background-image":"","background-repeat":"repeat","background-position":"center center","background-size":"auto","background-attachment":"scroll","background-type":"","background-media":"","overlay-type":"","overlay-color":"","overlay-gradient":""}},"_joinchat":[],"footnotes":""},"class_list":["post-3108","page","type-page","status-publish","hentry"],"jetpack_sharing_enabled":true,"_links":{"self":[{"href":"https:\/\/perubienal.com\/es\/wp-json\/wp\/v2\/pages\/3108","targetHints":{"allow":["GET"]}}],"collection":[{"href":"https:\/\/perubienal.com\/es\/wp-json\/wp\/v2\/pages"}],"about":[{"href":"https:\/\/perubienal.com\/es\/wp-json\/wp\/v2\/types\/page"}],"author":[{"embeddable":true,"href":"https:\/\/perubienal.com\/es\/wp-json\/wp\/v2\/users\/1"}],"replies":[{"embeddable":true,"href":"https:\/\/perubienal.com\/es\/wp-json\/wp\/v2\/comments?post=3108"}],"version-history":[{"count":131,"href":"https:\/\/perubienal.com\/es\/wp-json\/wp\/v2\/pages\/3108\/revisions"}],"predecessor-version":[{"id":6670,"href":"https:\/\/perubienal.com\/es\/wp-json\/wp\/v2\/pages\/3108\/revisions\/6670"}],"wp:attachment":[{"href":"https:\/\/perubienal.com\/es\/wp-json\/wp\/v2\/media?parent=3108"}],"curies":[{"name":"wp","href":"https:\/\/api.w.org\/{rel}","templated":true}]}}