{"id":3788,"date":"2024-04-30T21:59:07","date_gmt":"2024-04-30T19:59:07","guid":{"rendered":"https:\/\/perubienal.com\/?page_id=3788"},"modified":"2024-04-30T22:05:12","modified_gmt":"2024-04-30T20:05:12","slug":"typography","status":"publish","type":"page","link":"https:\/\/perubienal.com\/es\/typography\/","title":{"rendered":"typography"},"content":{"rendered":"<div data-elementor-type=\"wp-page\" data-elementor-id=\"3788\" class=\"elementor elementor-3788\">\n\t\t\t\t\t\t<section class=\"elementor-section elementor-top-section elementor-element elementor-element-40k2n04 elementor-section-boxed elementor-section-height-default elementor-section-height-default\" data-id=\"40k2n04\" data-element_type=\"section\" data-settings=\"{&quot;background_background&quot;:&quot;classic&quot;}\">\n\t\t\t\t\t\t<div class=\"elementor-container elementor-column-gap-default\">\n\t\t\t\t\t<div class=\"elementor-column elementor-col-100 elementor-top-column elementor-element elementor-element-f088365\" data-id=\"f088365\" data-element_type=\"column\">\n\t\t\t<div class=\"elementor-widget-wrap elementor-element-populated\">\n\t\t\t\t\t\t<div class=\"elementor-element elementor-element-6ae79fb elementor-widget elementor-widget-heading\" data-id=\"6ae79fb\" data-element_type=\"widget\" data-widget_type=\"heading.default\">\n\t\t\t\t<div class=\"elementor-widget-container\">\n\t\t\t<style>\/*! elementor - v3.21.0 - 30-04-2024 *\/\n.elementor-heading-title{padding:0;margin:0;line-height:1}.elementor-widget-heading .elementor-heading-title[class*=elementor-size-]>a{color:inherit;font-size:inherit;line-height:inherit}.elementor-widget-heading .elementor-heading-title.elementor-size-small{font-size:15px}.elementor-widget-heading .elementor-heading-title.elementor-size-medium{font-size:19px}.elementor-widget-heading .elementor-heading-title.elementor-size-large{font-size:29px}.elementor-widget-heading .elementor-heading-title.elementor-size-xl{font-size:39px}.elementor-widget-heading .elementor-heading-title.elementor-size-xxl{font-size:59px}<\/style><h4 class=\"elementor-heading-title elementor-size-default\">Aplicar<\/h4>\t\t<\/div>\n\t\t\t\t<\/div>\n\t\t\t\t<div class=\"elementor-element elementor-element-e7d1eaf elementor-widget elementor-widget-heading\" data-id=\"e7d1eaf\" data-element_type=\"widget\" data-widget_type=\"heading.default\">\n\t\t\t\t<div class=\"elementor-widget-container\">\n\t\t\t<h2 class=\"elementor-heading-title elementor-size-default\">Typographic Design - Open International Call\n<div><span style=\"font-size: 2.35294rem; font-style: inherit;\"><\/span><br><\/div><\/h2>\t\t<\/div>\n\t\t\t\t<\/div>\n\t\t\t\t<div class=\"elementor-element elementor-element-01dd3f1 elementor-widget elementor-widget-text-editor\" data-id=\"01dd3f1\" data-element_type=\"widget\" data-widget_type=\"text-editor.default\">\n\t\t\t\t<div class=\"elementor-widget-container\">\n\t\t\t<style>\/*! elementor - v3.21.0 - 30-04-2024 *\/\n.elementor-widget-text-editor.elementor-drop-cap-view-stacked .elementor-drop-cap{background-color:#69727d;color:#fff}.elementor-widget-text-editor.elementor-drop-cap-view-framed .elementor-drop-cap{color:#69727d;border:3px solid;background-color:transparent}.elementor-widget-text-editor:not(.elementor-drop-cap-view-default) .elementor-drop-cap{margin-top:8px}.elementor-widget-text-editor:not(.elementor-drop-cap-view-default) .elementor-drop-cap-letter{width:1em;height:1em}.elementor-widget-text-editor .elementor-drop-cap{float:left;text-align:center;line-height:1;font-size:50px}.elementor-widget-text-editor .elementor-drop-cap-letter{display:inline-block}<\/style>\t\t\t\t<p>The Design Biennial of Peru, a pioneer in the design sector in America, officially announces an international call in the category of Typographic Design. The call is open to companies, professionals and future professionals in the design sector with unpublished projects and \/ or published.<\/p><p>Participants: Published or unpublished projects. Complete alphabets with own style (uppercase letters, lowercase letters), numbers, basic signs and visual examples of use. Alphabets that belong to any of the existing writing systems, made in the last ten years.<\/p>\t\t\t\t\t\t<\/div>\n\t\t\t\t<\/div>\n\t\t\t\t<div class=\"elementor-element elementor-element-c517f74 elementor-widget elementor-widget-heading\" data-id=\"c517f74\" data-element_type=\"widget\" data-widget_type=\"heading.default\">\n\t\t\t\t<div class=\"elementor-widget-container\">\n\t\t\t<h2 class=\"elementor-heading-title elementor-size-default\">Consideraciones Generales<\/h2>\t\t<\/div>\n\t\t\t\t<\/div>\n\t\t\t\t<div class=\"elementor-element elementor-element-33d397e elementor-widget elementor-widget-text-editor\" data-id=\"33d397e\" data-element_type=\"widget\" data-widget_type=\"text-editor.default\">\n\t\t\t\t<div class=\"elementor-widget-container\">\n\t\t\t\t\t\t\t<p>a). Participan proyectos nacionales e internacionales<\/p><p>b). La organizaci\u00f3n declina toda responsabilidad por la autenticidad de las Obras a sus autores.<\/p><p>c). El participante autoriza a la organizaci\u00f3n a comunicar p\u00fablicamente las im\u00e1genes de las obras respetando en todo momento el derecho de autor, con el fin de maximizar su difusi\u00f3n en diferentes medios y plataformas de comunicaci\u00f3n que los organizadores consideren convenientes.<\/p><p>d). El jurado elegir\u00e1 entre todos los proyectos presentados elije proyectos seleccionados, los mismos que ser\u00e1n reconocidos p\u00fablicamente y ser\u00e1n parte de la exposici\u00f3n principal. De el grupo de proyectos seleccionados el jurado elijar\u00e1 proyectos finalistas  siempre y cuando las piezas lo ameriten.  Los proyectos  finalistas  entran en la recta final para elegir el proyecto ganador en la categor\u00eda de dise\u00f1o editorial.<\/p><p>e). El jurado estar\u00e1 compuesto por profesionales nacionales e internacionales con reconocida experiencia profesional en el sector, miembros del comit\u00e9 organizador, miembros  del comit\u00e9s de la Bienal y miembros de los  comit\u00e9s ejecutivos de la Bienal.<\/p><p>f). Ning\u00fan miembro del jurado debe haber participado directa o indirectamente en las obras que se dar\u00e1 a los participantes en el evento. El veredicto del jurado es inapelable, el jurado se compromete a no revelar el resultado antes de las fechas estipuladas por la organizaci\u00f3n.<\/p><p>g)\u00a0The selected projects, finalists and winners will be certified, officially recognized by the Organizing Committee and will be part of the 2022 exhibition of the Design Biennial of Peru, as an example of good practice in the design sector.<\/p><p>h). El Jurado tendr\u00e1 en cuenta en su evaluaci\u00f3n de los trabajos los siguientes criterios: Creatividad, la Innovaci\u00f3n, Est\u00e9tica y la Funcionalidad, teniendo en cuenta una escala de calificaciones de 1 a 10.<\/p><p>i) Cualquier objeci\u00f3n prevista o que no est\u00e9 en las bases, ser\u00e1 resuelta por la directiva de la bienal en forma definitiva e inapelable.<\/p><p>Todos los derechos reservados \u2013 Per\u00fa Bienal<\/p>\t\t\t\t\t\t<\/div>\n\t\t\t\t<\/div>\n\t\t\t\t<div class=\"elementor-element elementor-element-ab2e674 elementor-widget elementor-widget-heading\" data-id=\"ab2e674\" data-element_type=\"widget\" data-widget_type=\"heading.default\">\n\t\t\t\t<div class=\"elementor-widget-container\">\n\t\t\t<h2 class=\"elementor-heading-title elementor-size-default\">Fechas<\/h2>\t\t<\/div>\n\t\t\t\t<\/div>\n\t\t\t\t<div class=\"elementor-element elementor-element-c89e38c elementor-widget elementor-widget-text-editor\" data-id=\"c89e38c\" data-element_type=\"widget\" data-widget_type=\"text-editor.default\">\n\t\t\t\t<div class=\"elementor-widget-container\">\n\t\t\t\t\t\t\t<p>Fecha L\u00edmite: 10 de Julio,2024<br \/>Proyectos Seleccionados: 20  Julio,2024<br \/>Proyectos Finalistas: 25 de Julio, 2024<br \/>Proyectos Galardonados: 04 de Agosto, 2024<br \/>Opening:  15 de Noviembre, 2024<br \/>Exposici\u00f3n: 15 de Noviembre - 28 de Noviembre,2024<\/p>\t\t\t\t\t\t<\/div>\n\t\t\t\t<\/div>\n\t\t\t\t<div class=\"elementor-element elementor-element-9ee1ef4 elementor-widget elementor-widget-heading\" data-id=\"9ee1ef4\" data-element_type=\"widget\" data-widget_type=\"heading.default\">\n\t\t\t\t<div class=\"elementor-widget-container\">\n\t\t\t<h2 class=\"elementor-heading-title elementor-size-default\">Informaci\u00f3n<\/h2>\t\t<\/div>\n\t\t\t\t<\/div>\n\t\t\t\t<div class=\"elementor-element elementor-element-fcf15f3 elementor-widget elementor-widget-text-editor\" data-id=\"fcf15f3\" data-element_type=\"widget\" data-widget_type=\"text-editor.default\">\n\t\t\t\t<div class=\"elementor-widget-container\">\n\t\t\t\t\t\t\t<p>Para participar ser\u00e1 necesario que la informaci\u00f3n a ENVIAR  re\u00fana dos requisitos:<\/p><p>A) Informaci\u00f3n del Proyecto, tama\u00f1o A4 (archivo de Word o pdf), considerando lo siguiente:<\/p><p>Para Empresas e Instituciones: Nombre de la Empresa o instituci\u00f3n, Nombre del Proyecto, Pa\u00eds, breve descripci\u00f3n del Proyecto. Usted puede consolidar los v\u00ednculos web en el documento para reforzar la informaci\u00f3n de su proyecto.<\/p><p>Para los Profesionales: Nombre del Autor, Nombre del Proyecto, Pa\u00eds, y una breve descripci\u00f3n del Proyecto. Usted puede consolidar los v\u00ednculos web en el documento para reforzar la informaci\u00f3n de su proyecto.<\/p><p>Para los Futuros Profesionales: Nombre del Autor, Nombre del Proyecto, Pa\u00eds, y una breve descripci\u00f3n del Proyecto. Usted puede consolidar los v\u00ednculos web en el documento para reforzar la informaci\u00f3n de su proyecto.<\/p><p>B) Images of the project. You can consider up to a maximum of eight images. Minimum size of each image 1000 px. high or wide. Maximum weight 8MB. The images must be compressed in zip or rar format.<\/p><p>The information described above must be submitted through the \u201cSubmission Form\u201d at the end of the reading. If, in a certain project, more than one person participated, this must be consolidated in the \u201cproject information\u201d to be sent. Enter an \u201cactive and main\u201d email for the necessary communications and coordination (Very Important). You will receive a confirmation email within a maximum period of 36 hours. Check your \u201cmain email\u201d and also the \u201cjunk mailbox\u201d (Very Important). We recommend adding the email to your address book peru@labienal.pe<\/p><p>Please verify that the extension of the \u201cfiles\u201d to be sent complies with the requirements of the \u201cSubmission Form\u201d. If the images to send exceed 8 MB, you can use the file transfer tools: Wetransfer, Google Drive or \u201csimilar\u201d to send your project and notify the email: peru@labienal.pe<\/p>\t\t\t\t\t\t<\/div>\n\t\t\t\t<\/div>\n\t\t\t\t<div class=\"elementor-element elementor-element-33f649c elementor-widget elementor-widget-heading\" data-id=\"33f649c\" data-element_type=\"widget\" data-widget_type=\"heading.default\">\n\t\t\t\t<div class=\"elementor-widget-container\">\n\t\t\t<h2 class=\"elementor-heading-title elementor-size-default\">Typographic Design - Submission Form\n<\/h2>\t\t<\/div>\n\t\t\t\t<\/div>\n\t\t\t\t\t<\/div>\n\t\t<\/div>\n\t\t\t\t\t<\/div>\n\t\t<\/section>\n\t\t\t\t<\/div>","protected":false},"excerpt":{"rendered":"<p>Apply Typographic Design &#8211; Open International Call The Design Biennial of Peru, a pioneer in the design sector in America, officially announces an international call in the category of Typographic Design. The call is open to companies, professionals and future professionals in the design sector with unpublished projects and \/ or published. Participants: Published or [&hellip;]<\/p>","protected":false},"author":1,"featured_media":0,"parent":0,"menu_order":0,"comment_status":"closed","ping_status":"closed","template":"elementor_header_footer","meta":{"_eb_attr":"","site-sidebar-layout":"no-sidebar","site-content-layout":"page-builder","ast-site-content-layout":"full-width-container","site-content-style":"default","site-sidebar-style":"default","ast-global-header-display":"","ast-banner-title-visibility":"","ast-main-header-display":"","ast-hfb-above-header-display":"","ast-hfb-below-header-display":"","ast-hfb-mobile-header-display":"","site-post-title":"disabled","ast-breadcrumbs-content":"","ast-featured-img":"disabled","footer-sml-layout":"","theme-transparent-header-meta":"","adv-header-id-meta":"","stick-header-meta":"","header-above-stick-meta":"","header-main-stick-meta":"","header-below-stick-meta":"","astra-migrate-meta-layouts":"set","ast-page-background-enabled":"default","ast-page-background-meta":{"desktop":{"background-color":"","background-image":"","background-repeat":"repeat","background-position":"center center","background-size":"auto","background-attachment":"scroll","background-type":"","background-media":"","overlay-type":"","overlay-color":"","overlay-gradient":""},"tablet":{"background-color":"","background-image":"","background-repeat":"repeat","background-position":"center center","background-size":"auto","background-attachment":"scroll","background-type":"","background-media":"","overlay-type":"","overlay-color":"","overlay-gradient":""},"mobile":{"background-color":"","background-image":"","background-repeat":"repeat","background-position":"center center","background-size":"auto","background-attachment":"scroll","background-type":"","background-media":"","overlay-type":"","overlay-color":"","overlay-gradient":""}},"ast-content-background-meta":{"desktop":{"background-color":"var(--ast-global-color-5)","background-image":"","background-repeat":"repeat","background-position":"center center","background-size":"auto","background-attachment":"scroll","background-type":"","background-media":"","overlay-type":"","overlay-color":"","overlay-gradient":""},"tablet":{"background-color":"var(--ast-global-color-5)","background-image":"","background-repeat":"repeat","background-position":"center center","background-size":"auto","background-attachment":"scroll","background-type":"","background-media":"","overlay-type":"","overlay-color":"","overlay-gradient":""},"mobile":{"background-color":"var(--ast-global-color-5)","background-image":"","background-repeat":"repeat","background-position":"center center","background-size":"auto","background-attachment":"scroll","background-type":"","background-media":"","overlay-type":"","overlay-color":"","overlay-gradient":""}},"_joinchat":[],"footnotes":""},"class_list":["post-3788","page","type-page","status-publish","hentry"],"jetpack_sharing_enabled":true,"_links":{"self":[{"href":"https:\/\/perubienal.com\/es\/wp-json\/wp\/v2\/pages\/3788","targetHints":{"allow":["GET"]}}],"collection":[{"href":"https:\/\/perubienal.com\/es\/wp-json\/wp\/v2\/pages"}],"about":[{"href":"https:\/\/perubienal.com\/es\/wp-json\/wp\/v2\/types\/page"}],"author":[{"embeddable":true,"href":"https:\/\/perubienal.com\/es\/wp-json\/wp\/v2\/users\/1"}],"replies":[{"embeddable":true,"href":"https:\/\/perubienal.com\/es\/wp-json\/wp\/v2\/comments?post=3788"}],"version-history":[{"count":13,"href":"https:\/\/perubienal.com\/es\/wp-json\/wp\/v2\/pages\/3788\/revisions"}],"predecessor-version":[{"id":3801,"href":"https:\/\/perubienal.com\/es\/wp-json\/wp\/v2\/pages\/3788\/revisions\/3801"}],"wp:attachment":[{"href":"https:\/\/perubienal.com\/es\/wp-json\/wp\/v2\/media?parent=3788"}],"curies":[{"name":"wp","href":"https:\/\/api.w.org\/{rel}","templated":true}]}}