{"id":4875,"date":"2024-05-09T18:43:26","date_gmt":"2024-05-09T16:43:26","guid":{"rendered":"https:\/\/perubienal.com\/?page_id=4875"},"modified":"2025-09-30T19:02:02","modified_gmt":"2025-09-30T17:02:02","slug":"dance","status":"publish","type":"page","link":"https:\/\/perubienal.com\/es\/dance\/","title":{"rendered":"dance"},"content":{"rendered":"<div data-elementor-type=\"wp-page\" data-elementor-id=\"4875\" class=\"elementor elementor-4875\">\n\t\t\t\t<div class=\"elementor-element elementor-element-790d8eaf e-flex e-con-boxed e-con e-parent\" data-id=\"790d8eaf\" data-element_type=\"container\" data-settings=\"{&quot;background_background&quot;:&quot;classic&quot;}\">\n\t\t\t\t\t<div class=\"e-con-inner\">\n\t\t<div class=\"elementor-element elementor-element-18b01bda e-con-full e-flex e-con e-child\" data-id=\"18b01bda\" data-element_type=\"container\">\n\t\t<div class=\"elementor-element elementor-element-759b773c e-con-full e-flex e-con e-child\" data-id=\"759b773c\" data-element_type=\"container\">\n\t\t<div class=\"elementor-element elementor-element-501fb0b7 e-con-full e-flex e-con e-child\" data-id=\"501fb0b7\" data-element_type=\"container\">\n\t\t\t\t<div class=\"elementor-element elementor-element-27f4d8f4 elementor-widget elementor-widget-heading\" data-id=\"27f4d8f4\" data-element_type=\"widget\" data-widget_type=\"heading.default\">\n\t\t\t\t<div class=\"elementor-widget-container\">\n\t\t\t<style>\/*! elementor - v3.21.0 - 30-04-2024 *\/\n.elementor-heading-title{padding:0;margin:0;line-height:1}.elementor-widget-heading .elementor-heading-title[class*=elementor-size-]>a{color:inherit;font-size:inherit;line-height:inherit}.elementor-widget-heading .elementor-heading-title.elementor-size-small{font-size:15px}.elementor-widget-heading .elementor-heading-title.elementor-size-medium{font-size:19px}.elementor-widget-heading .elementor-heading-title.elementor-size-large{font-size:29px}.elementor-widget-heading .elementor-heading-title.elementor-size-xl{font-size:39px}.elementor-widget-heading .elementor-heading-title.elementor-size-xxl{font-size:59px}<\/style><h1 class=\"elementor-heading-title elementor-size-default\">Per\u00fa Bienal<\/h1>\t\t<\/div>\n\t\t\t\t<\/div>\n\t\t\t\t<\/div>\n\t\t\t\t<\/div>\n\t\t<div class=\"elementor-element elementor-element-404851d7 e-con-full e-flex e-con e-child\" data-id=\"404851d7\" data-element_type=\"container\">\n\t\t<div class=\"elementor-element elementor-element-526dc390 e-con-full e-flex e-con e-child\" data-id=\"526dc390\" data-element_type=\"container\">\n\t\t\t\t<div class=\"elementor-element elementor-element-5fc14fe3 elementor-widget elementor-widget-heading\" data-id=\"5fc14fe3\" data-element_type=\"widget\" data-widget_type=\"heading.default\">\n\t\t\t\t<div class=\"elementor-widget-container\">\n\t\t\t<h3 class=\"elementor-heading-title elementor-size-default\">Convocatorias Internacionales<br>Danza<\/h3>\t\t<\/div>\n\t\t\t\t<\/div>\n\t\t\t\t<\/div>\n\t\t\t\t<\/div>\n\t\t\t\t<\/div>\n\t\t\t\t\t<\/div>\n\t\t\t\t<\/div>\n\t\t\t\t<section class=\"elementor-section elementor-top-section elementor-element elementor-element-40k2n04 elementor-section-boxed elementor-section-height-default elementor-section-height-default\" data-id=\"40k2n04\" data-element_type=\"section\" data-settings=\"{&quot;background_background&quot;:&quot;classic&quot;}\">\n\t\t\t\t\t\t<div class=\"elementor-container elementor-column-gap-default\">\n\t\t\t\t\t<div class=\"elementor-column elementor-col-100 elementor-top-column elementor-element elementor-element-f088365\" data-id=\"f088365\" data-element_type=\"column\">\n\t\t\t<div class=\"elementor-widget-wrap elementor-element-populated\">\n\t\t\t\t\t\t<div class=\"elementor-element elementor-element-6ae79fb elementor-widget elementor-widget-heading\" data-id=\"6ae79fb\" data-element_type=\"widget\" data-widget_type=\"heading.default\">\n\t\t\t\t<div class=\"elementor-widget-container\">\n\t\t\t<h4 class=\"elementor-heading-title elementor-size-default\">Aplicar<\/h4>\t\t<\/div>\n\t\t\t\t<\/div>\n\t\t\t\t<div class=\"elementor-element elementor-element-e7d1eaf elementor-widget elementor-widget-heading\" data-id=\"e7d1eaf\" data-element_type=\"widget\" data-widget_type=\"heading.default\">\n\t\t\t\t<div class=\"elementor-widget-container\">\n\t\t\t<h2 class=\"elementor-heading-title elementor-size-default\">Convocatoria Internacional Abierta- Danza<\/h2>\t\t<\/div>\n\t\t\t\t<\/div>\n\t\t\t\t<div class=\"elementor-element elementor-element-01dd3f1 elementor-widget elementor-widget-text-editor\" data-id=\"01dd3f1\" data-element_type=\"widget\" data-widget_type=\"text-editor.default\">\n\t\t\t\t<div class=\"elementor-widget-container\">\n\t\t\t<style>\/*! elementor - v3.21.0 - 30-04-2024 *\/\n.elementor-widget-text-editor.elementor-drop-cap-view-stacked .elementor-drop-cap{background-color:#69727d;color:#fff}.elementor-widget-text-editor.elementor-drop-cap-view-framed .elementor-drop-cap{color:#69727d;border:3px solid;background-color:transparent}.elementor-widget-text-editor:not(.elementor-drop-cap-view-default) .elementor-drop-cap{margin-top:8px}.elementor-widget-text-editor:not(.elementor-drop-cap-view-default) .elementor-drop-cap-letter{width:1em;height:1em}.elementor-widget-text-editor .elementor-drop-cap{float:left;text-align:center;line-height:1;font-size:50px}.elementor-widget-text-editor .elementor-drop-cap-letter{display:inline-block}<\/style>\t\t\t\t<p>La Bienal de Per\u00fa , anuncia oficialmente una convocatoria internacional en la categor\u00eda de Danza . La convocatoria est\u00e1 abierta\u00a0<span style=\"font-style: inherit; font-weight: inherit; letter-spacing: 0px;\">a <strong>c<\/strong><\/span><strong><span style=\"font-style: inherit; letter-spacing: 0px;\">ompa\u00f1ias, studios, grupos de danzas y profesionales<\/span> <span style=\"font-style: inherit; letter-spacing: 0px;\">en el sector.<\/span><\/strong><\/p><p><strong><br \/><\/strong>Participantes: Proyectos de danza de cualquier pa\u00eds del mundo, en sus diferentes tipolog\u00edas. Autores de cualquier pa\u00eds y mayores de 18 a\u00f1os.\u00a0<\/p>\t\t\t\t\t\t<\/div>\n\t\t\t\t<\/div>\n\t\t\t\t<div class=\"elementor-element elementor-element-c517f74 elementor-widget elementor-widget-heading\" data-id=\"c517f74\" data-element_type=\"widget\" data-widget_type=\"heading.default\">\n\t\t\t\t<div class=\"elementor-widget-container\">\n\t\t\t<h2 class=\"elementor-heading-title elementor-size-default\">Consideraciones Generales<\/h2>\t\t<\/div>\n\t\t\t\t<\/div>\n\t\t\t\t<div class=\"elementor-element elementor-element-33d397e elementor-widget__width-initial elementor-widget elementor-widget-text-editor\" data-id=\"33d397e\" data-element_type=\"widget\" data-widget_type=\"text-editor.default\">\n\t\t\t\t<div class=\"elementor-widget-container\">\n\t\t\t\t\t\t\t<p>a). Participan: proyectos internacionales y nacionales\u00a0<\/p><p><span style=\"font-style: inherit; font-weight: inherit; letter-spacing: 0px;\">b). El comit\u00e9 de selecci\u00f3n de la Bienal del Per\u00fa seleccionar\u00e1 los \"proyectos seleccionados\" entre todos los proyectos presentados (Fase 1).<\/span><\/p><p>c) Si se selecciona su proyecto comienza una nueva fase; de inscripci\u00f3n y selecci\u00f3n para elegir a los finalistas (Fase 2).<\/p><p>\u00a0d) El proyecto ganador se elegir\u00e1 entre los finalistas (fase 3).<\/p><p>e) The <strong>selected projects, finalists and winners<\/strong> will be certified and recognized by the Steering Committee and the Organizing Committee of the Biennial at the official recognition ceremony.<\/p><p>f) The s<strong>elected projects, finalists and winners<\/strong> are part of our cycle of official presentations and\/or projections that will take place in important cultural and theatrical circuits in Peru.<\/p>\t\t\t\t\t\t<\/div>\n\t\t\t\t<\/div>\n\t\t\t\t<div class=\"elementor-element elementor-element-ab2e674 elementor-widget elementor-widget-heading\" data-id=\"ab2e674\" data-element_type=\"widget\" data-widget_type=\"heading.default\">\n\t\t\t\t<div class=\"elementor-widget-container\">\n\t\t\t<h2 class=\"elementor-heading-title elementor-size-default\">Fechas<\/h2>\t\t<\/div>\n\t\t\t\t<\/div>\n\t\t\t\t<div class=\"elementor-element elementor-element-c89e38c elementor-widget elementor-widget-text-editor\" data-id=\"c89e38c\" data-element_type=\"widget\" data-widget_type=\"text-editor.default\">\n\t\t\t\t<div class=\"elementor-widget-container\">\n\t\t\t\t\t\t\t<p>Deadline:\u00a0 October 01, 2025<br \/>Selected Projects:\u00a0 October 08, 2025<br \/>Finalist Projects:\u00a0 November 15, 2025<br \/>Awarded Projects:\u00a0 November 20, 2025<br \/>Presentation:\u00a0 \u00a0March 20- April 10, 2026\u00a0\u00a0<\/p>\t\t\t\t\t\t<\/div>\n\t\t\t\t<\/div>\n\t\t\t\t<div class=\"elementor-element elementor-element-9ee1ef4 elementor-widget elementor-widget-heading\" data-id=\"9ee1ef4\" data-element_type=\"widget\" data-widget_type=\"heading.default\">\n\t\t\t\t<div class=\"elementor-widget-container\">\n\t\t\t<h2 class=\"elementor-heading-title elementor-size-default\">Informaci\u00f3n<\/h2>\t\t<\/div>\n\t\t\t\t<\/div>\n\t\t\t\t<div class=\"elementor-element elementor-element-fcf15f3 elementor-widget elementor-widget-text-editor\" data-id=\"fcf15f3\" data-element_type=\"widget\" data-widget_type=\"text-editor.default\">\n\t\t\t\t<div class=\"elementor-widget-container\">\n\t\t\t\t\t\t\t<p>Hasta un m\u00e1ximo de dos danzas por participante. Para participar ser\u00e1 necesario que la informaci\u00f3n a ENVIAR cumpla dos requisitos, que describimos a continuaci\u00f3n:<\/p><p><span style=\"font-style: inherit; letter-spacing: 0.4px;\">a)\u00a0<\/span><b>Informaci\u00f3n del proyecto, hoja A4 (archivo Word o pdf)<\/b>.Nombre de la compa\u00f1\u00eda, estudio o nombre del autor o autores, Descripci\u00f3n del baile, Link YouTube, Vimeo O cualquier otro, donde se pueda observar la danza. En el archivo tambi\u00e9n puedes agregar sitios web o enlaces a plataformas sociales en caso lo tuvieses.<\/p><p>b)\u00a0<span style=\"letter-spacing: 0.4px; font-style: inherit;\"><span style=\"font-weight: bold;\">Adjuntar fotos, im\u00e1genes de la danza en una carpeta<\/span><\/span><span style=\"letter-spacing: 0.4px; font-style: inherit; font-weight: inherit;\">.\u00a0<\/span>Adjuntar fotos de los bailarines en acci\u00f3n, fotos de presentaciones.\u00a0<span style=\"font-style: inherit; font-weight: inherit; letter-spacing: 0.4px;\">Formato de nombre de carpeta: Pa\u00eds + nombre de autor o empresa + nombre de baile. Luego comprimir la carpeta en<\/span><span style=\"font-style: inherit; letter-spacing: 0.4px; font-weight: bold;\">\u00a0formato zip o rar<\/span><span style=\"font-style: inherit; font-weight: inherit; letter-spacing: 0.4px;\">.\u00a0 \u00a0<\/span><\/p>\t\t\t\t\t\t<\/div>\n\t\t\t\t<\/div>\n\t\t\t\t<div class=\"elementor-element elementor-element-33f649c elementor-widget elementor-widget-heading\" data-id=\"33f649c\" data-element_type=\"widget\" data-widget_type=\"heading.default\">\n\t\t\t\t<div class=\"elementor-widget-container\">\n\t\t\t<h2 class=\"elementor-heading-title elementor-size-default\">Formulario De Presentaci\u00f3n- Danza <\/h2>\t\t<\/div>\n\t\t\t\t<\/div>\n\t\t\t\t<div class=\"elementor-element elementor-element-cdf8d3f elementor-widget elementor-widget-text-editor\" data-id=\"cdf8d3f\" data-element_type=\"widget\" data-widget_type=\"text-editor.default\">\n\t\t\t\t<div class=\"elementor-widget-container\">\n\t\t\t\t\t\t\t<p>Introduzca un correo electr\u00f3nico \"activo y principal\" para las comunicaciones necesarias (muy importante). Recibir\u00e1 un correo electr\u00f3nico de confirmaci\u00f3n en un plazo m\u00e1ximo de 48 horas. Verifique su \"correo principal\" y tambi\u00e9n el \"buz\u00f3n de correo spam\" (Muy importante).\u00a0 Recomendamos agregar el correo electr\u00f3nico a su libreta de direcciones :\u00a0<b>peru@perubienal.com<\/b><\/p><p>\u00a0<b>Por favor verifique que la extensi\u00f3n de los \u201carchivos\u201d<\/b> to be sent complies with the requirements of the \u201cSubmission Form\u201d.\u00a0\u00a0If the project to be sent exceeds 8 MB, you can apply by sending the <b>project information<\/b> and<b> images <\/b>using the file transfer tools: Google Drive, One Drive, Wetransfer or &#8220;any other&#8221; to send your project and notify the email:\u00a0 peru@perubienal.com<\/p>\t\t\t\t\t\t<\/div>\n\t\t\t\t<\/div>\n\t\t<div class=\"elementor-element elementor-element-3378466 e-flex e-con-boxed e-con e-parent\" data-id=\"3378466\" data-element_type=\"container\" data-settings=\"{&quot;background_background&quot;:&quot;classic&quot;}\">\n\t\t\t\t\t<div class=\"e-con-inner\">\n\t\t\t\t<div class=\"elementor-element elementor-element-583f214 elementor-widget elementor-widget-shortcode\" data-id=\"583f214\" data-element_type=\"widget\" data-widget_type=\"shortcode.default\">\n\t\t\t\t<div class=\"elementor-widget-container\">\n\t\t\t\t\t<div class=\"elementor-shortcode\">\n<div class=\"wpcf7 no-js\" id=\"wpcf7-f4908-o1\" lang=\"es-ES\" dir=\"ltr\">\n<div class=\"screen-reader-response\"><p role=\"status\" aria-live=\"polite\" aria-atomic=\"true\"><\/p> <ul><\/ul><\/div>\n<form action=\"\/es\/wp-json\/wp\/v2\/pages\/4875#wpcf7-f4908-o1\" method=\"post\" class=\"wpcf7-form init\" aria-label=\"Formulario de contacto\" enctype=\"multipart\/form-data\" novalidate=\"novalidate\" data-status=\"init\" data-trp-original-action=\"\/es\/wp-json\/wp\/v2\/pages\/4875#wpcf7-f4908-o1\">\n<div style=\"display: none;\">\n<input type=\"hidden\" name=\"_wpcf7\" value=\"4908\" \/>\n<input type=\"hidden\" name=\"_wpcf7_version\" value=\"5.9.3\" \/>\n<input type=\"hidden\" name=\"_wpcf7_locale\" value=\"es_ES\" \/>\n<input type=\"hidden\" name=\"_wpcf7_unit_tag\" value=\"wpcf7-f4908-o1\" \/>\n<input type=\"hidden\" name=\"_wpcf7_container_post\" value=\"0\" \/>\n<input type=\"hidden\" name=\"_wpcf7_posted_data_hash\" value=\"\" \/>\n<\/div>\n<p><label> Nombre\/Apellido (*)<br \/>\n<span class=\"wpcf7-form-control-wrap\" data-name=\"your-name\"><input size=\"40\" class=\"wpcf7-form-control wpcf7-text wpcf7-validates-as-required\" aria-required=\"true\" aria-invalid=\"false\" value=\"\" type=\"text\" name=\"your-name\" \/><\/span> <\/label>\n<\/p>\n<p><label> Correo electr\u00f3nico (*)<br \/>\n<span class=\"wpcf7-form-control-wrap\" data-name=\"your-email\"><input size=\"40\" class=\"wpcf7-form-control wpcf7-email wpcf7-validates-as-required wpcf7-text wpcf7-validates-as-email\" aria-required=\"true\" aria-invalid=\"false\" value=\"\" type=\"email\" name=\"your-email\" \/><\/span> <\/label>\n<\/p>\n<p> Tel\u00e9fono (*)\n<\/p>\n<p><span class=\"wpcf7-form-control-wrap\" data-name=\"tel-487\"><input size=\"40\" class=\"wpcf7-form-control wpcf7-tel wpcf7-validates-as-required wpcf7-text wpcf7-validates-as-tel\" aria-required=\"true\" aria-invalid=\"false\" value=\"\" type=\"tel\" name=\"tel-487\" \/><\/span>\n<\/p>\n<p\/>\n<\/p>\n<p> Descripci\u00f3n del proyecto: doc,docx,pdf (*)\n<\/p>\n<p><span class=\"wpcf7-form-control-wrap\" data-name=\"file-209\"><input size=\"40\" class=\"wpcf7-form-control wpcf7-file wpcf7-validates-as-required\" accept=\".docx,.pdf,.doc\" aria-required=\"true\" aria-invalid=\"false\" type=\"file\" name=\"file-209\" \/><\/span>\n<\/p>\n<p\/>\n<\/p>\n<p> Im\u00e1genes del proyecto: zip,rar (*)\n<\/p>\n<p><span class=\"wpcf7-form-control-wrap\" data-name=\"file-435\"><input size=\"40\" class=\"wpcf7-form-control wpcf7-file wpcf7-validates-as-required\" accept=\".zip,.rar\" aria-required=\"true\" aria-invalid=\"false\" type=\"file\" name=\"file-435\" \/><\/span>\n<\/p>\n<p\/>\n<\/p>\n<p> (*)Campos Obligatorios\n<\/p>\n<p><input class=\"wpcf7-form-control wpcf7-submit has-spinner\" type=\"submit\" value=\"ENVIAR\" \/>\n<\/p><div class=\"wpcf7-response-output\" aria-hidden=\"true\"><\/div>\n<input type=\"hidden\" name=\"trp-form-language\" value=\"es\"\/><\/form>\n<\/div>\n<\/div>\n\t\t\t\t<\/div>\n\t\t\t\t<\/div>\n\t\t\t\t\t<\/div>\n\t\t\t\t<\/div>\n\t\t\t\t\t<\/div>\n\t\t<\/div>\n\t\t\t\t\t<\/div>\n\t\t<\/section>\n\t\t\t\t<\/div>","protected":false},"excerpt":{"rendered":"<p>Peru Biennial International CallDance Apply International Call- Dance The Biennial of Peru , officially announces an international call in the category of Dance . The call is open\u00a0to companies, studios, dance groups and professionals in the sector. Participants: Dance projects from any country in the world, in their different typologies. Authors from any country and [&hellip;]<\/p>","protected":false},"author":1,"featured_media":4866,"parent":0,"menu_order":0,"comment_status":"closed","ping_status":"closed","template":"","meta":{"_eb_attr":"","site-sidebar-layout":"no-sidebar","site-content-layout":"page-builder","ast-site-content-layout":"full-width-container","site-content-style":"default","site-sidebar-style":"default","ast-global-header-display":"","ast-banner-title-visibility":"","ast-main-header-display":"","ast-hfb-above-header-display":"","ast-hfb-below-header-display":"","ast-hfb-mobile-header-display":"","site-post-title":"disabled","ast-breadcrumbs-content":"","ast-featured-img":"disabled","footer-sml-layout":"","theme-transparent-header-meta":"","adv-header-id-meta":"","stick-header-meta":"","header-above-stick-meta":"","header-main-stick-meta":"","header-below-stick-meta":"","astra-migrate-meta-layouts":"set","ast-page-background-enabled":"default","ast-page-background-meta":{"desktop":{"background-color":"","background-image":"","background-repeat":"repeat","background-position":"center center","background-size":"auto","background-attachment":"scroll","background-type":"","background-media":"","overlay-type":"","overlay-color":"","overlay-gradient":""},"tablet":{"background-color":"","background-image":"","background-repeat":"repeat","background-position":"center center","background-size":"auto","background-attachment":"scroll","background-type":"","background-media":"","overlay-type":"","overlay-color":"","overlay-gradient":""},"mobile":{"background-color":"","background-image":"","background-repeat":"repeat","background-position":"center center","background-size":"auto","background-attachment":"scroll","background-type":"","background-media":"","overlay-type":"","overlay-color":"","overlay-gradient":""}},"ast-content-background-meta":{"desktop":{"background-color":"var(--ast-global-color-5)","background-image":"","background-repeat":"repeat","background-position":"center center","background-size":"auto","background-attachment":"scroll","background-type":"","background-media":"","overlay-type":"","overlay-color":"","overlay-gradient":""},"tablet":{"background-color":"var(--ast-global-color-5)","background-image":"","background-repeat":"repeat","background-position":"center center","background-size":"auto","background-attachment":"scroll","background-type":"","background-media":"","overlay-type":"","overlay-color":"","overlay-gradient":""},"mobile":{"background-color":"var(--ast-global-color-5)","background-image":"","background-repeat":"repeat","background-position":"center center","background-size":"auto","background-attachment":"scroll","background-type":"","background-media":"","overlay-type":"","overlay-color":"","overlay-gradient":""}},"_joinchat":[],"footnotes":""},"class_list":["post-4875","page","type-page","status-publish","has-post-thumbnail","hentry"],"jetpack_sharing_enabled":true,"_hostinger_reach_plugin_has_subscription_block":false,"_hostinger_reach_plugin_is_elementor":false,"_links":{"self":[{"href":"https:\/\/perubienal.com\/es\/wp-json\/wp\/v2\/pages\/4875","targetHints":{"allow":["GET"]}}],"collection":[{"href":"https:\/\/perubienal.com\/es\/wp-json\/wp\/v2\/pages"}],"about":[{"href":"https:\/\/perubienal.com\/es\/wp-json\/wp\/v2\/types\/page"}],"author":[{"embeddable":true,"href":"https:\/\/perubienal.com\/es\/wp-json\/wp\/v2\/users\/1"}],"replies":[{"embeddable":true,"href":"https:\/\/perubienal.com\/es\/wp-json\/wp\/v2\/comments?post=4875"}],"version-history":[{"count":355,"href":"https:\/\/perubienal.com\/es\/wp-json\/wp\/v2\/pages\/4875\/revisions"}],"predecessor-version":[{"id":11777,"href":"https:\/\/perubienal.com\/es\/wp-json\/wp\/v2\/pages\/4875\/revisions\/11777"}],"wp:featuredmedia":[{"embeddable":true,"href":"https:\/\/perubienal.com\/es\/wp-json\/wp\/v2\/media\/4866"}],"wp:attachment":[{"href":"https:\/\/perubienal.com\/es\/wp-json\/wp\/v2\/media?parent=4875"}],"curies":[{"name":"wp","href":"https:\/\/api.w.org\/{rel}","templated":true}]}}