{"id":4913,"date":"2024-05-18T05:45:31","date_gmt":"2024-05-18T03:45:31","guid":{"rendered":"https:\/\/perubienal.com\/?page_id=4913"},"modified":"2025-09-30T19:01:13","modified_gmt":"2025-09-30T17:01:13","slug":"theater","status":"publish","type":"page","link":"https:\/\/perubienal.com\/es\/theater\/","title":{"rendered":"theater"},"content":{"rendered":"<div data-elementor-type=\"wp-page\" data-elementor-id=\"4913\" class=\"elementor elementor-4913\">\n\t\t\t\t<div class=\"elementor-element elementor-element-ee6cf63 e-flex e-con-boxed e-con e-parent\" data-id=\"ee6cf63\" data-element_type=\"container\" data-settings=\"{&quot;background_background&quot;:&quot;classic&quot;}\">\n\t\t\t\t\t<div class=\"e-con-inner\">\n\t\t<div class=\"elementor-element elementor-element-2ba1292 e-con-full e-flex e-con e-child\" data-id=\"2ba1292\" data-element_type=\"container\" data-settings=\"{&quot;background_background&quot;:&quot;classic&quot;}\">\n\t\t<div class=\"elementor-element elementor-element-98a118b e-con-full e-flex e-con e-child\" data-id=\"98a118b\" data-element_type=\"container\">\n\t\t<div class=\"elementor-element elementor-element-9baf2c5 e-con-full e-flex e-con e-child\" data-id=\"9baf2c5\" data-element_type=\"container\">\n\t\t\t\t<div class=\"elementor-element elementor-element-b985e37 elementor-widget elementor-widget-heading\" data-id=\"b985e37\" data-element_type=\"widget\" data-widget_type=\"heading.default\">\n\t\t\t\t<div class=\"elementor-widget-container\">\n\t\t\t<style>\/*! elementor - v3.21.0 - 30-04-2024 *\/\n.elementor-heading-title{padding:0;margin:0;line-height:1}.elementor-widget-heading .elementor-heading-title[class*=elementor-size-]>a{color:inherit;font-size:inherit;line-height:inherit}.elementor-widget-heading .elementor-heading-title.elementor-size-small{font-size:15px}.elementor-widget-heading .elementor-heading-title.elementor-size-medium{font-size:19px}.elementor-widget-heading .elementor-heading-title.elementor-size-large{font-size:29px}.elementor-widget-heading .elementor-heading-title.elementor-size-xl{font-size:39px}.elementor-widget-heading .elementor-heading-title.elementor-size-xxl{font-size:59px}<\/style><h1 class=\"elementor-heading-title elementor-size-default\">Per\u00fa Bienal<\/h1>\t\t<\/div>\n\t\t\t\t<\/div>\n\t\t\t\t<\/div>\n\t\t\t\t<\/div>\n\t\t<div class=\"elementor-element elementor-element-dd7637f e-con-full e-flex e-con e-child\" data-id=\"dd7637f\" data-element_type=\"container\">\n\t\t<div class=\"elementor-element elementor-element-36c5eea e-con-full e-flex e-con e-child\" data-id=\"36c5eea\" data-element_type=\"container\">\n\t\t\t\t<div class=\"elementor-element elementor-element-50bad37 elementor-widget elementor-widget-heading\" data-id=\"50bad37\" data-element_type=\"widget\" data-widget_type=\"heading.default\">\n\t\t\t\t<div class=\"elementor-widget-container\">\n\t\t\t<h3 class=\"elementor-heading-title elementor-size-default\">Convocatorias Internacionales<br>Teatro<\/h3>\t\t<\/div>\n\t\t\t\t<\/div>\n\t\t\t\t<\/div>\n\t\t\t\t<\/div>\n\t\t\t\t<\/div>\n\t\t\t\t\t<\/div>\n\t\t\t\t<\/div>\n\t\t\t\t<section class=\"elementor-section elementor-top-section elementor-element elementor-element-40k2n04 elementor-section-boxed elementor-section-height-default elementor-section-height-default\" data-id=\"40k2n04\" data-element_type=\"section\" data-settings=\"{&quot;background_background&quot;:&quot;classic&quot;}\">\n\t\t\t\t\t\t<div class=\"elementor-container elementor-column-gap-default\">\n\t\t\t\t\t<div class=\"elementor-column elementor-col-100 elementor-top-column elementor-element elementor-element-f088365\" data-id=\"f088365\" data-element_type=\"column\">\n\t\t\t<div class=\"elementor-widget-wrap elementor-element-populated\">\n\t\t\t\t\t\t<div class=\"elementor-element elementor-element-6ae79fb elementor-widget elementor-widget-heading\" data-id=\"6ae79fb\" data-element_type=\"widget\" data-widget_type=\"heading.default\">\n\t\t\t\t<div class=\"elementor-widget-container\">\n\t\t\t<h4 class=\"elementor-heading-title elementor-size-default\">Aplicar<\/h4>\t\t<\/div>\n\t\t\t\t<\/div>\n\t\t\t\t<div class=\"elementor-element elementor-element-e7d1eaf elementor-widget elementor-widget-heading\" data-id=\"e7d1eaf\" data-element_type=\"widget\" data-widget_type=\"heading.default\">\n\t\t\t\t<div class=\"elementor-widget-container\">\n\t\t\t<h2 class=\"elementor-heading-title elementor-size-default\">Convocatoria Internacional-Teatro<\/h2>\t\t<\/div>\n\t\t\t\t<\/div>\n\t\t\t\t<div class=\"elementor-element elementor-element-01dd3f1 elementor-widget elementor-widget-text-editor\" data-id=\"01dd3f1\" data-element_type=\"widget\" data-widget_type=\"text-editor.default\">\n\t\t\t\t<div class=\"elementor-widget-container\">\n\t\t\t<style>\/*! elementor - v3.21.0 - 30-04-2024 *\/\n.elementor-widget-text-editor.elementor-drop-cap-view-stacked .elementor-drop-cap{background-color:#69727d;color:#fff}.elementor-widget-text-editor.elementor-drop-cap-view-framed .elementor-drop-cap{color:#69727d;border:3px solid;background-color:transparent}.elementor-widget-text-editor:not(.elementor-drop-cap-view-default) .elementor-drop-cap{margin-top:8px}.elementor-widget-text-editor:not(.elementor-drop-cap-view-default) .elementor-drop-cap-letter{width:1em;height:1em}.elementor-widget-text-editor .elementor-drop-cap{float:left;text-align:center;line-height:1;font-size:50px}.elementor-widget-text-editor .elementor-drop-cap-letter{display:inline-block}<\/style>\t\t\t\t<p>La Bienal de Per\u00fa , anuncia oficialmente una convocatoria internacional en la categor\u00eda de Teatro . La convocatoria est\u00e1 abierta a&nbsp;<strong>c<\/strong><strong>ompa\u00f1ias, grupos de teatro y profesionales del sector.<\/strong><\/p>\n<p><strong><br><\/strong>Participantes: Proyectos de teatro de cualquier pa\u00eds del mundo, en sus diferentes tipolog\u00edas. Autores de cualquier pa\u00eds y mayores de 18 a\u00f1os<\/p>\t\t\t\t\t\t<\/div>\n\t\t\t\t<\/div>\n\t\t\t\t<div class=\"elementor-element elementor-element-c517f74 elementor-widget elementor-widget-heading\" data-id=\"c517f74\" data-element_type=\"widget\" data-widget_type=\"heading.default\">\n\t\t\t\t<div class=\"elementor-widget-container\">\n\t\t\t<h2 class=\"elementor-heading-title elementor-size-default\">Consideraciones Generales<\/h2>\t\t<\/div>\n\t\t\t\t<\/div>\n\t\t\t\t<div class=\"elementor-element elementor-element-33d397e elementor-widget elementor-widget-text-editor\" data-id=\"33d397e\" data-element_type=\"widget\" data-widget_type=\"text-editor.default\">\n\t\t\t\t<div class=\"elementor-widget-container\">\n\t\t\t\t\t\t\t<p>a). Participan: proyectos internacionales y nacionales\u00a0<\/p><p>b). El comit\u00e9 de selecci\u00f3n de la Bienal del Per\u00fa seleccionar\u00e1 los \"proyectos seleccionados\" entre todos los proyectos presentados (Fase 1).<\/p><p>c) Si se selecciona su proyecto comienza una nueva fase; de inscripci\u00f3n y selecci\u00f3n para elegir a los finalistas (Fase 2).<\/p><p>\u00a0d) El proyecto ganador se elegir\u00e1 entre los finalistas (fase 3).<\/p><p>e) The <strong>selected projects, finalists and winners<\/strong> will be certified and recognized by the Steering Committee and the Organizing Committee of the Biennial at the official recognition ceremony.<\/p><p>f) The s<strong>elected projects, finalists and winners<\/strong> are part of our cycle of official presentations and\/or projections that will take place in important cultural and theatrical circuits in Peru.<\/p>\t\t\t\t\t\t<\/div>\n\t\t\t\t<\/div>\n\t\t\t\t<div class=\"elementor-element elementor-element-ab2e674 elementor-widget elementor-widget-heading\" data-id=\"ab2e674\" data-element_type=\"widget\" data-widget_type=\"heading.default\">\n\t\t\t\t<div class=\"elementor-widget-container\">\n\t\t\t<h2 class=\"elementor-heading-title elementor-size-default\">Fechas<\/h2>\t\t<\/div>\n\t\t\t\t<\/div>\n\t\t\t\t<div class=\"elementor-element elementor-element-c89e38c elementor-widget elementor-widget-text-editor\" data-id=\"c89e38c\" data-element_type=\"widget\" data-widget_type=\"text-editor.default\">\n\t\t\t\t<div class=\"elementor-widget-container\">\n\t\t\t\t\t\t\t<p>Deadline:&nbsp; October 01, 2025<br>Selected Projects:&nbsp; October 08, 2025<br>Finalist Projects:&nbsp; November 15, 2025<br>Awarded Projects:&nbsp; November 20, 2025<br>Presentation:&nbsp; March 20- April 10, 2026&nbsp;&nbsp;<\/p>\t\t\t\t\t\t<\/div>\n\t\t\t\t<\/div>\n\t\t\t\t<div class=\"elementor-element elementor-element-9ee1ef4 elementor-widget elementor-widget-heading\" data-id=\"9ee1ef4\" data-element_type=\"widget\" data-widget_type=\"heading.default\">\n\t\t\t\t<div class=\"elementor-widget-container\">\n\t\t\t<h2 class=\"elementor-heading-title elementor-size-default\">Informaci\u00f3n<\/h2>\t\t<\/div>\n\t\t\t\t<\/div>\n\t\t\t\t<div class=\"elementor-element elementor-element-fcf15f3 elementor-widget__width-initial elementor-widget elementor-widget-text-editor\" data-id=\"fcf15f3\" data-element_type=\"widget\" data-widget_type=\"text-editor.default\">\n\t\t\t\t<div class=\"elementor-widget-container\">\n\t\t\t\t\t\t\t<p>Hasta dos obras por participante.. Para participar ser\u00e1 necesario que la informaci\u00f3n a ENVIAR cumpla dos requisitos, que describimos a continuaci\u00f3n:<\/p><p>a)\u00a0<b>Informaci\u00f3n del proyecto, hoja A4 (archivo Word o pdf)<\/b>.\u00a0<span style=\"letter-spacing: 0.4px;\">\u00a0N<\/span><span style=\"letter-spacing: 0.4px;\">ombre de la obra de teatro\u00a0<\/span><span style=\"font-style: inherit; font-weight: inherit; letter-spacing: 0.4px;\">Nombre de la empresa, o nombre del autor o autores, Descripci\u00f3n de la obra, Video de la obra en YouTube, Vimeo O cualquier otro; donde  pueda observarse la obra, el reel o la presentaci\u00f3n.\u00a0<\/span>En el archivo tambi\u00e9n puedes agregar sitios web o enlaces a plataformas sociales, en caso lo tuvieses<\/p><p><span style=\"font-style: inherit; font-weight: inherit; letter-spacing: 0.4px;\">b). <\/span><span style=\"font-style: inherit; letter-spacing: 0.4px;\"><b>Adjuntar fotos, im\u00e1genes de la obra en una carpeta.<\/b><\/span><span style=\"font-style: inherit; font-weight: inherit; letter-spacing: 0.4px;\">. Formato del nombre de la carpeta: Pa\u00eds + nombre del autor o empresa + nombre de la obra. Luego comprime la carpeta en<\/span><b style=\"font-style: inherit; letter-spacing: 0.4px;\">\u00a0formato zip o rar<\/b><span style=\"font-style: inherit; font-weight: inherit; letter-spacing: 0.4px;\">.\u00a0 \u00a0<\/span><\/p>\t\t\t\t\t\t<\/div>\n\t\t\t\t<\/div>\n\t\t\t\t<div class=\"elementor-element elementor-element-33f649c elementor-widget elementor-widget-heading\" data-id=\"33f649c\" data-element_type=\"widget\" data-widget_type=\"heading.default\">\n\t\t\t\t<div class=\"elementor-widget-container\">\n\t\t\t<h2 class=\"elementor-heading-title elementor-size-default\">Formulario De Presentaci\u00f3n- Teatro<\/h2>\t\t<\/div>\n\t\t\t\t<\/div>\n\t\t\t\t<div class=\"elementor-element elementor-element-50e7e6d elementor-widget elementor-widget-text-editor\" data-id=\"50e7e6d\" data-element_type=\"widget\" data-widget_type=\"text-editor.default\">\n\t\t\t\t<div class=\"elementor-widget-container\">\n\t\t\t\t\t\t\t<p>Introduzca un correo electr\u00f3nico \"activo y principal\" para las comunicaciones necesarias (muy importante). Recibir\u00e1 un correo electr\u00f3nico de confirmaci\u00f3n en un plazo m\u00e1ximo de 78 horas. Compruebe su \"correo electr\u00f3nico principal\" y tambi\u00e9n el \"buz\u00f3n de correo no deseado\" (muy importante).\u00a0 Recomendamos a\u00f1adir el correo electr\u00f3nico a su libreta de direcciones:&nbsp;<b>peru@perubienal.com<\/b><\/p>\n<p>&nbsp;<b>Por favor verifique que la extensi\u00f3n de los \u201carchivos\u201d a enviar cumpla con los requisitos del \u201cFormulario de Env\u00edo\u201d.<\/b>&nbsp;Si el proyecto a enviar supera los 8 MB, puede solicitarlo enviando el <b>project information and images<\/b> utilizando las herramientas de transferencia de archivos: Google Drive, One Drive,Wetransfer o \"cualquier otro\" para enviar su proyecto y notificar el correo electr\u00f3nico:&nbsp; <b>peru@perubienal.com<\/b><\/p>\t\t\t\t\t\t<\/div>\n\t\t\t\t<\/div>\n\t\t<div class=\"elementor-element elementor-element-22c0826 e-flex e-con-boxed e-con e-parent\" data-id=\"22c0826\" data-element_type=\"container\" data-settings=\"{&quot;background_background&quot;:&quot;classic&quot;}\">\n\t\t\t\t\t<div class=\"e-con-inner\">\n\t\t\t\t<div class=\"elementor-element elementor-element-022aeba elementor-widget elementor-widget-shortcode\" data-id=\"022aeba\" data-element_type=\"widget\" data-widget_type=\"shortcode.default\">\n\t\t\t\t<div class=\"elementor-widget-container\">\n\t\t\t\t\t<div class=\"elementor-shortcode\">\n<div class=\"wpcf7 no-js\" id=\"wpcf7-f4912-o1\" lang=\"es-ES\" dir=\"ltr\">\n<div class=\"screen-reader-response\"><p role=\"status\" aria-live=\"polite\" aria-atomic=\"true\"><\/p> <ul><\/ul><\/div>\n<form action=\"\/es\/wp-json\/wp\/v2\/pages\/4913#wpcf7-f4912-o1\" method=\"post\" class=\"wpcf7-form init\" aria-label=\"Formulario de contacto\" enctype=\"multipart\/form-data\" novalidate=\"novalidate\" data-status=\"init\" data-trp-original-action=\"\/es\/wp-json\/wp\/v2\/pages\/4913#wpcf7-f4912-o1\">\n<div style=\"display: none;\">\n<input type=\"hidden\" name=\"_wpcf7\" value=\"4912\" \/>\n<input type=\"hidden\" name=\"_wpcf7_version\" value=\"5.9.3\" \/>\n<input type=\"hidden\" name=\"_wpcf7_locale\" value=\"es_ES\" \/>\n<input type=\"hidden\" name=\"_wpcf7_unit_tag\" value=\"wpcf7-f4912-o1\" \/>\n<input type=\"hidden\" name=\"_wpcf7_container_post\" value=\"0\" \/>\n<input type=\"hidden\" name=\"_wpcf7_posted_data_hash\" value=\"\" \/>\n<\/div>\n<p><label> Nombre\/Apellido (*)<br \/>\n<span class=\"wpcf7-form-control-wrap\" data-name=\"your-name\"><input size=\"40\" class=\"wpcf7-form-control wpcf7-text wpcf7-validates-as-required\" aria-required=\"true\" aria-invalid=\"false\" value=\"\" type=\"text\" name=\"your-name\" \/><\/span> <\/label>\n<\/p>\n<p><label> Correo electr\u00f3nico (*)<br \/>\n<span class=\"wpcf7-form-control-wrap\" data-name=\"your-email\"><input size=\"40\" class=\"wpcf7-form-control wpcf7-email wpcf7-validates-as-required wpcf7-text wpcf7-validates-as-email\" aria-required=\"true\" aria-invalid=\"false\" value=\"\" type=\"email\" name=\"your-email\" \/><\/span> <\/label>\n<\/p>\n<p> Tel\u00e9fono (*)\n<\/p>\n<p><span class=\"wpcf7-form-control-wrap\" data-name=\"tel-487\"><input size=\"40\" class=\"wpcf7-form-control wpcf7-tel wpcf7-validates-as-required wpcf7-text wpcf7-validates-as-tel\" aria-required=\"true\" aria-invalid=\"false\" value=\"\" type=\"tel\" name=\"tel-487\" \/><\/span>\n<\/p>\n<p\/>\n<\/p>\n<p> Descripci\u00f3n del proyecto: doc,docx,pdf (*)\n<\/p>\n<p><span class=\"wpcf7-form-control-wrap\" data-name=\"file-209\"><input size=\"40\" class=\"wpcf7-form-control wpcf7-file wpcf7-validates-as-required\" accept=\".docx,.pdf,.doc\" aria-required=\"true\" aria-invalid=\"false\" type=\"file\" name=\"file-209\" \/><\/span>\n<\/p>\n<p\/>\n<\/p>\n<p> Im\u00e1genes del proyecto: zip,rar (*)\n<\/p>\n<p><span class=\"wpcf7-form-control-wrap\" data-name=\"file-435\"><input size=\"40\" class=\"wpcf7-form-control wpcf7-file wpcf7-validates-as-required\" accept=\".zip,.rar\" aria-required=\"true\" aria-invalid=\"false\" type=\"file\" name=\"file-435\" \/><\/span>\n<\/p>\n<p\/>\n<\/p>\n<p> (*)Campos Obligatorios\n<\/p>\n<p><input class=\"wpcf7-form-control wpcf7-submit has-spinner\" type=\"submit\" value=\"ENVIAR\" \/>\n<\/p><div class=\"wpcf7-response-output\" aria-hidden=\"true\"><\/div>\n<input type=\"hidden\" name=\"trp-form-language\" value=\"es\"\/><\/form>\n<\/div>\n<\/div>\n\t\t\t\t<\/div>\n\t\t\t\t<\/div>\n\t\t\t\t\t<\/div>\n\t\t\t\t<\/div>\n\t\t\t\t\t<\/div>\n\t\t<\/div>\n\t\t\t\t\t<\/div>\n\t\t<\/section>\n\t\t\t\t<\/div>","protected":false},"excerpt":{"rendered":"<p>Peru Biennial International CallTheater Apply International Call- Theater The Biennial of Peru , officially announces an international call in the category of Theatre . The call is open&nbsp;to&nbsp;companies,,theater groups and professionals in the sector. Participants: Theater projects from any country in the world, in their different typologies. Authors from any country and over 18 years [&hellip;]<\/p>","protected":false},"author":1,"featured_media":8204,"parent":0,"menu_order":0,"comment_status":"closed","ping_status":"closed","template":"","meta":{"_eb_attr":"","site-sidebar-layout":"no-sidebar","site-content-layout":"page-builder","ast-site-content-layout":"full-width-container","site-content-style":"default","site-sidebar-style":"default","ast-global-header-display":"","ast-banner-title-visibility":"","ast-main-header-display":"","ast-hfb-above-header-display":"","ast-hfb-below-header-display":"","ast-hfb-mobile-header-display":"","site-post-title":"disabled","ast-breadcrumbs-content":"","ast-featured-img":"disabled","footer-sml-layout":"","theme-transparent-header-meta":"","adv-header-id-meta":"","stick-header-meta":"","header-above-stick-meta":"","header-main-stick-meta":"","header-below-stick-meta":"","astra-migrate-meta-layouts":"set","ast-page-background-enabled":"default","ast-page-background-meta":{"desktop":{"background-color":"","background-image":"","background-repeat":"repeat","background-position":"center center","background-size":"auto","background-attachment":"scroll","background-type":"","background-media":"","overlay-type":"","overlay-color":"","overlay-gradient":""},"tablet":{"background-color":"","background-image":"","background-repeat":"repeat","background-position":"center center","background-size":"auto","background-attachment":"scroll","background-type":"","background-media":"","overlay-type":"","overlay-color":"","overlay-gradient":""},"mobile":{"background-color":"","background-image":"","background-repeat":"repeat","background-position":"center center","background-size":"auto","background-attachment":"scroll","background-type":"","background-media":"","overlay-type":"","overlay-color":"","overlay-gradient":""}},"ast-content-background-meta":{"desktop":{"background-color":"var(--ast-global-color-5)","background-image":"","background-repeat":"repeat","background-position":"center center","background-size":"auto","background-attachment":"scroll","background-type":"","background-media":"","overlay-type":"","overlay-color":"","overlay-gradient":""},"tablet":{"background-color":"var(--ast-global-color-5)","background-image":"","background-repeat":"repeat","background-position":"center center","background-size":"auto","background-attachment":"scroll","background-type":"","background-media":"","overlay-type":"","overlay-color":"","overlay-gradient":""},"mobile":{"background-color":"var(--ast-global-color-5)","background-image":"","background-repeat":"repeat","background-position":"center center","background-size":"auto","background-attachment":"scroll","background-type":"","background-media":"","overlay-type":"","overlay-color":"","overlay-gradient":""}},"_joinchat":[],"footnotes":""},"class_list":["post-4913","page","type-page","status-publish","has-post-thumbnail","hentry"],"jetpack_sharing_enabled":true,"_links":{"self":[{"href":"https:\/\/perubienal.com\/es\/wp-json\/wp\/v2\/pages\/4913","targetHints":{"allow":["GET"]}}],"collection":[{"href":"https:\/\/perubienal.com\/es\/wp-json\/wp\/v2\/pages"}],"about":[{"href":"https:\/\/perubienal.com\/es\/wp-json\/wp\/v2\/types\/page"}],"author":[{"embeddable":true,"href":"https:\/\/perubienal.com\/es\/wp-json\/wp\/v2\/users\/1"}],"replies":[{"embeddable":true,"href":"https:\/\/perubienal.com\/es\/wp-json\/wp\/v2\/comments?post=4913"}],"version-history":[{"count":181,"href":"https:\/\/perubienal.com\/es\/wp-json\/wp\/v2\/pages\/4913\/revisions"}],"predecessor-version":[{"id":11774,"href":"https:\/\/perubienal.com\/es\/wp-json\/wp\/v2\/pages\/4913\/revisions\/11774"}],"wp:featuredmedia":[{"embeddable":true,"href":"https:\/\/perubienal.com\/es\/wp-json\/wp\/v2\/media\/8204"}],"wp:attachment":[{"href":"https:\/\/perubienal.com\/es\/wp-json\/wp\/v2\/media?parent=4913"}],"curies":[{"name":"wp","href":"https:\/\/api.w.org\/{rel}","templated":true}]}}