{"id":5503,"date":"2024-05-24T00:12:36","date_gmt":"2024-05-23T22:12:36","guid":{"rendered":"https:\/\/perubienal.com\/?page_id=5503"},"modified":"2024-05-24T00:49:16","modified_gmt":"2024-05-23T22:49:16","slug":"2018-2","status":"publish","type":"page","link":"https:\/\/perubienal.com\/es\/2018-2\/","title":{"rendered":"2018"},"content":{"rendered":"<div data-elementor-type=\"wp-page\" data-elementor-id=\"5503\" class=\"elementor elementor-5503\">\n\t\t\t\t\t\t<section class=\"elementor-section elementor-top-section elementor-element elementor-element-v7gn5ew elementor-section-content-middle elementor-section-boxed elementor-section-height-default elementor-section-height-default\" data-id=\"v7gn5ew\" data-element_type=\"section\" data-settings=\"{&quot;background_background&quot;:&quot;classic&quot;}\">\n\t\t\t\t\t\t\t<div class=\"elementor-background-overlay\"><\/div>\n\t\t\t\t\t\t\t<div class=\"elementor-container elementor-column-gap-no\">\n\t\t\t\t\t<div class=\"elementor-column elementor-col-50 elementor-top-column elementor-element elementor-element-47d11e6\" data-id=\"47d11e6\" data-element_type=\"column\" data-settings=\"{&quot;background_background&quot;:&quot;classic&quot;}\">\n\t\t\t<div class=\"elementor-widget-wrap\">\n\t\t\t\t\t<div class=\"elementor-background-overlay\"><\/div>\n\t\t\t\t\t\t\t<\/div>\n\t\t<\/div>\n\t\t\t\t<div class=\"elementor-column elementor-col-50 elementor-top-column elementor-element elementor-element-e68dcfe\" data-id=\"e68dcfe\" data-element_type=\"column\">\n\t\t\t<div class=\"elementor-widget-wrap elementor-element-populated\">\n\t\t\t\t\t\t<div class=\"elementor-element elementor-element-ff0f137 elementor-widget elementor-widget-heading\" data-id=\"ff0f137\" data-element_type=\"widget\" data-widget_type=\"heading.default\">\n\t\t\t\t<div class=\"elementor-widget-container\">\n\t\t\t<style>\/*! elementor - v3.21.0 - 30-04-2024 *\/\n.elementor-heading-title{padding:0;margin:0;line-height:1}.elementor-widget-heading .elementor-heading-title[class*=elementor-size-]>a{color:inherit;font-size:inherit;line-height:inherit}.elementor-widget-heading .elementor-heading-title.elementor-size-small{font-size:15px}.elementor-widget-heading .elementor-heading-title.elementor-size-medium{font-size:19px}.elementor-widget-heading .elementor-heading-title.elementor-size-large{font-size:29px}.elementor-widget-heading .elementor-heading-title.elementor-size-xl{font-size:39px}.elementor-widget-heading .elementor-heading-title.elementor-size-xxl{font-size:59px}<\/style><h2 class=\"elementor-heading-title elementor-size-default\">Christopher Scott<\/h2>\t\t<\/div>\n\t\t\t\t<\/div>\n\t\t\t\t<div class=\"elementor-element elementor-element-db46bf1 elementor-widget elementor-widget-heading\" data-id=\"db46bf1\" data-element_type=\"widget\" data-widget_type=\"heading.default\">\n\t\t\t\t<div class=\"elementor-widget-container\">\n\t\t\t<h2 class=\"elementor-heading-title elementor-size-default\">Jurado Internacional<\/h2>\t\t<\/div>\n\t\t\t\t<\/div>\n\t\t\t\t<div class=\"elementor-element elementor-element-078daff elementor-widget elementor-widget-heading\" data-id=\"078daff\" data-element_type=\"widget\" data-widget_type=\"heading.default\">\n\t\t\t\t<div class=\"elementor-widget-container\">\n\t\t\t<h2 class=\"elementor-heading-title elementor-size-default\">Christopher Scott es un dise\u00f1ador galardonado internacionalmente. Nacido en Irlanda del Norte, recibi\u00f3 una licenciatura y una maestr\u00eda en dise\u00f1o de la Universidad de Ulster, Magee. Los conceptos de su trabajo son primordiales para sus im\u00e1genes, y su trabajo comunica mensajes fuertes y significativos con la humanidad en el centro de sus dise\u00f1os. Scott ha ganado m\u00e1s de 300 premios internacionales y ha sido reconocido por muchas organizaciones como WWF, International Poster Biennale Warsaw, Poster For Tomorrow, Amnesty International, Designboom, Moscow Global Biennale of Graphic Design Golden Bee, Adobe y recibi\u00f3 una medalla de plata en los International Design Awards y tambi\u00e9n 3 premios de oro en el prestigioso Graphis en Estados Unidos. Su trabajo ha sido expuesto en todo el mundo, incluyendo pa\u00edses como Ir\u00e1n, M\u00e9xico, Rusia, China, Corea, Ecuador, Alemania, Polonia, Italia, Per\u00fa, Corea, Estados Unidos y muchos m\u00e1s, incluyendo el Louvre en Par\u00eds, Francia. Ha sido miembro de varios jurados internacionales y tambi\u00e9n es cofundador de Poster Poster y fundador de Designers Speak. Scott tambi\u00e9n ha dado conferencias y talleres en pa\u00edses como China, Estados Unidos, Argentina, Ecuador, Indonesia, Venezuela, M\u00e9xico, Irlanda del Norte y Rusia. Actualmente es Profesor de Dise\u00f1o Gr\u00e1fico en la Universidad Estatal de Iowa, Profesor Invitado en la Universidad de Kragujevac en Serbia, Profesor Invitado en la Universidad Normal de la Capital en China y Ex Presidente y Fundador de la Bienal de Carteles de Ecuador.\n<\/h2>\t\t<\/div>\n\t\t\t\t<\/div>\n\t\t\t\t\t<\/div>\n\t\t<\/div>\n\t\t\t\t\t<\/div>\n\t\t<\/section>\n\t\t\t\t<section class=\"elementor-section elementor-top-section elementor-element elementor-element-aef2ea1 elementor-section-content-middle elementor-section-boxed elementor-section-height-default elementor-section-height-default\" data-id=\"aef2ea1\" data-element_type=\"section\" data-settings=\"{&quot;background_background&quot;:&quot;classic&quot;}\">\n\t\t\t\t\t\t\t<div class=\"elementor-background-overlay\"><\/div>\n\t\t\t\t\t\t\t<div class=\"elementor-container elementor-column-gap-no\">\n\t\t\t\t\t<div class=\"elementor-column elementor-col-50 elementor-top-column elementor-element elementor-element-857e3bc\" data-id=\"857e3bc\" data-element_type=\"column\" data-settings=\"{&quot;background_background&quot;:&quot;classic&quot;}\">\n\t\t\t<div class=\"elementor-widget-wrap\">\n\t\t\t\t\t<div class=\"elementor-background-overlay\"><\/div>\n\t\t\t\t\t\t\t<\/div>\n\t\t<\/div>\n\t\t\t\t<div class=\"elementor-column elementor-col-50 elementor-top-column elementor-element elementor-element-1b09dbf\" data-id=\"1b09dbf\" data-element_type=\"column\">\n\t\t\t<div class=\"elementor-widget-wrap elementor-element-populated\">\n\t\t\t\t\t\t<div class=\"elementor-element elementor-element-070396f elementor-widget elementor-widget-heading\" data-id=\"070396f\" data-element_type=\"widget\" data-widget_type=\"heading.default\">\n\t\t\t\t<div class=\"elementor-widget-container\">\n\t\t\t<h2 class=\"elementor-heading-title elementor-size-default\">Leo Eyer <\/h2>\t\t<\/div>\n\t\t\t\t<\/div>\n\t\t\t\t<div class=\"elementor-element elementor-element-24a88cc elementor-widget elementor-widget-heading\" data-id=\"24a88cc\" data-element_type=\"widget\" data-widget_type=\"heading.default\">\n\t\t\t\t<div class=\"elementor-widget-container\">\n\t\t\t<h2 class=\"elementor-heading-title elementor-size-default\">Jurado Internacional<\/h2>\t\t<\/div>\n\t\t\t\t<\/div>\n\t\t\t\t<div class=\"elementor-element elementor-element-f99013c elementor-widget elementor-widget-heading\" data-id=\"f99013c\" data-element_type=\"widget\" data-widget_type=\"heading.default\">\n\t\t\t\t<div class=\"elementor-widget-container\">\n\t\t\t<h2 class=\"elementor-heading-title elementor-size-default\">Leo Eyer es un dise\u00f1ador visionario impulsado por una b\u00fasqueda constante de nuevas expresiones, idiomas y materiales. Con un compromiso inquebrantable con la singularidad y el impacto, empuja continuamente los l\u00edmites del dise\u00f1o en todos sus proyectos. Como Director Creativo de WDG Group Brasil y CEO de Bold_a, Leo aporta su experiencia sin precedentes a la vanguardia de la industria. A lo largo de su distinguida carrera, ha obtenido un amplio reconocimiento, ganando numerosos premios en concursos y exposiciones tanto en Brasil como en el escenario internacional. Sus notables proyectos han aparecido en innumerables libros y revistas, consolidando su influencia y contribuyendo al discurso del dise\u00f1o. Leo Eyer tiene proyectos publicados en casi 50 libros y revistas nacionales e internacionales. Estudi\u00f3 Dise\u00f1o Gr\u00e1fico en la Escuela de Artes Visuales de Nueva York. Ha sido galardonado con varios premios: IF Design Awards, Brazil Design Awards, Brazilian House Museum Award, entre otros. El cautivador trabajo de Leo ha trascendido las fronteras geogr\u00e1ficas, dejando su huella en museos y galer\u00edas de Sudam\u00e9rica, Europa, Asia y Estados Unidos. Su capacidad para cautivar al p\u00fablico a trav\u00e9s del dise\u00f1o que invita a la reflexi\u00f3n lo ha convertido en una figura codiciada en la comunidad global del dise\u00f1o. Su enfoque innovador, combinado con su abundante creatividad y pasi\u00f3n sin igual, lo han posicionado como un pionero en el mundo del dise\u00f1o. Con una cartera que dice mucho sobre su talento y visi\u00f3n, Leo sigue inspirando y desafiando el status quo, dejando una marca indeleble en la industria\n<\/h2>\t\t<\/div>\n\t\t\t\t<\/div>\n\t\t\t\t\t<\/div>\n\t\t<\/div>\n\t\t\t\t\t<\/div>\n\t\t<\/section>\n\t\t\t\t<section class=\"elementor-section elementor-top-section elementor-element elementor-element-63b88e5 elementor-section-content-middle elementor-section-boxed elementor-section-height-default elementor-section-height-default\" data-id=\"63b88e5\" data-element_type=\"section\" data-settings=\"{&quot;background_background&quot;:&quot;classic&quot;}\">\n\t\t\t\t\t\t\t<div class=\"elementor-background-overlay\"><\/div>\n\t\t\t\t\t\t\t<div class=\"elementor-container elementor-column-gap-no\">\n\t\t\t\t\t<div class=\"elementor-column elementor-col-50 elementor-top-column elementor-element elementor-element-5aba1a9\" data-id=\"5aba1a9\" data-element_type=\"column\" data-settings=\"{&quot;background_background&quot;:&quot;classic&quot;}\">\n\t\t\t<div class=\"elementor-widget-wrap\">\n\t\t\t\t\t\t\t<\/div>\n\t\t<\/div>\n\t\t\t\t<div class=\"elementor-column elementor-col-50 elementor-top-column elementor-element elementor-element-4f7eaa2\" data-id=\"4f7eaa2\" data-element_type=\"column\">\n\t\t\t<div class=\"elementor-widget-wrap elementor-element-populated\">\n\t\t\t\t\t\t<div class=\"elementor-element elementor-element-926c59b elementor-widget elementor-widget-heading\" data-id=\"926c59b\" data-element_type=\"widget\" data-widget_type=\"heading.default\">\n\t\t\t\t<div class=\"elementor-widget-container\">\n\t\t\t<h2 class=\"elementor-heading-title elementor-size-default\">Gabriel M. Meave<\/h2>\t\t<\/div>\n\t\t\t\t<\/div>\n\t\t\t\t<div class=\"elementor-element elementor-element-0d96c36 elementor-widget elementor-widget-heading\" data-id=\"0d96c36\" data-element_type=\"widget\" data-widget_type=\"heading.default\">\n\t\t\t\t<div class=\"elementor-widget-container\">\n\t\t\t<h2 class=\"elementor-heading-title elementor-size-default\">Jurado Internacional<\/h2>\t\t<\/div>\n\t\t\t\t<\/div>\n\t\t\t\t<div class=\"elementor-element elementor-element-be92d0c elementor-widget elementor-widget-heading\" data-id=\"be92d0c\" data-element_type=\"widget\" data-widget_type=\"heading.default\">\n\t\t\t\t<div class=\"elementor-widget-container\">\n\t\t\t<h2 class=\"elementor-heading-title elementor-size-default\">Gabriel Mart\u00ednez Meave. Dise\u00f1ador, ilustrador, cal\u00edgrafo y tip\u00f3grafo. Trabaj\u00f3 en proyectos personales, editoriales, culturales y comerciales para clientes nacionales e internacionales desde su estudio en la Ciudad de M\u00e9xico. Su inspiraci\u00f3n est\u00e1 en todas partes, especialmente en la herencia profunda, diversa y gr\u00e1fica de su pa\u00eds.Su trabajo tiene t\u00e9cnicas tradicionales y digitales, desde l\u00e1pices hasta p\u00edxeles. He ejecutado proyectos para empresas globales como Warner Music, Google, Kellogg\u2019s, Pearson, Richmond, McMillan, Santillana, Siruela, Unilever; para Leo Burnett, J. W. Thompson, Lowe, Ogilvy&amp;Mather, Ter\u00e1nTBWA y otras agencias de publicidad, as\u00ed como instituciones mexicanas como el Instituto Nacional de Bellas Artes, Presidencia de la Rep\u00fablica, Fondo de Cultura Econ\u00f3mica y clientes nacionales como Grupo Modelo, Jos\u00e9 Cuervo, Maseca, Jumex, El Palacio de Hierro, Telcel, Cervecer\u00eda Cuauht\u00e9moc-Moctezuma y Gandhi. Su trabajo ha aparecido en revistas globales de dise\u00f1o e ilustraci\u00f3n como How, Communication Arts, Step, \u00c9tapes Graphiques, Page, Novum, Desktop, Visual, Tupigraf\u00eda, TPG, Dise\u00f1a, Matiz y a!Dise\u00f1o. Tambi\u00e9n ha aparecido en los libros Language Culture Type, Typography 21, 22 &amp; 29, Tres Logos, Type Navigator, Hand to Type, Play Loud! , Tipo 365, Marcas MEX y Dise\u00f1o Gr\u00e1fico en M\u00e9xico 100 A\u00f1os, entre otros. Ense\u00f1o en los colegios mexicanos de la Universidad Anahuac Xalapa y la Universidad de Celaya, as\u00ed como en la Universidad de Vigo en Pontevedra, Espa\u00f1a. Ha dado conferencias y talleres en muchas universidades, conferencias de dise\u00f1o y eventos en M\u00e9xico, Estados Unidos, Canad\u00e1, Espa\u00f1a, Suecia, Brasil, Argentina y la mayor\u00eda de los pa\u00edses de Am\u00e9rica Latina. Ha recibido varios premios, incluyendo cinco del Type Directors Club de Nueva York (TDC), dos de la Association Typographique Internationale (ATypI), as\u00ed como el Primer Premio de la Bienal Nacional de Dise\u00f1o en M\u00e9xico.<\/h2>\t\t<\/div>\n\t\t\t\t<\/div>\n\t\t\t\t\t<\/div>\n\t\t<\/div>\n\t\t\t\t\t<\/div>\n\t\t<\/section>\n\t\t\t\t<section class=\"elementor-section elementor-top-section elementor-element elementor-element-ce3435f elementor-section-content-middle elementor-section-boxed elementor-section-height-default elementor-section-height-default\" data-id=\"ce3435f\" data-element_type=\"section\" data-settings=\"{&quot;background_background&quot;:&quot;classic&quot;}\">\n\t\t\t\t\t\t\t<div class=\"elementor-background-overlay\"><\/div>\n\t\t\t\t\t\t\t<div class=\"elementor-container elementor-column-gap-no\">\n\t\t\t\t\t<div class=\"elementor-column elementor-col-50 elementor-top-column elementor-element elementor-element-fa6fde6\" data-id=\"fa6fde6\" data-element_type=\"column\" data-settings=\"{&quot;background_background&quot;:&quot;classic&quot;}\">\n\t\t\t<div class=\"elementor-widget-wrap\">\n\t\t\t\t\t<div class=\"elementor-background-overlay\"><\/div>\n\t\t\t\t\t\t\t<\/div>\n\t\t<\/div>\n\t\t\t\t<div class=\"elementor-column elementor-col-50 elementor-top-column elementor-element elementor-element-dce596f\" data-id=\"dce596f\" data-element_type=\"column\">\n\t\t\t<div class=\"elementor-widget-wrap elementor-element-populated\">\n\t\t\t\t\t\t<div class=\"elementor-element elementor-element-574e8fa elementor-widget elementor-widget-heading\" data-id=\"574e8fa\" data-element_type=\"widget\" data-widget_type=\"heading.default\">\n\t\t\t\t<div class=\"elementor-widget-container\">\n\t\t\t<h2 class=\"elementor-heading-title elementor-size-default\">Huimin Su<\/h2>\t\t<\/div>\n\t\t\t\t<\/div>\n\t\t\t\t<div class=\"elementor-element elementor-element-bad10f6 elementor-widget elementor-widget-heading\" data-id=\"bad10f6\" data-element_type=\"widget\" data-widget_type=\"heading.default\">\n\t\t\t\t<div class=\"elementor-widget-container\">\n\t\t\t<h2 class=\"elementor-heading-title elementor-size-default\">Jurado Internacional<\/h2>\t\t<\/div>\n\t\t\t\t<\/div>\n\t\t\t\t<div class=\"elementor-element elementor-element-2f65e94 elementor-widget elementor-widget-heading\" data-id=\"2f65e94\" data-element_type=\"widget\" data-widget_type=\"heading.default\">\n\t\t\t\t<div class=\"elementor-widget-container\">\n\t\t\t<h2 class=\"elementor-heading-title elementor-size-default\">Huimin Su De Shandong, China, Dise\u00f1ador y Curador, fundador del estudio \"HMSUEDesign\" (China). Miembro del Consejo Internacional de Dise\u00f1o (ico-D) (2015.03-2016.03) Miembro de la Asociaci\u00f3n de J\u00f3venes Artistas del Distrito de Laiwu, Ciudad de Jinan. Profesor del Instituto Vocacional de Tecnolog\u00eda de la Moda de Shangdong Uno de los ganadores del concurso de carteles y exposici\u00f3n \"Imagination 2030\" de las Naciones Unidas, Geneva Open Day Poster Contest and Exposition, ganadores de la sede de la ONU en Ginebra. Sus obras han ganado varios premios nacionales e internacionales y han sido exhibidas en la Sede de las Naciones Unidas, Ucrania, China, Corea del Sur, M\u00e9xico, Rusia, Ecuador, Rep\u00fablica Checa, Taiw\u00e1n, Alemania, Italia, Estados Unidos y Serbia. Jurado: 2023 A' Design Award &amp; Competition. Jurado Internacional, 2017 Muse Creative Awards Premio Internacional de Dise\u00f1o Creativo. Jurado Internacional, Copa de Dise\u00f1o 2018. Jurado Internacional, 2018 El Segundo Festival Nezareh de Artes y Cultura. Jurado Internacional, 2018 Bienal de Per\u00fa. Jurado Internacional\n<\/h2>\t\t<\/div>\n\t\t\t\t<\/div>\n\t\t\t\t\t<\/div>\n\t\t<\/div>\n\t\t\t\t\t<\/div>\n\t\t<\/section>\n\t\t\t\t<section class=\"elementor-section elementor-top-section elementor-element elementor-element-5722d3e elementor-section-content-middle elementor-section-boxed elementor-section-height-default elementor-section-height-default\" data-id=\"5722d3e\" data-element_type=\"section\" data-settings=\"{&quot;background_background&quot;:&quot;classic&quot;}\">\n\t\t\t\t\t\t\t<div class=\"elementor-background-overlay\"><\/div>\n\t\t\t\t\t\t\t<div class=\"elementor-container elementor-column-gap-no\">\n\t\t\t\t\t<div class=\"elementor-column elementor-col-50 elementor-top-column elementor-element elementor-element-407f8c2\" data-id=\"407f8c2\" data-element_type=\"column\" data-settings=\"{&quot;background_background&quot;:&quot;classic&quot;}\">\n\t\t\t<div class=\"elementor-widget-wrap\">\n\t\t\t\t\t\t\t<\/div>\n\t\t<\/div>\n\t\t\t\t<div class=\"elementor-column elementor-col-50 elementor-top-column elementor-element elementor-element-b087604\" data-id=\"b087604\" data-element_type=\"column\">\n\t\t\t<div class=\"elementor-widget-wrap elementor-element-populated\">\n\t\t\t\t\t\t<div class=\"elementor-element elementor-element-a2e2938 elementor-widget elementor-widget-heading\" data-id=\"a2e2938\" data-element_type=\"widget\" data-widget_type=\"heading.default\">\n\t\t\t\t<div class=\"elementor-widget-container\">\n\t\t\t<h2 class=\"elementor-heading-title elementor-size-default\">Susana Machicao<\/h2>\t\t<\/div>\n\t\t\t\t<\/div>\n\t\t\t\t<div class=\"elementor-element elementor-element-221ae1e elementor-widget elementor-widget-heading\" data-id=\"221ae1e\" data-element_type=\"widget\" data-widget_type=\"heading.default\">\n\t\t\t\t<div class=\"elementor-widget-container\">\n\t\t\t<h2 class=\"elementor-heading-title elementor-size-default\">Jurado Internacional<\/h2>\t\t<\/div>\n\t\t\t\t<\/div>\n\t\t\t\t<div class=\"elementor-element elementor-element-480bb8b elementor-widget elementor-widget-heading\" data-id=\"480bb8b\" data-element_type=\"widget\" data-widget_type=\"heading.default\">\n\t\t\t\t<div class=\"elementor-widget-container\">\n\t\t\t<h2 class=\"elementor-heading-title elementor-size-default\">Susana ha trabajado en varias agencias\/estudios dentro del equipo creativo en comunicaci\u00f3n y publicidad. As\u00ed como tambi\u00e9n form\u00f3 numerosos departamentos de dise\u00f1o, comunicaci\u00f3n y marketing en empresas de edici\u00f3n y productos masivos. Es l\u00edder indiscutible en todo lo que emprende y le gusta pertenecer a equipos con visi\u00f3n de crecimiento a mediano y largo plazo. Tiene una extraordinaria capacidad organizativa y multitarea, lo que le hace responder ante instancias bajo presi\u00f3n. Muy bueno con los equipos as\u00ed como con la visi\u00f3n estrat\u00e9gica del mundo moderno, las redes sociales y las comunicaciones.\nDesde su propio estudio ha realizado consultor\u00edas externas as\u00ed como montaje y direcci\u00f3n de espacios internos para diferentes instituciones nacionales e internacionales de desarrollo, educaci\u00f3n y sustentabilidad, as\u00ed como empresas privadas en los sectores de publicidad, editorial, consumo masivo, gastronom\u00eda y turismo. Como profesional est\u00e1 en constante movimiento y actualizaci\u00f3n. Le apasiona su trabajo, por lo que est\u00e1 abierta a compartir sus conocimientos en virtud de la b\u00fasqueda de resultados y \u00e9xito.\nEn 2016 obtuvo el Reconocimiento de Carrera y Profesional en Dise\u00f1o por la Universidad de Palermo en el Foro de Escuelas de Dise\u00f1o.\nSu trabajo ha sido publicado en Taschen Index Books, Rockport Publishers y Hexanine \/ How Publishers y ha expuesto en 45 ciudades. Ha sido jurado, conferenciante y profesora de taller. Embajador en el Consejo Latinoamericano de Embajadores del Dise\u00f1o de la Universidad de Palermo en Argentina. <span style=\"font-style: inherit; font-weight: inherit;\">Director de la Bienal de Poster Bolivia <\/span>BICeB\u00e9. Coordinador de Tipos Latinos, Bienal Latinoamericana de Tipograf\u00eda, en Bolivia, y otros.\n\n<\/h2>\t\t<\/div>\n\t\t\t\t<\/div>\n\t\t\t\t\t<\/div>\n\t\t<\/div>\n\t\t\t\t\t<\/div>\n\t\t<\/section>\n\t\t\t\t<\/div>","protected":false},"excerpt":{"rendered":"<p>Christopher Scott International Jury Christopher Scott is an internationally recognised award-winning designer. Born in Northern Ireland, he received both a bachelors and a Masters degree in Design from the University of Ulster, Magee. The concepts of his work are paramount to his visuals, and his work communicates strong and meaningful messages with humanity at the [&hellip;]<\/p>","protected":false},"author":1,"featured_media":0,"parent":0,"menu_order":0,"comment_status":"closed","ping_status":"closed","template":"","meta":{"_eb_attr":"","site-sidebar-layout":"no-sidebar","site-content-layout":"page-builder","ast-site-content-layout":"full-width-container","site-content-style":"default","site-sidebar-style":"default","ast-global-header-display":"","ast-banner-title-visibility":"","ast-main-header-display":"","ast-hfb-above-header-display":"","ast-hfb-below-header-display":"","ast-hfb-mobile-header-display":"","site-post-title":"disabled","ast-breadcrumbs-content":"","ast-featured-img":"disabled","footer-sml-layout":"","theme-transparent-header-meta":"","adv-header-id-meta":"","stick-header-meta":"","header-above-stick-meta":"","header-main-stick-meta":"","header-below-stick-meta":"","astra-migrate-meta-layouts":"set","ast-page-background-enabled":"default","ast-page-background-meta":{"desktop":{"background-color":"","background-image":"","background-repeat":"repeat","background-position":"center center","background-size":"auto","background-attachment":"scroll","background-type":"","background-media":"","overlay-type":"","overlay-color":"","overlay-gradient":""},"tablet":{"background-color":"","background-image":"","background-repeat":"repeat","background-position":"center center","background-size":"auto","background-attachment":"scroll","background-type":"","background-media":"","overlay-type":"","overlay-color":"","overlay-gradient":""},"mobile":{"background-color":"","background-image":"","background-repeat":"repeat","background-position":"center center","background-size":"auto","background-attachment":"scroll","background-type":"","background-media":"","overlay-type":"","overlay-color":"","overlay-gradient":""}},"ast-content-background-meta":{"desktop":{"background-color":"var(--ast-global-color-5)","background-image":"","background-repeat":"repeat","background-position":"center center","background-size":"auto","background-attachment":"scroll","background-type":"","background-media":"","overlay-type":"","overlay-color":"","overlay-gradient":""},"tablet":{"background-color":"var(--ast-global-color-5)","background-image":"","background-repeat":"repeat","background-position":"center center","background-size":"auto","background-attachment":"scroll","background-type":"","background-media":"","overlay-type":"","overlay-color":"","overlay-gradient":""},"mobile":{"background-color":"var(--ast-global-color-5)","background-image":"","background-repeat":"repeat","background-position":"center center","background-size":"auto","background-attachment":"scroll","background-type":"","background-media":"","overlay-type":"","overlay-color":"","overlay-gradient":""}},"_joinchat":[],"footnotes":""},"class_list":["post-5503","page","type-page","status-publish","hentry"],"jetpack_sharing_enabled":true,"_links":{"self":[{"href":"https:\/\/perubienal.com\/es\/wp-json\/wp\/v2\/pages\/5503","targetHints":{"allow":["GET"]}}],"collection":[{"href":"https:\/\/perubienal.com\/es\/wp-json\/wp\/v2\/pages"}],"about":[{"href":"https:\/\/perubienal.com\/es\/wp-json\/wp\/v2\/types\/page"}],"author":[{"embeddable":true,"href":"https:\/\/perubienal.com\/es\/wp-json\/wp\/v2\/users\/1"}],"replies":[{"embeddable":true,"href":"https:\/\/perubienal.com\/es\/wp-json\/wp\/v2\/comments?post=5503"}],"version-history":[{"count":28,"href":"https:\/\/perubienal.com\/es\/wp-json\/wp\/v2\/pages\/5503\/revisions"}],"predecessor-version":[{"id":5539,"href":"https:\/\/perubienal.com\/es\/wp-json\/wp\/v2\/pages\/5503\/revisions\/5539"}],"wp:attachment":[{"href":"https:\/\/perubienal.com\/es\/wp-json\/wp\/v2\/media?parent=5503"}],"curies":[{"name":"wp","href":"https:\/\/api.w.org\/{rel}","templated":true}]}}