{"id":7220,"date":"2024-09-12T06:03:31","date_gmt":"2024-09-12T04:03:31","guid":{"rendered":"https:\/\/perubienal.com\/?page_id=7220"},"modified":"2026-03-22T00:29:45","modified_gmt":"2026-03-21T23:29:45","slug":"about-us-copy","status":"publish","type":"page","link":"https:\/\/perubienal.com\/es\/about-us-copy\/","title":{"rendered":"About Us &#8211; Copy"},"content":{"rendered":"<div data-elementor-type=\"wp-page\" data-elementor-id=\"7220\" class=\"elementor elementor-7220\">\n\t\t\t\t<div class=\"elementor-element elementor-element-cfd4cfe e-flex e-con-boxed e-con e-parent\" data-id=\"cfd4cfe\" data-element_type=\"container\" data-settings=\"{&quot;background_background&quot;:&quot;classic&quot;}\">\n\t\t\t\t\t<div class=\"e-con-inner\">\n\t\t<div class=\"elementor-element elementor-element-4594d91 e-con-full e-flex e-con e-child\" data-id=\"4594d91\" data-element_type=\"container\">\n\t\t<div class=\"elementor-element elementor-element-ebc0b8c e-con-full e-flex e-con e-child\" data-id=\"ebc0b8c\" data-element_type=\"container\">\n\t\t<div class=\"elementor-element elementor-element-b672023 e-con-full e-flex e-con e-child\" data-id=\"b672023\" data-element_type=\"container\">\n\t\t\t\t<div class=\"elementor-element elementor-element-742d4a5 elementor-widget elementor-widget-heading\" data-id=\"742d4a5\" data-element_type=\"widget\" data-widget_type=\"heading.default\">\n\t\t\t\t<div class=\"elementor-widget-container\">\n\t\t\t<style>\/*! elementor - v3.21.0 - 30-04-2024 *\/\n.elementor-heading-title{padding:0;margin:0;line-height:1}.elementor-widget-heading .elementor-heading-title[class*=elementor-size-]>a{color:inherit;font-size:inherit;line-height:inherit}.elementor-widget-heading .elementor-heading-title.elementor-size-small{font-size:15px}.elementor-widget-heading .elementor-heading-title.elementor-size-medium{font-size:19px}.elementor-widget-heading .elementor-heading-title.elementor-size-large{font-size:29px}.elementor-widget-heading .elementor-heading-title.elementor-size-xl{font-size:39px}.elementor-widget-heading .elementor-heading-title.elementor-size-xxl{font-size:59px}<\/style><h1 class=\"elementor-heading-title elementor-size-default\">Peru Bienal<\/h1>\t\t<\/div>\n\t\t\t\t<\/div>\n\t\t\t\t<\/div>\n\t\t\t\t<\/div>\n\t\t<div class=\"elementor-element elementor-element-a5c7fec e-con-full e-flex e-con e-child\" data-id=\"a5c7fec\" data-element_type=\"container\">\n\t\t<div class=\"elementor-element elementor-element-fa143a5 e-con-full e-flex e-con e-child\" data-id=\"fa143a5\" data-element_type=\"container\">\n\t\t\t\t<div class=\"elementor-element elementor-element-6e73ce6 elementor-widget elementor-widget-heading\" data-id=\"6e73ce6\" data-element_type=\"widget\" data-widget_type=\"heading.default\">\n\t\t\t\t<div class=\"elementor-widget-container\">\n\t\t\t<h3 class=\"elementor-heading-title elementor-size-default\">Culture<br>Arte<br>History<\/h3>\t\t<\/div>\n\t\t\t\t<\/div>\n\t\t\t\t<\/div>\n\t\t\t\t<\/div>\n\t\t\t\t<\/div>\n\t\t\t\t\t<\/div>\n\t\t\t\t<\/div>\n\t\t\t\t<section class=\"elementor-section elementor-top-section elementor-element elementor-element-cnm8m2o elementor-section-content-middle elementor-section-boxed elementor-section-height-default elementor-section-height-default\" data-id=\"cnm8m2o\" data-element_type=\"section\" data-settings=\"{&quot;background_background&quot;:&quot;classic&quot;}\">\n\t\t\t\t\t\t\t<div class=\"elementor-background-overlay\"><\/div>\n\t\t\t\t\t\t\t<div class=\"elementor-container elementor-column-gap-no\">\n\t\t\t\t\t<div class=\"elementor-column elementor-col-50 elementor-top-column elementor-element elementor-element-5fcceb3\" data-id=\"5fcceb3\" data-element_type=\"column\">\n\t\t\t<div class=\"elementor-widget-wrap elementor-element-populated\">\n\t\t\t\t\t\t<div class=\"elementor-element elementor-element-1726a4d elementor-widget elementor-widget-image\" data-id=\"1726a4d\" data-element_type=\"widget\" data-widget_type=\"image.default\">\n\t\t\t\t<div class=\"elementor-widget-container\">\n\t\t\t<style>\/*! elementor - v3.21.0 - 30-04-2024 *\/\n.elementor-widget-image{text-align:center}.elementor-widget-image a{display:inline-block}.elementor-widget-image a img[src$=\".svg\"]{width:48px}.elementor-widget-image img{vertical-align:middle;display:inline-block}<\/style>\t\t\t\t\t\t\t\t\t\t<img fetchpriority=\"high\" decoding=\"async\" width=\"1024\" height=\"683\" src=\"https:\/\/perubienal.com\/wp-content\/uploads\/2024\/04\/moda-1024x683-1.jpg\" class=\"attachment-full size-full wp-image-1564\" alt=\"\" srcset=\"https:\/\/perubienal.com\/wp-content\/uploads\/2024\/04\/moda-1024x683-1.jpg 1024w, https:\/\/perubienal.com\/wp-content\/uploads\/2024\/04\/moda-1024x683-1-600x400.jpg 600w, https:\/\/perubienal.com\/wp-content\/uploads\/2024\/04\/moda-1024x683-1-300x200.jpg 300w, https:\/\/perubienal.com\/wp-content\/uploads\/2024\/04\/moda-1024x683-1-768x512.jpg 768w\" sizes=\"(max-width: 1024px) 100vw, 1024px\" \/>\t\t\t\t\t\t\t\t\t\t\t\t\t<\/div>\n\t\t\t\t<\/div>\n\t\t\t\t\t<\/div>\n\t\t<\/div>\n\t\t\t\t<div class=\"elementor-column elementor-col-50 elementor-top-column elementor-element elementor-element-04229e9\" data-id=\"04229e9\" data-element_type=\"column\">\n\t\t\t<div class=\"elementor-widget-wrap elementor-element-populated\">\n\t\t\t\t\t\t<div class=\"elementor-element elementor-element-bdb5955 elementor-widget elementor-widget-heading\" data-id=\"bdb5955\" data-element_type=\"widget\" data-widget_type=\"heading.default\">\n\t\t\t\t<div class=\"elementor-widget-container\">\n\t\t\t<h2 class=\"elementor-heading-title elementor-size-default\">Presidente<\/h2>\t\t<\/div>\n\t\t\t\t<\/div>\n\t\t\t\t<div class=\"elementor-element elementor-element-b1bbbe1 elementor-widget elementor-widget-text-editor\" data-id=\"b1bbbe1\" data-element_type=\"widget\" data-widget_type=\"text-editor.default\">\n\t\t\t\t<div class=\"elementor-widget-container\">\n\t\t\t<style>\/*! elementor - v3.21.0 - 30-04-2024 *\/\n.elementor-widget-text-editor.elementor-drop-cap-view-stacked .elementor-drop-cap{background-color:#69727d;color:#fff}.elementor-widget-text-editor.elementor-drop-cap-view-framed .elementor-drop-cap{color:#69727d;border:3px solid;background-color:transparent}.elementor-widget-text-editor:not(.elementor-drop-cap-view-default) .elementor-drop-cap{margin-top:8px}.elementor-widget-text-editor:not(.elementor-drop-cap-view-default) .elementor-drop-cap-letter{width:1em;height:1em}.elementor-widget-text-editor .elementor-drop-cap{float:left;text-align:center;line-height:1;font-size:50px}.elementor-widget-text-editor .elementor-drop-cap-letter{display:inline-block}<\/style>\t\t\t\t<p>Fidel\u00a0 C\u00e1rdenas\u00a0<\/p>\t\t\t\t\t\t<\/div>\n\t\t\t\t<\/div>\n\t\t\t\t<div class=\"elementor-element elementor-element-d8fc816 elementor-widget elementor-widget-heading\" data-id=\"d8fc816\" data-element_type=\"widget\" data-widget_type=\"heading.default\">\n\t\t\t\t<div class=\"elementor-widget-container\">\n\t\t\t<h2 class=\"elementor-heading-title elementor-size-default\">Directores Ejecutivos <\/h2>\t\t<\/div>\n\t\t\t\t<\/div>\n\t\t\t\t<div class=\"elementor-element elementor-element-c8c69b4 elementor-widget elementor-widget-text-editor\" data-id=\"c8c69b4\" data-element_type=\"widget\" data-widget_type=\"text-editor.default\">\n\t\t\t\t<div class=\"elementor-widget-container\">\n\t\t\t\t\t\t\t<p>Irena\u00a0 Betancourt \/\/ Pepe Indalecio \/\/ Antonio Reategui<\/p>\t\t\t\t\t\t<\/div>\n\t\t\t\t<\/div>\n\t\t\t\t<div class=\"elementor-element elementor-element-d2c8434 elementor-widget elementor-widget-heading\" data-id=\"d2c8434\" data-element_type=\"widget\" data-widget_type=\"heading.default\">\n\t\t\t\t<div class=\"elementor-widget-container\">\n\t\t\t<h2 class=\"elementor-heading-title elementor-size-default\">Comit\u00e9 Consultivo<\/h2>\t\t<\/div>\n\t\t\t\t<\/div>\n\t\t\t\t<div class=\"elementor-element elementor-element-9c95fd5 elementor-widget elementor-widget-text-editor\" data-id=\"9c95fd5\" data-element_type=\"widget\" data-widget_type=\"text-editor.default\">\n\t\t\t\t<div class=\"elementor-widget-container\">\n\t\t\t\t\t\t\t<p>Rosangela&nbsp; Arauco \/\/ Ana&nbsp; Di Maria \/\/ Dionissio Eslava\/\/ Andres Riveros\/\/ Jason Zu\u00f1iga<\/p>\n<p><\/p>\t\t\t\t\t\t<\/div>\n\t\t\t\t<\/div>\n\t\t\t\t\t<\/div>\n\t\t<\/div>\n\t\t\t\t\t<\/div>\n\t\t<\/section>\n\t\t\t\t<section class=\"elementor-section elementor-top-section elementor-element elementor-element-olwui6i elementor-section-content-middle elementor-reverse-mobile elementor-section-boxed elementor-section-height-default elementor-section-height-default\" data-id=\"olwui6i\" data-element_type=\"section\" data-settings=\"{&quot;background_background&quot;:&quot;classic&quot;}\">\n\t\t\t\t\t\t\t<div class=\"elementor-background-overlay\"><\/div>\n\t\t\t\t\t\t\t<div class=\"elementor-container elementor-column-gap-no\">\n\t\t\t\t\t<div class=\"elementor-column elementor-col-50 elementor-top-column elementor-element elementor-element-b0b74d8\" data-id=\"b0b74d8\" data-element_type=\"column\">\n\t\t\t<div class=\"elementor-widget-wrap elementor-element-populated\">\n\t\t\t\t\t\t<div class=\"elementor-element elementor-element-bfed4c6 elementor-widget elementor-widget-heading\" data-id=\"bfed4c6\" data-element_type=\"widget\" data-widget_type=\"heading.default\">\n\t\t\t\t<div class=\"elementor-widget-container\">\n\t\t\t<h2 class=\"elementor-heading-title elementor-size-default\">Comit\u00e9  de Bellas Artes <\/h2>\t\t<\/div>\n\t\t\t\t<\/div>\n\t\t\t\t<div class=\"elementor-element elementor-element-327f367 elementor-widget elementor-widget-text-editor\" data-id=\"327f367\" data-element_type=\"widget\" data-widget_type=\"text-editor.default\">\n\t\t\t\t<div class=\"elementor-widget-container\">\n\t\t\t\t\t\t\t<p>David Bravo \/\/\u00a0 Yessenia Camtabria\/\/ Tomas Izaulde \/\/ Camila Begazo\/\/ Agustina Vilela \/\/Esther\u00a0 Suazo \/\/ Isabel Leguia \/\/ Dionisio Zegarra \/\/ Isabel Ataucusi\/\/ Dina Segura<\/p>\t\t\t\t\t\t<\/div>\n\t\t\t\t<\/div>\n\t\t\t\t<div class=\"elementor-element elementor-element-e1e59dc elementor-widget elementor-widget-heading\" data-id=\"e1e59dc\" data-element_type=\"widget\" data-widget_type=\"heading.default\">\n\t\t\t\t<div class=\"elementor-widget-container\">\n\t\t\t<h2 class=\"elementor-heading-title elementor-size-default\">Comit\u00e9 de Comunicaci\u00f3n Visual <\/h2>\t\t<\/div>\n\t\t\t\t<\/div>\n\t\t\t\t<div class=\"elementor-element elementor-element-6681941 elementor-widget elementor-widget-text-editor\" data-id=\"6681941\" data-element_type=\"widget\" data-widget_type=\"text-editor.default\">\n\t\t\t\t<div class=\"elementor-widget-container\">\n\t\t\t\t\t\t\t<p>Sheyla Golzueta \/\/\u00a0 Edy Villegas\/\/\u00a0 Lucho\u00a0 Pineda\/\/ Teodulo Urquizo \/\/ Stefania\u00a0 Dancourt \/\/Bernardina Kempes \/\/ Moises Araoz\/\/ Ricardo Peruguia \/\/ Isabel Dancourt\/\/ Camilo Estrada\u00a0<\/p>\t\t\t\t\t\t<\/div>\n\t\t\t\t<\/div>\n\t\t\t\t<div class=\"elementor-element elementor-element-5bcdcf3 elementor-widget elementor-widget-heading\" data-id=\"5bcdcf3\" data-element_type=\"widget\" data-widget_type=\"heading.default\">\n\t\t\t\t<div class=\"elementor-widget-container\">\n\t\t\t<h2 class=\"elementor-heading-title elementor-size-default\">Comit\u00e9 de Artes Esc\u00e9nicas<\/h2>\t\t<\/div>\n\t\t\t\t<\/div>\n\t\t\t\t<div class=\"elementor-element elementor-element-93a5987 elementor-widget elementor-widget-text-editor\" data-id=\"93a5987\" data-element_type=\"widget\" data-widget_type=\"text-editor.default\">\n\t\t\t\t<div class=\"elementor-widget-container\">\n\t\t\t\t\t\t\t<p>Humberto Cardenas \/\/&nbsp; Danis&nbsp; Mogollon\/\/&nbsp; Isabel Isasi \/\/Rosa Kimper\/\/ Laly Segura \/\/&nbsp; Isabel&nbsp; Villegas&nbsp; \/\/Bernardo Antonioli \/\/ Ana&nbsp; Arbocco\/\/ Moises&nbsp; La Rosa&nbsp; \/\/ Isabel del Carpio\/\/&nbsp;<\/p>\t\t\t\t\t\t<\/div>\n\t\t\t\t<\/div>\n\t\t\t\t\t<\/div>\n\t\t<\/div>\n\t\t\t\t<div class=\"elementor-column elementor-col-50 elementor-top-column elementor-element elementor-element-51962fb\" data-id=\"51962fb\" data-element_type=\"column\" data-settings=\"{&quot;background_background&quot;:&quot;classic&quot;}\">\n\t\t\t<div class=\"elementor-widget-wrap elementor-element-populated\">\n\t\t\t\t\t\t<div class=\"elementor-element elementor-element-6315460 elementor-widget elementor-widget-image\" data-id=\"6315460\" data-element_type=\"widget\" data-widget_type=\"image.default\">\n\t\t\t\t<div class=\"elementor-widget-container\">\n\t\t\t\t\t\t\t\t\t\t\t\t\t<img decoding=\"async\" width=\"1920\" height=\"2560\" src=\"https:\/\/perubienal.com\/wp-content\/uploads\/2024\/05\/perubienal111-scaled.jpg\" class=\"attachment-full size-full wp-image-4291\" alt=\"\" srcset=\"https:\/\/perubienal.com\/wp-content\/uploads\/2024\/05\/perubienal111-scaled.jpg 1920w, https:\/\/perubienal.com\/wp-content\/uploads\/2024\/05\/perubienal111-scaled-600x800.jpg 600w, https:\/\/perubienal.com\/wp-content\/uploads\/2024\/05\/perubienal111-225x300.jpg 225w, https:\/\/perubienal.com\/wp-content\/uploads\/2024\/05\/perubienal111-768x1024.jpg 768w, https:\/\/perubienal.com\/wp-content\/uploads\/2024\/05\/perubienal111-1152x1536.jpg 1152w, https:\/\/perubienal.com\/wp-content\/uploads\/2024\/05\/perubienal111-1536x2048.jpg 1536w\" sizes=\"(max-width: 1920px) 100vw, 1920px\" \/>\t\t\t\t\t\t\t\t\t\t\t\t\t<\/div>\n\t\t\t\t<\/div>\n\t\t\t\t\t<\/div>\n\t\t<\/div>\n\t\t\t\t\t<\/div>\n\t\t<\/section>\n\t\t\t\t<section class=\"elementor-section elementor-top-section elementor-element elementor-element-z2xfq86 elementor-section-content-middle elementor-section-boxed elementor-section-height-default elementor-section-height-default\" data-id=\"z2xfq86\" data-element_type=\"section\" data-settings=\"{&quot;background_background&quot;:&quot;classic&quot;}\">\n\t\t\t\t\t\t<div class=\"elementor-container elementor-column-gap-no\">\n\t\t\t\t\t<div class=\"elementor-column elementor-col-100 elementor-top-column elementor-element elementor-element-1ee037f\" data-id=\"1ee037f\" data-element_type=\"column\">\n\t\t\t<div class=\"elementor-widget-wrap elementor-element-populated\">\n\t\t\t\t\t\t<div class=\"elementor-element elementor-element-85b2e2e elementor-widget elementor-widget-heading\" data-id=\"85b2e2e\" data-element_type=\"widget\" data-widget_type=\"heading.default\">\n\t\t\t\t<div class=\"elementor-widget-container\">\n\t\t\t<h2 class=\"elementor-heading-title elementor-size-default\">Industria Art\u00edstica  y Cultural<\/h2>\t\t<\/div>\n\t\t\t\t<\/div>\n\t\t\t\t<div class=\"elementor-element elementor-element-1066ee3 elementor-widget elementor-widget-text-editor\" data-id=\"1066ee3\" data-element_type=\"widget\" data-widget_type=\"text-editor.default\">\n\t\t\t\t<div class=\"elementor-widget-container\">\n\t\t\t\t\t\t\t<p data-start=\"115\" data-end=\"355\">Organizaciones internacionales distinguidas, empresas l\u00edderes en una amplia gama de sectores y reconocidos profesionales de todo el mundo han participado en la Bienal del Per\u00fa y forman parte de nuestro registro hist\u00f3rico oficial.<\/p>\n<p data-start=\"357\" data-end=\"1082\">Esta participaci\u00f3n global refleja el alcance internacional y la diversidad cultural de la Bienal, con representantes de los siguientes pa\u00edses: Per\u00fa, Argentina, Ecuador, Colombia, Chile, Georgia, Angola, Bolivia, Uruguay, Paraguay, Venezuela, Brasil, Costa Rica, Puerto Rico, Cuba, M\u00e9xico, Honduras, Estados Unidos, Espa\u00f1a, Alemania, Francia, Reino Unido, Suecia, Suiza, Rusia, Bielorrusia, Italia, Portugal, Bulgaria, Grecia, Eslovenia, Serbia, Croacia, Camer\u00fan, Egipto, Turqu\u00eda, Polonia, Macedonia del Norte, Ir\u00e1n, Bosnia y Herzegovina, Montenegro, Mongolia, Ucrania, Hungr\u00eda, Rep\u00fablica Checa, Cabo Verde, Congo, Nigeria, Eslovaquia, China, Taiw\u00e1n, Corea, Jap\u00f3n, India, Indonesia y Malasia.<\/p>\t\t\t\t\t\t<\/div>\n\t\t\t\t<\/div>\n\t\t\t\t\t<\/div>\n\t\t<\/div>\n\t\t\t\t\t<\/div>\n\t\t<\/section>\n\t\t<div class=\"elementor-element elementor-element-4b825df e-flex e-con-boxed e-con e-parent\" data-id=\"4b825df\" data-element_type=\"container\" data-settings=\"{&quot;background_background&quot;:&quot;classic&quot;}\">\n\t\t\t\t\t<div class=\"e-con-inner\">\n\t\t<div class=\"elementor-element elementor-element-b8dbd35 e-con-full e-flex e-con e-child\" data-id=\"b8dbd35\" data-element_type=\"container\">\n\t\t<div class=\"elementor-element elementor-element-6a4b933 e-con-full e-flex e-con e-child\" data-id=\"6a4b933\" data-element_type=\"container\">\n\t\t<div class=\"elementor-element elementor-element-f9439a5 e-con-full e-flex e-con e-child\" data-id=\"f9439a5\" data-element_type=\"container\">\n\t\t\t\t<div class=\"elementor-element elementor-element-1e6f131 elementor-widget elementor-widget-heading\" data-id=\"1e6f131\" data-element_type=\"widget\" data-widget_type=\"heading.default\">\n\t\t\t\t<div class=\"elementor-widget-container\">\n\t\t\t<h2 class=\"elementor-heading-title elementor-size-default\">Peru Bienal<\/h2>\t\t<\/div>\n\t\t\t\t<\/div>\n\t\t\t\t<div class=\"elementor-element elementor-element-7fd38f3 elementor-widget elementor-widget-heading\" data-id=\"7fd38f3\" data-element_type=\"widget\" data-widget_type=\"heading.default\">\n\t\t\t\t<div class=\"elementor-widget-container\">\n\t\t\t<h3 class=\"elementor-heading-title elementor-size-default\">Art| Culture | Heritage<\/h3>\t\t<\/div>\n\t\t\t\t<\/div>\n\t\t\t\t<\/div>\n\t\t\t\t<\/div>\n\t\t<div class=\"elementor-element elementor-element-a197418 e-flex e-con-boxed e-con e-child\" data-id=\"a197418\" data-element_type=\"container\">\n\t\t\t\t\t<div class=\"e-con-inner\">\n\t\t<div class=\"elementor-element elementor-element-2bd23fe e-con-full e-flex e-con e-child\" data-id=\"2bd23fe\" data-element_type=\"container\">\n\t\t\t\t<\/div>\n\t\t<div class=\"elementor-element elementor-element-2f6b6c5 e-con-full e-flex e-con e-child\" data-id=\"2f6b6c5\" data-element_type=\"container\">\n\t\t\t\t<div class=\"elementor-element elementor-element-b9459b7 elementor-widget elementor-widget-heading\" data-id=\"b9459b7\" data-element_type=\"widget\" data-widget_type=\"heading.default\">\n\t\t\t\t<div class=\"elementor-widget-container\">\n\t\t\t<h6 class=\"elementor-heading-title elementor-size-default\">Ll\u00e1menos:<\/h6>\t\t<\/div>\n\t\t\t\t<\/div>\n\t\t\t\t<div class=\"elementor-element elementor-element-ccc3aeb elementor-widget elementor-widget-heading\" data-id=\"ccc3aeb\" data-element_type=\"widget\" data-widget_type=\"heading.default\">\n\t\t\t\t<div class=\"elementor-widget-container\">\n\t\t\t<h3 class=\"elementor-heading-title elementor-size-default\">916 - 414807<\/h3>\t\t<\/div>\n\t\t\t\t<\/div>\n\t\t\t\t<\/div>\n\t\t\t\t\t<\/div>\n\t\t\t\t<\/div>\n\t\t\t\t<\/div>\n\t\t\t\t\t<\/div>\n\t\t\t\t<\/div>\n\t\t\t\t<\/div>","protected":false},"excerpt":{"rendered":"<p>Peru Bienal CultureArtHistory President Fidel\u00a0 C\u00e1rdenas\u00a0 Executive Directors Irena\u00a0 Betancourt \/\/ Pepe Indalecio \/\/ Antonio Reategui Advisory Committee Rosangela&nbsp; Arauco \/\/ Ana&nbsp; Di Maria \/\/ Dionissio Eslava\/\/ Andres Riveros\/\/ Jason Zu\u00f1iga Fine Arts Committee David Bravo \/\/\u00a0 Yessenia Camtabria\/\/ Tomas Izaulde \/\/ Camila Begazo\/\/ Agustina Vilela \/\/Esther\u00a0 Suazo \/\/ Isabel Leguia \/\/ Dionisio Zegarra \/\/ [&hellip;]<\/p>","protected":false},"author":1,"featured_media":0,"parent":0,"menu_order":0,"comment_status":"closed","ping_status":"closed","template":"","meta":{"_eb_attr":"","site-sidebar-layout":"no-sidebar","site-content-layout":"page-builder","ast-site-content-layout":"","site-content-style":"default","site-sidebar-style":"default","ast-global-header-display":"","ast-banner-title-visibility":"","ast-main-header-display":"","ast-hfb-above-header-display":"","ast-hfb-below-header-display":"","ast-hfb-mobile-header-display":"","site-post-title":"disabled","ast-breadcrumbs-content":"disabled","ast-featured-img":"disabled","footer-sml-layout":"","theme-transparent-header-meta":"enabled","adv-header-id-meta":"","stick-header-meta":"","header-above-stick-meta":"","header-main-stick-meta":"","header-below-stick-meta":"","astra-migrate-meta-layouts":"default","ast-page-background-enabled":"default","ast-page-background-meta":{"desktop":{"background-color":"","background-image":"","background-repeat":"repeat","background-position":"center center","background-size":"auto","background-attachment":"scroll","background-type":"","background-media":"","overlay-type":"","overlay-color":"","overlay-gradient":""},"tablet":{"background-color":"","background-image":"","background-repeat":"repeat","background-position":"center center","background-size":"auto","background-attachment":"scroll","background-type":"","background-media":"","overlay-type":"","overlay-color":"","overlay-gradient":""},"mobile":{"background-color":"","background-image":"","background-repeat":"repeat","background-position":"center center","background-size":"auto","background-attachment":"scroll","background-type":"","background-media":"","overlay-type":"","overlay-color":"","overlay-gradient":""}},"ast-content-background-meta":{"desktop":{"background-color":"var(--ast-global-color-5)","background-image":"","background-repeat":"repeat","background-position":"center center","background-size":"auto","background-attachment":"scroll","background-type":"","background-media":"","overlay-type":"","overlay-color":"","overlay-gradient":""},"tablet":{"background-color":"var(--ast-global-color-5)","background-image":"","background-repeat":"repeat","background-position":"center center","background-size":"auto","background-attachment":"scroll","background-type":"","background-media":"","overlay-type":"","overlay-color":"","overlay-gradient":""},"mobile":{"background-color":"var(--ast-global-color-5)","background-image":"","background-repeat":"repeat","background-position":"center center","background-size":"auto","background-attachment":"scroll","background-type":"","background-media":"","overlay-type":"","overlay-color":"","overlay-gradient":""}},"_joinchat":[],"footnotes":""},"class_list":["post-7220","page","type-page","status-publish","hentry"],"jetpack_sharing_enabled":true,"_links":{"self":[{"href":"https:\/\/perubienal.com\/es\/wp-json\/wp\/v2\/pages\/7220","targetHints":{"allow":["GET"]}}],"collection":[{"href":"https:\/\/perubienal.com\/es\/wp-json\/wp\/v2\/pages"}],"about":[{"href":"https:\/\/perubienal.com\/es\/wp-json\/wp\/v2\/types\/page"}],"author":[{"embeddable":true,"href":"https:\/\/perubienal.com\/es\/wp-json\/wp\/v2\/users\/1"}],"replies":[{"embeddable":true,"href":"https:\/\/perubienal.com\/es\/wp-json\/wp\/v2\/comments?post=7220"}],"version-history":[{"count":198,"href":"https:\/\/perubienal.com\/es\/wp-json\/wp\/v2\/pages\/7220\/revisions"}],"predecessor-version":[{"id":19420,"href":"https:\/\/perubienal.com\/es\/wp-json\/wp\/v2\/pages\/7220\/revisions\/19420"}],"wp:attachment":[{"href":"https:\/\/perubienal.com\/es\/wp-json\/wp\/v2\/media?parent=7220"}],"curies":[{"name":"wp","href":"https:\/\/api.w.org\/{rel}","templated":true}]}}