{"id":18917,"date":"2026-03-11T19:44:05","date_gmt":"2026-03-11T18:44:05","guid":{"rendered":"https:\/\/perubienal.com\/?post_type=product&#038;p=18917"},"modified":"2026-03-11T19:44:33","modified_gmt":"2026-03-11T18:44:33","slug":"unpacked","status":"publish","type":"product","link":"https:\/\/perubienal.com\/es\/product\/unpacked\/","title":{"rendered":"Unpacked: Danza Contempor\u00e1nea"},"content":{"rendered":"<p>Desde Estados Unidos <span class=\"html-span xexx8yu xyri2b x18d9i69 x1c1uobl x1hl2dhg x16tdsg8 x1vvkbs x3nfvp2 x1j61x8r x1fcty0u xdj266r xat24cr xm2jcoa x1mpyi22 xxymvpz xlup9mm x1kky2od\"><img decoding=\"async\" class=\"xz74otr x15mokao x1ga7v0g x16uus16 xbiv7yw\" src=\"https:\/\/static.xx.fbcdn.net\/images\/emoji.php\/v9\/t93\/1\/16\/1f1fa_1f1f8.png\" alt=\"\ud83c\uddfa\ud83c\uddf8\" width=\"16\" height=\"16\" \/><\/span> llega a Per\u00fa <span class=\"html-span xexx8yu xyri2b x18d9i69 x1c1uobl x1hl2dhg x16tdsg8 x1vvkbs x3nfvp2 x1j61x8r x1fcty0u xdj266r xat24cr xm2jcoa x1mpyi22 xxymvpz xlup9mm x1kky2od\"><img decoding=\"async\" class=\"xz74otr x15mokao x1ga7v0g x16uus16 xbiv7yw\" src=\"https:\/\/static.xx.fbcdn.net\/images\/emoji.php\/v9\/t71\/1\/16\/1f1f5_1f1ea.png\" alt=\"\ud83c\uddf5\ud83c\uddea\" width=\"16\" height=\"16\" \/><\/span> &#8220;Unpacked: A dance aventure&#8221;.Vibrante espect\u00e1culo de danza contempor\u00e1nea que conecta con p\u00fablicos diversos de todas las edades gracias a su m\u00fasica din\u00e1mica, su danza atl\u00e9tica y su profunda historia humana.<\/p>\n<p>Imperdible. Ultimas entradas disponibles!<\/p>","protected":false},"excerpt":{"rendered":"<p>Desde Estados Unidos llega a Per\u00fa &#8220;Unpacked: A dance aventure&#8221;.Vibrante espect\u00e1culo de danza contempor\u00e1nea que conecta con p\u00fablicos diversos de todas las edades gracias a su m\u00fasica din\u00e1mica, su danza atl\u00e9tica y su profunda historia humana. Imperdible. Ultimas entradas disponibles!<\/p>","protected":false},"featured_media":18827,"comment_status":"open","ping_status":"closed","template":"","meta":{"_eb_attr":"","site-sidebar-layout":"default","site-content-layout":"","ast-site-content-layout":"default","site-content-style":"default","site-sidebar-style":"default","ast-global-header-display":"","ast-banner-title-visibility":"","ast-main-header-display":"","ast-hfb-above-header-display":"","ast-hfb-below-header-display":"","ast-hfb-mobile-header-display":"","site-post-title":"","ast-breadcrumbs-content":"","ast-featured-img":"","footer-sml-layout":"","theme-transparent-header-meta":"default","adv-header-id-meta":"","stick-header-meta":"","header-above-stick-meta":"","header-main-stick-meta":"","header-below-stick-meta":"","astra-migrate-meta-layouts":"set","ast-page-background-enabled":"default","ast-page-background-meta":{"desktop":{"background-color":"","background-image":"","background-repeat":"repeat","background-position":"center center","background-size":"auto","background-attachment":"scroll","background-type":"","background-media":"","overlay-type":"","overlay-color":"","overlay-gradient":""},"tablet":{"background-color":"","background-image":"","background-repeat":"repeat","background-position":"center center","background-size":"auto","background-attachment":"scroll","background-type":"","background-media":"","overlay-type":"","overlay-color":"","overlay-gradient":""},"mobile":{"background-color":"","background-image":"","background-repeat":"repeat","background-position":"center center","background-size":"auto","background-attachment":"scroll","background-type":"","background-media":"","overlay-type":"","overlay-color":"","overlay-gradient":""}},"ast-content-background-meta":{"desktop":{"background-color":"var(--ast-global-color-5)","background-image":"","background-repeat":"repeat","background-position":"center center","background-size":"auto","background-attachment":"scroll","background-type":"","background-media":"","overlay-type":"","overlay-color":"","overlay-gradient":""},"tablet":{"background-color":"var(--ast-global-color-5)","background-image":"","background-repeat":"repeat","background-position":"center center","background-size":"auto","background-attachment":"scroll","background-type":"","background-media":"","overlay-type":"","overlay-color":"","overlay-gradient":""},"mobile":{"background-color":"var(--ast-global-color-5)","background-image":"","background-repeat":"repeat","background-position":"center center","background-size":"auto","background-attachment":"scroll","background-type":"","background-media":"","overlay-type":"","overlay-color":"","overlay-gradient":""}},"_joinchat":[]},"product_cat":[30],"product_tag":[],"class_list":{"0":"post-18917","1":"product","2":"type-product","3":"status-publish","4":"has-post-thumbnail","6":"product_cat-performances","7":"desktop-align-left","8":"tablet-align-left","9":"mobile-align-left","11":"first","12":"instock","13":"taxable","14":"shipping-taxable","15":"purchasable","16":"product-type-simple"},"jetpack_sharing_enabled":true,"_links":{"self":[{"href":"https:\/\/perubienal.com\/es\/wp-json\/wp\/v2\/product\/18917","targetHints":{"allow":["GET"]}}],"collection":[{"href":"https:\/\/perubienal.com\/es\/wp-json\/wp\/v2\/product"}],"about":[{"href":"https:\/\/perubienal.com\/es\/wp-json\/wp\/v2\/types\/product"}],"replies":[{"embeddable":true,"href":"https:\/\/perubienal.com\/es\/wp-json\/wp\/v2\/comments?post=18917"}],"wp:featuredmedia":[{"embeddable":true,"href":"https:\/\/perubienal.com\/es\/wp-json\/wp\/v2\/media\/18827"}],"wp:attachment":[{"href":"https:\/\/perubienal.com\/es\/wp-json\/wp\/v2\/media?parent=18917"}],"wp:term":[{"taxonomy":"product_cat","embeddable":true,"href":"https:\/\/perubienal.com\/es\/wp-json\/wp\/v2\/product_cat?post=18917"},{"taxonomy":"product_tag","embeddable":true,"href":"https:\/\/perubienal.com\/es\/wp-json\/wp\/v2\/product_tag?post=18917"}],"curies":[{"name":"wp","href":"https:\/\/api.w.org\/{rel}","templated":true}]}}